{"id":613,"date":"2020-01-08T20:37:59","date_gmt":"2020-01-08T19:37:59","guid":{"rendered":"https:\/\/test.feuerwehr-alsbach.de\/?page_id=613"},"modified":"2020-03-16T19:33:38","modified_gmt":"2020-03-16T18:33:38","slug":"blaulicht","status":"publish","type":"page","link":"https:\/\/www.feuerwehr-alsbach.de\/?page_id=613","title":{"rendered":"Blaulicht"},"content":{"rendered":"<div class=\"fusion-fullwidth fullwidth-box fusion-builder-row-1 nonhundred-percent-fullwidth non-hundred-percent-height-scrolling\" style=\"--awb-border-radius-top-left:0px;--awb-border-radius-top-right:0px;--awb-border-radius-bottom-right:0px;--awb-border-radius-bottom-left:0px;--awb-flex-wrap:wrap;\" ><div class=\"fusion-builder-row fusion-row\"><div class=\"fusion-layout-column fusion_builder_column fusion-builder-column-0 fusion_builder_column_1_1 1_1 fusion-one-full fusion-column-first fusion-column-last\" style=\"--awb-bg-size:cover;\"><div class=\"fusion-column-wrapper fusion-column-has-shadow fusion-flex-column-wrapper-legacy\"><div class=\"fusion-title title fusion-title-1 sep-underline sep-solid fusion-title-center fusion-title-text fusion-title-size-one\" style=\"--awb-margin-bottom:30px;--awb-margin-top-small:0px;--awb-margin-right-small:0px;--awb-margin-bottom-small:0px;--awb-margin-left-small:0px;\"><h1 class=\"fusion-title-heading title-heading-center\" style=\"margin:0;\"><p style=\"text-align: center;\"><i class=\"fb-icon-element-1 fb-icon-element fontawesome-icon fa fa-book circle-no fusion-text-flow\" style=\"--awb-iconcolor:#c60000;--awb-iconcolor-hover:#c60000;--awb-font-size:40px;--awb-margin-right:10px;--awb-margin-bottom:12px;\"><\/i>Blaulicht<\/p><\/h1><\/div><div class=\"fusion-text fusion-text-1\"><p><img decoding=\"async\" class=\"wp-image-1025 alignleft\" src=\"https:\/\/www.feuerwehr-alsbach.de\/wp-content\/uploads\/2020\/01\/Blaulicht_Dummy.jpg\" alt=\"\" width=\"275\" height=\"391\" srcset=\"https:\/\/www.feuerwehr-alsbach.de\/wp-content\/uploads\/2020\/01\/Blaulicht_Dummy-200x284.jpg 200w, https:\/\/www.feuerwehr-alsbach.de\/wp-content\/uploads\/2020\/01\/Blaulicht_Dummy-211x300.jpg 211w, https:\/\/www.feuerwehr-alsbach.de\/wp-content\/uploads\/2020\/01\/Blaulicht_Dummy-400x568.jpg 400w, https:\/\/www.feuerwehr-alsbach.de\/wp-content\/uploads\/2020\/01\/Blaulicht_Dummy.jpg 521w\" sizes=\"(max-width: 275px) 100vw, 275px\" \/>Im September 2005 entstand die Idee, Sie neben dem Internet auch in Schriftform \u00fcber das Geschehen Ihrer Feuerwehr zu informieren.<\/p>\n<p>Unter der Leitung des stellvertretenden Vereinsvorsitzenden Marco Hesser bildete sich eine Arbeitsgruppe. Kameraden aus allen Abteilungen der Wehr haben Informationen zusammengetragen, die wir Ihnen in der vorliegenden Brosch\u00fcre vorstellen werden.<\/p>\n<p>Wir m\u00f6chten Sie \u00fcber Veranstaltungen, wichtige Eins\u00e4tze und das Leben in der Feuerwehr informieren. Denn die Feuerwehr ist 24 Stunden, 365 Tage im Jahr f\u00fcr Sie einsatzbereit.<\/p>\n<p>Neben unserem Motto RETTEN &#8211; L\u00d6SCHEN &#8211; BERGEN &#8211; SCH\u00dcTZEN setzen wir uns auch in kulturellen Bereichen in unserer Gemeinde ein.<\/p>\n<p>Wenn Ihnen diese Art der Information gef\u00e4llt, geben Sie diese Brosch\u00fcre bitte an Freunde und Bekannte weiter.<br \/>\n<span style=\"color: var(--body_typography-color); font-family: var(--body_typography-font-family); font-size: var(--body_typography-font-size); font-style: var(--body_typography-font-style,normal); font-weight: var(--body_typography-font-weight); letter-spacing: var(--body_typography-letter-spacing);\"><br \/>\nHaben Sie Anregungen oder Vorschl\u00e4ge? Wir freuen uns \u00fcber Ihre R\u00fcckmeldungen.<\/span><\/p>\n<p style=\"padding-left: 80px; text-align: left;\">Ihre Redaktion Blaulicht<\/p>\n<\/div><div class=\"fusion-clearfix\"><\/div><\/div><\/div><\/div><\/div>\n","protected":false},"excerpt":{"rendered":"","protected":false},"author":1,"featured_media":0,"parent":441,"menu_order":0,"comment_status":"closed","ping_status":"closed","template":"","meta":{"footnotes":""},"class_list":["post-613","page","type-page","status-publish","hentry"],"_links":{"self":[{"href":"https:\/\/www.feuerwehr-alsbach.de\/index.php?rest_route=\/wp\/v2\/pages\/613","targetHints":{"allow":["GET"]}}],"collection":[{"href":"https:\/\/www.feuerwehr-alsbach.de\/index.php?rest_route=\/wp\/v2\/pages"}],"about":[{"href":"https:\/\/www.feuerwehr-alsbach.de\/index.php?rest_route=\/wp\/v2\/types\/page"}],"author":[{"embeddable":true,"href":"https:\/\/www.feuerwehr-alsbach.de\/index.php?rest_route=\/wp\/v2\/users\/1"}],"replies":[{"embeddable":true,"href":"https:\/\/www.feuerwehr-alsbach.de\/index.php?rest_route=%2Fwp%2Fv2%2Fcomments&post=613"}],"version-history":[{"count":39,"href":"https:\/\/www.feuerwehr-alsbach.de\/index.php?rest_route=\/wp\/v2\/pages\/613\/revisions"}],"predecessor-version":[{"id":2422,"href":"https:\/\/www.feuerwehr-alsbach.de\/index.php?rest_route=\/wp\/v2\/pages\/613\/revisions\/2422"}],"up":[{"embeddable":true,"href":"https:\/\/www.feuerwehr-alsbach.de\/index.php?rest_route=\/wp\/v2\/pages\/441"}],"wp:attachment":[{"href":"https:\/\/www.feuerwehr-alsbach.de\/index.php?rest_route=%2Fwp%2Fv2%2Fmedia&parent=613"}],"curies":[{"name":"wp","href":"https:\/\/api.w.org\/{rel}","templated":true}]}}