{"id":462,"date":"2020-01-07T22:31:35","date_gmt":"2020-01-07T21:31:35","guid":{"rendered":"https:\/\/test.feuerwehr-alsbach.de\/?page_id=462"},"modified":"2020-02-22T14:11:26","modified_gmt":"2020-02-22T13:11:26","slug":"blog-kinderfeuerwehr","status":"publish","type":"page","link":"https:\/\/www.feuerwehr-alsbach.de\/?page_id=462","title":{"rendered":"Blog Kinderfeuerwehr"},"content":{"rendered":"<div class=\"fusion-fullwidth fullwidth-box fusion-builder-row-1 nonhundred-percent-fullwidth non-hundred-percent-height-scrolling\" style=\"--awb-border-radius-top-left:0px;--awb-border-radius-top-right:0px;--awb-border-radius-bottom-right:0px;--awb-border-radius-bottom-left:0px;--awb-flex-wrap:wrap;\" ><div class=\"fusion-builder-row fusion-row\"><div class=\"fusion-layout-column fusion_builder_column fusion-builder-column-0 fusion_builder_column_1_1 1_1 fusion-one-full fusion-column-first fusion-column-last\" style=\"--awb-bg-size:cover;\"><div class=\"fusion-column-wrapper fusion-column-has-shadow fusion-flex-column-wrapper-legacy\"><div class=\"fusion-title title fusion-title-1 sep-underline sep-solid fusion-title-center fusion-title-text fusion-title-size-one\" style=\"--awb-margin-bottom:30px;--awb-margin-top-small:0px;--awb-margin-right-small:0px;--awb-margin-bottom-small:0px;--awb-margin-left-small:0px;\"><h1 class=\"fusion-title-heading title-heading-center\" style=\"margin:0;\"><p style=\"text-align: center;\"><i class=\"fb-icon-element-1 fb-icon-element fontawesome-icon fa-file-alt far circle-no fusion-text-flow\" style=\"--awb-iconcolor:#c60000;--awb-iconcolor-hover:#c60000;--awb-font-size:40px;--awb-margin-right:10px;--awb-margin-bottom:12px;\"><\/i>Blog Kinderfeuerwehr<\/p><\/h1><\/div><div class=\"fusion-blog-shortcode fusion-blog-shortcode-1 fusion-blog-archive fusion-blog-layout-medium fusion-blog-pagination\"><div class=\"fusion-posts-container fusion-posts-container-pagination fusion-blog-rollover\" data-pages=\"2\"><article id=\"blog-1-post-3836\" class=\"fusion-post-medium post-3836 post type-post status-publish format-standard has-post-thumbnail hentry category-allgemein category-blog-ehren-und-altersabteilung category-blog-einsatzabteilung category-blog-fanfarenzug category-blog-jugendfeuerwehr category-blog-kinderfeuerwehr category-blog-verein\">\n\t<style type=\"text\/css\">\n\t\t\n\t\t\n\t\t\n\t\t\n\t\t\t<\/style>\n\n\n\t\t\t<div class=\"fusion-flexslider flexslider fusion-flexslider-loading fusion-post-slideshow\" style=\"\">\n\t\t<ul class=\"slides\">\n\t\t\t\n\t\t\t\t\t\t\t\t\t\t\t\t\t\t<li><div  class=\"fusion-image-wrapper fusion-image-size-fixed\" aria-haspopup=\"true\">\n\t\t\t\t<img decoding=\"async\" width=\"320\" height=\"202\" src=\"https:\/\/www.feuerwehr-alsbach.de\/wp-content\/uploads\/2023\/02\/jhv_einladung-320x202.jpg\" class=\"attachment-blog-medium size-blog-medium wp-post-image\" alt=\"\" srcset=\"https:\/\/www.feuerwehr-alsbach.de\/wp-content\/uploads\/2023\/02\/jhv_einladung-320x202.jpg 320w, https:\/\/www.feuerwehr-alsbach.de\/wp-content\/uploads\/2023\/02\/jhv_einladung-700x441.jpg 700w\" sizes=\"(max-width: 320px) 100vw, 320px\" \/><div class=\"fusion-rollover\">\n\t<div class=\"fusion-rollover-content\">\n\n\t\t\t\t\t\t\t\t\t\t\t\t\t\t<a class=\"fusion-rollover-link\" href=\"https:\/\/www.feuerwehr-alsbach.de\/?p=3836\">Einladung zur Jahreshauptversammlung am 24.03.2023<\/a>\n\t\t\t\n\t\t\t\t\t\t\t\t\n\t\t\n\t\t\t\t\t\t\t\t\n\t\t\t\t\t\t\t\t\n\t\t\n\t\t\t\t\t\t<a class=\"fusion-link-wrapper\" href=\"https:\/\/www.feuerwehr-alsbach.de\/?p=3836\" aria-label=\"Einladung zur Jahreshauptversammlung am 24.03.2023\"><\/a>\n\t<\/div>\n<\/div>\n<\/div>\n<\/li>\n\t\t\t\n\t\t\t\n\t\t\t\t\t\t\t\t\t\t\t\t\t\t\t\t\t\t\t\t\t\t\t\t\t\t\t\t\t\t\t\t\t\t\t\t\t\t\t\t\t\t\t\t\t\t\t\t\t\t\t\t\t\t\t\t\t\t\t\t\t\t\t\t\t\t\t\t<\/ul>\n\t<\/div>\n\t<div class=\"fusion-post-content post-content\"><h2 class=\"blog-shortcode-post-title entry-title\"><a href=\"https:\/\/www.feuerwehr-alsbach.de\/?p=3836\">Einladung zur Jahreshauptversammlung am 24.03.2023<\/a><\/h2><div class=\"fusion-post-content-container\"><p>      <\/p><\/div><\/div><div class=\"fusion-clearfix\"><\/div><div class=\"fusion-meta-info\"><div class=\"fusion-alignleft\"><span class=\"vcard\" style=\"display: none;\"><span class=\"fn\"><a href=\"https:\/\/www.feuerwehr-alsbach.de\/?author=1\" title=\"Beitr\u00e4ge von doerr_c\" rel=\"author\">doerr_c<\/a><\/span><\/span><span class=\"updated\" style=\"display:none;\">2023-02-21T19:43:43+01:00<\/span><span>Dienstag, 21. Februar 2023<\/span><span class=\"fusion-inline-sep\">|<\/span><\/div><div class=\"fusion-alignright\"><a class=\"fusion-read-more\" href=\"https:\/\/www.feuerwehr-alsbach.de\/?p=3836\" aria-label=\"More on Einladung zur Jahreshauptversammlung am 24.03.2023\">Weiterlesen<\/a><\/div><\/div><\/article>\n<article id=\"blog-1-post-3715\" class=\"fusion-post-medium post-3715 post type-post status-publish format-standard has-post-thumbnail hentry category-blog-jugendfeuerwehr category-blog-kinderfeuerwehr\">\n\t<style type=\"text\/css\">\n\t\t\n\t\t\n\t\t\n\t\t\n\t\t\t<\/style>\n\n\n\t\t\t<div class=\"fusion-flexslider flexslider fusion-flexslider-loading fusion-post-slideshow\" style=\"\">\n\t\t<ul class=\"slides\">\n\t\t\t\n\t\t\t\t\t\t\t\t\t\t\t\t\t\t<li><div  class=\"fusion-image-wrapper fusion-image-size-fixed\" aria-haspopup=\"true\">\n\t\t\t\t<img decoding=\"async\" width=\"320\" height=\"202\" src=\"https:\/\/www.feuerwehr-alsbach.de\/wp-content\/uploads\/2022\/10\/jf_hinkelsteinschule_2022_002-320x202.jpg\" class=\"attachment-blog-medium size-blog-medium wp-post-image\" alt=\"\" srcset=\"https:\/\/www.feuerwehr-alsbach.de\/wp-content\/uploads\/2022\/10\/jf_hinkelsteinschule_2022_002-320x202.jpg 320w, https:\/\/www.feuerwehr-alsbach.de\/wp-content\/uploads\/2022\/10\/jf_hinkelsteinschule_2022_002-700x441.jpg 700w\" sizes=\"(max-width: 320px) 100vw, 320px\" \/><div class=\"fusion-rollover\">\n\t<div class=\"fusion-rollover-content\">\n\n\t\t\t\t\t\t\t\t\t\t\t\t\t\t<a class=\"fusion-rollover-link\" href=\"https:\/\/www.feuerwehr-alsbach.de\/?p=3715\">Schulfest der Hinkelstein Schule<\/a>\n\t\t\t\n\t\t\t\t\t\t\t\t\n\t\t\n\t\t\t\t\t\t\t\t\n\t\t\t\t\t\t\t\t\n\t\t\n\t\t\t\t\t\t<a class=\"fusion-link-wrapper\" href=\"https:\/\/www.feuerwehr-alsbach.de\/?p=3715\" aria-label=\"Schulfest der Hinkelstein Schule\"><\/a>\n\t<\/div>\n<\/div>\n<\/div>\n<\/li>\n\t\t\t\n\t\t\t\n\t\t\t\t\t\t\t\t\t\t\t\t\t\t\t\t\t\t\t\t\t\t\t\t\t\t\t\t\t\t\t\t\t\t\t\t\t\t\t\t\t\t\t\t\t\t\t\t\t\t\t\t\t\t\t\t\t\t\t\t\t\t\t\t\t\t\t\t<\/ul>\n\t<\/div>\n\t<div class=\"fusion-post-content post-content\"><h2 class=\"blog-shortcode-post-title entry-title\"><a href=\"https:\/\/www.feuerwehr-alsbach.de\/?p=3715\">Schulfest der Hinkelstein Schule<\/a><\/h2><div class=\"fusion-post-content-container\"><p>  Schulfest der Hinkelstein Schule Heute Vormittag waren wir zusammen mit der Kinderfeuerwehr, auf dem Schulfest der Hinkelstein Schule. Neben unserem Stand, konnten die Kinder viele verschiedene Aktionen bei uns machen.       <\/p><\/div><\/div><div class=\"fusion-clearfix\"><\/div><div class=\"fusion-meta-info\"><div class=\"fusion-alignleft\"><span class=\"vcard\" style=\"display: none;\"><span class=\"fn\"><a href=\"https:\/\/www.feuerwehr-alsbach.de\/?author=1\" title=\"Beitr\u00e4ge von doerr_c\" rel=\"author\">doerr_c<\/a><\/span><\/span><span class=\"updated\" style=\"display:none;\">2022-10-29T13:51:29+02:00<\/span><span>Samstag, 17. September 2022<\/span><span class=\"fusion-inline-sep\">|<\/span><\/div><div class=\"fusion-alignright\"><a class=\"fusion-read-more\" href=\"https:\/\/www.feuerwehr-alsbach.de\/?p=3715\" aria-label=\"More on Schulfest der Hinkelstein Schule\">Weiterlesen<\/a><\/div><\/div><\/article>\n<article id=\"blog-1-post-3600\" class=\"fusion-post-medium post-3600 post type-post status-publish format-standard has-post-thumbnail hentry category-blog-ehren-und-altersabteilung category-blog-einsatzabteilung category-blog-fanfarenzug category-blog-jugendfeuerwehr category-blog-kinderfeuerwehr category-blog-verein\">\n\t<style type=\"text\/css\">\n\t\t\n\t\t\n\t\t\n\t\t\n\t\t\t<\/style>\n\n\n\t\t\t<div class=\"fusion-flexslider flexslider fusion-flexslider-loading fusion-post-slideshow\" style=\"\">\n\t\t<ul class=\"slides\">\n\t\t\t\n\t\t\t\t\t\t\t\t\t\t\t\t\t\t<li><div  class=\"fusion-image-wrapper fusion-image-size-fixed\" aria-haspopup=\"true\">\n\t\t\t\t<img decoding=\"async\" width=\"320\" height=\"202\" src=\"https:\/\/www.feuerwehr-alsbach.de\/wp-content\/uploads\/2022\/05\/tdot_2022_termin-320x202.jpg\" class=\"attachment-blog-medium size-blog-medium wp-post-image\" alt=\"\" srcset=\"https:\/\/www.feuerwehr-alsbach.de\/wp-content\/uploads\/2022\/05\/tdot_2022_termin-320x202.jpg 320w, https:\/\/www.feuerwehr-alsbach.de\/wp-content\/uploads\/2022\/05\/tdot_2022_termin-700x441.jpg 700w\" sizes=\"(max-width: 320px) 100vw, 320px\" \/><div class=\"fusion-rollover\">\n\t<div class=\"fusion-rollover-content\">\n\n\t\t\t\t\t\t\t\t\t\t\t\t\t\t<a class=\"fusion-rollover-link\" href=\"https:\/\/www.feuerwehr-alsbach.de\/?p=3600\">Tag der offenen T\u00fcr am 15. Mai 2022<\/a>\n\t\t\t\n\t\t\t\t\t\t\t\t\n\t\t\n\t\t\t\t\t\t\t\t\n\t\t\t\t\t\t\t\t\n\t\t\n\t\t\t\t\t\t<a class=\"fusion-link-wrapper\" href=\"https:\/\/www.feuerwehr-alsbach.de\/?p=3600\" aria-label=\"Tag der offenen T\u00fcr am 15. Mai 2022\"><\/a>\n\t<\/div>\n<\/div>\n<\/div>\n<\/li>\n\t\t\t\n\t\t\t\n\t\t\t\t\t\t\t\t\t\t\t\t\t\t\t\t\t\t\t\t\t\t\t\t\t\t\t\t\t\t\t\t\t\t\t\t\t\t\t\t\t\t\t\t\t\t\t\t\t\t\t\t\t\t\t\t\t\t\t\t\t\t\t\t\t\t\t\t<\/ul>\n\t<\/div>\n\t<div class=\"fusion-post-content post-content\"><h2 class=\"blog-shortcode-post-title entry-title\"><a href=\"https:\/\/www.feuerwehr-alsbach.de\/?p=3600\">Tag der offenen T\u00fcr am 15. Mai 2022<\/a><\/h2><div class=\"fusion-post-content-container\"><p>   Tag der offenen T\u00fcr am 15. Mai 2022       Die Feuerwehr Alsbach l\u00e4dt wieder ein zum \u201eTag der offenen T\u00fcr\u201c Am Sonntag, den 15. Mai findet von 10 bis 17 Uhr auf dem Gel\u00e4nde der Feuerwehr Alsbach endlich wieder ein \u201eTag der offenen T\u00fcr\u201c statt, zu dem die Bev\u00f6lkerung herzlich eingeladen ist. Mit dabei ist selbstverst\u00e4ndlich wieder der DRK-Ortsverband. Auch die Feuerwehren [...]<\/p><\/div><\/div><div class=\"fusion-clearfix\"><\/div><div class=\"fusion-meta-info\"><div class=\"fusion-alignleft\"><span class=\"vcard\" style=\"display: none;\"><span class=\"fn\"><a href=\"https:\/\/www.feuerwehr-alsbach.de\/?author=1\" title=\"Beitr\u00e4ge von doerr_c\" rel=\"author\">doerr_c<\/a><\/span><\/span><span class=\"updated\" style=\"display:none;\">2022-05-13T20:17:40+02:00<\/span><span>Sonntag, 1. Mai 2022<\/span><span class=\"fusion-inline-sep\">|<\/span><\/div><div class=\"fusion-alignright\"><a class=\"fusion-read-more\" href=\"https:\/\/www.feuerwehr-alsbach.de\/?p=3600\" aria-label=\"More on Tag der offenen T\u00fcr am 15. Mai 2022\">Weiterlesen<\/a><\/div><\/div><\/article>\n<article id=\"blog-1-post-2929\" class=\"fusion-post-medium post-2929 post type-post status-publish format-standard has-post-thumbnail hentry category-blog-kinderfeuerwehr\">\n\t<style type=\"text\/css\">\n\t\t\n\t\t\n\t\t\n\t\t\n\t\t\t<\/style>\n\n\n\t\t\t<div class=\"fusion-flexslider flexslider fusion-flexslider-loading fusion-post-slideshow\" style=\"\">\n\t\t<ul class=\"slides\">\n\t\t\t\n\t\t\t\t\t\t\t\t\t\t\t\t\t\t<li><div  class=\"fusion-image-wrapper fusion-image-size-fixed\" aria-haspopup=\"true\">\n\t\t\t\t<img decoding=\"async\" width=\"320\" height=\"202\" src=\"https:\/\/www.feuerwehr-alsbach.de\/wp-content\/uploads\/2020\/10\/Spende_DM-320x202.jpeg\" class=\"attachment-blog-medium size-blog-medium wp-post-image\" alt=\"\" srcset=\"https:\/\/www.feuerwehr-alsbach.de\/wp-content\/uploads\/2020\/10\/Spende_DM-320x202.jpeg 320w, https:\/\/www.feuerwehr-alsbach.de\/wp-content\/uploads\/2020\/10\/Spende_DM-700x441.jpeg 700w\" sizes=\"(max-width: 320px) 100vw, 320px\" \/><div class=\"fusion-rollover\">\n\t<div class=\"fusion-rollover-content\">\n\n\t\t\t\t\t\t\t\t\t\t\t\t\t\t<a class=\"fusion-rollover-link\" href=\"https:\/\/www.feuerwehr-alsbach.de\/?p=2929\">&#8222;Jetzt Herz zeigen&#8220; Spendenaktion der dm-Sozialinitiative<\/a>\n\t\t\t\n\t\t\t\t\t\t\t\t\n\t\t\n\t\t\t\t\t\t\t\t\n\t\t\t\t\t\t\t\t\n\t\t\n\t\t\t\t\t\t<a class=\"fusion-link-wrapper\" href=\"https:\/\/www.feuerwehr-alsbach.de\/?p=2929\" aria-label=\"&#8222;Jetzt Herz zeigen&#8220; Spendenaktion der dm-Sozialinitiative\"><\/a>\n\t<\/div>\n<\/div>\n<\/div>\n<\/li>\n\t\t\t\n\t\t\t\n\t\t\t\t\t\t\t\t\t\t\t\t\t\t\t\t\t\t\t\t\t\t\t\t\t\t\t\t\t\t\t\t\t\t\t\t\t\t\t\t\t\t\t\t\t\t\t\t\t\t\t\t\t\t\t\t\t\t\t\t\t\t\t\t\t\t\t\t<\/ul>\n\t<\/div>\n\t<div class=\"fusion-post-content post-content\"><h2 class=\"blog-shortcode-post-title entry-title\"><a href=\"https:\/\/www.feuerwehr-alsbach.de\/?p=2929\">&#8222;Jetzt Herz zeigen&#8220; Spendenaktion der dm-Sozialinitiative<\/a><\/h2><div class=\"fusion-post-content-container\"><p>  dm-Aktion \"Jetzt Herz zeigen\"  Die dm-Sozialinitiative HelferHerzen veranstaltete am 28.09.2020 einen bundesweiten Spendentag. Der dm-Markt in der Pfarrtanne w\u00e4hlte als sein Herzensprojekt f\u00fcr die Aktion \"Jetzt Herz zeigen\" unsere Kinderfeuerwehr. So konnten unsere Leiterinnen der\u00a0 Kinderfeuerwehr Ines Teske und Sylvia Vetter am 08.10.2020 freudig eine Spende in der beachtlichen H\u00f6he von 672,78 \u20ac, von Filialleiterin Mechthild Sch\u00f6lkes entgegennehmen. Von dieser Spende werden w\u00e4rmende Jacken f\u00fcr unsere j\u00fcngsten [...]<\/p><\/div><\/div><div class=\"fusion-clearfix\"><\/div><div class=\"fusion-meta-info\"><div class=\"fusion-alignleft\"><span class=\"vcard\" style=\"display: none;\"><span class=\"fn\"><a href=\"https:\/\/www.feuerwehr-alsbach.de\/?author=2\" title=\"Beitr\u00e4ge von Jan Seidlitz\" rel=\"author\">Jan Seidlitz<\/a><\/span><\/span><span class=\"updated\" style=\"display:none;\">2020-10-11T12:25:12+02:00<\/span><span>Donnerstag, 8. Oktober 2020<\/span><span class=\"fusion-inline-sep\">|<\/span><\/div><div class=\"fusion-alignright\"><a class=\"fusion-read-more\" href=\"https:\/\/www.feuerwehr-alsbach.de\/?p=2929\" aria-label=\"More on &#8222;Jetzt Herz zeigen&#8220; Spendenaktion der dm-Sozialinitiative\">Weiterlesen<\/a><\/div><\/div><\/article>\n<article id=\"blog-1-post-1637\" class=\"fusion-post-medium post-1637 post type-post status-publish format-standard has-post-thumbnail hentry category-blog-kinderfeuerwehr\">\n\t<style type=\"text\/css\">\n\t\t\n\t\t\n\t\t\n\t\t\n\t\t\t<\/style>\n\n\n\t\t\t<div class=\"fusion-flexslider flexslider fusion-flexslider-loading fusion-post-slideshow\" style=\"\">\n\t\t<ul class=\"slides\">\n\t\t\t\n\t\t\t\t\t\t\t\t\t\t\t\t\t\t<li><div  class=\"fusion-image-wrapper fusion-image-size-fixed\" aria-haspopup=\"true\">\n\t\t\t\t<img decoding=\"async\" width=\"320\" height=\"202\" src=\"https:\/\/www.feuerwehr-alsbach.de\/wp-content\/uploads\/2018\/11\/IMG_20181110_153848-320x202.jpg\" class=\"attachment-blog-medium size-blog-medium wp-post-image\" alt=\"\" srcset=\"https:\/\/www.feuerwehr-alsbach.de\/wp-content\/uploads\/2018\/11\/IMG_20181110_153848-320x202.jpg 320w, https:\/\/www.feuerwehr-alsbach.de\/wp-content\/uploads\/2018\/11\/IMG_20181110_153848-700x441.jpg 700w\" sizes=\"(max-width: 320px) 100vw, 320px\" \/><div class=\"fusion-rollover\">\n\t<div class=\"fusion-rollover-content\">\n\n\t\t\t\t\t\t\t\t\t\t\t\t\t\t<a class=\"fusion-rollover-link\" href=\"https:\/\/www.feuerwehr-alsbach.de\/?p=1637\">Kinderfeuerwehr baut Feuerwache auf<\/a>\n\t\t\t\n\t\t\t\t\t\t\t\t\n\t\t\n\t\t\t\t\t\t\t\t\n\t\t\t\t\t\t\t\t\n\t\t\n\t\t\t\t\t\t<a class=\"fusion-link-wrapper\" href=\"https:\/\/www.feuerwehr-alsbach.de\/?p=1637\" aria-label=\"Kinderfeuerwehr baut Feuerwache auf\"><\/a>\n\t<\/div>\n<\/div>\n<\/div>\n<\/li>\n\t\t\t\n\t\t\t\n\t\t\t\t\t\t\t\t\t\t\t\t\t\t\t\t\t\t\t\t\t\t\t\t\t\t\t\t\t\t\t\t\t\t\t\t\t\t\t\t\t\t\t\t\t\t\t\t\t\t\t\t\t\t\t\t\t\t\t\t\t\t\t\t\t\t\t\t<\/ul>\n\t<\/div>\n\t<div class=\"fusion-post-content post-content\"><h2 class=\"blog-shortcode-post-title entry-title\"><a href=\"https:\/\/www.feuerwehr-alsbach.de\/?p=1637\">Kinderfeuerwehr baut Feuerwache auf<\/a><\/h2><div class=\"fusion-post-content-container\"><p>   Kinderfeuerwehr baut Feuerwache auf  In unserem Unterricht am 10.11.2018 haben wir unsere neue Spielzeugfeuerwache aus Playmobil aufgebaut. Die Kinder waren mit gro\u00dfer Freude dabei und haben schnell alles auf- und zusammengebaut. Sie wussten auch genau was welches Fahrzeug kann. Vielen Dank an dieser Stelle an die Gemeinde Alsbach-H\u00e4hnlein, welche uns bei der Anschaffung finanziell unterst\u00fctzt hat. Wir freuen uns nun auf den n\u00e4chsten Unterricht im Dezember, [...]<\/p><\/div><\/div><div class=\"fusion-clearfix\"><\/div><div class=\"fusion-meta-info\"><div class=\"fusion-alignleft\"><span class=\"vcard\" style=\"display: none;\"><span class=\"fn\"><a href=\"https:\/\/www.feuerwehr-alsbach.de\/?author=2\" title=\"Beitr\u00e4ge von Jan Seidlitz\" rel=\"author\">Jan Seidlitz<\/a><\/span><\/span><span class=\"updated\" style=\"display:none;\">2020-03-01T10:01:08+01:00<\/span><span>Samstag, 10. November 2018<\/span><span class=\"fusion-inline-sep\">|<\/span><\/div><div class=\"fusion-alignright\"><a class=\"fusion-read-more\" href=\"https:\/\/www.feuerwehr-alsbach.de\/?p=1637\" aria-label=\"More on Kinderfeuerwehr baut Feuerwache auf\">Weiterlesen<\/a><\/div><\/div><\/article>\n<article id=\"blog-1-post-1639\" class=\"fusion-post-medium post-1639 post type-post status-publish format-standard has-post-thumbnail hentry category-blog-kinderfeuerwehr\">\n\t<style type=\"text\/css\">\n\t\t\n\t\t\n\t\t\n\t\t\n\t\t\t<\/style>\n\n\n\t\t\t<div class=\"fusion-flexslider flexslider fusion-flexslider-loading fusion-post-slideshow\" style=\"\">\n\t\t<ul class=\"slides\">\n\t\t\t\n\t\t\t\t\t\t\t\t\t\t\t\t\t\t<li><div  class=\"fusion-image-wrapper fusion-image-size-fixed\" aria-haspopup=\"true\">\n\t\t\t\t<img decoding=\"async\" width=\"320\" height=\"202\" src=\"https:\/\/www.feuerwehr-alsbach.de\/wp-content\/uploads\/2018\/10\/IMG_20181018_152532-320x202.jpg\" class=\"attachment-blog-medium size-blog-medium wp-post-image\" alt=\"\" srcset=\"https:\/\/www.feuerwehr-alsbach.de\/wp-content\/uploads\/2018\/10\/IMG_20181018_152532-320x202.jpg 320w, https:\/\/www.feuerwehr-alsbach.de\/wp-content\/uploads\/2018\/10\/IMG_20181018_152532-700x441.jpg 700w\" sizes=\"(max-width: 320px) 100vw, 320px\" \/><div class=\"fusion-rollover\">\n\t<div class=\"fusion-rollover-content\">\n\n\t\t\t\t\t\t\t\t\t\t\t\t\t\t<a class=\"fusion-rollover-link\" href=\"https:\/\/www.feuerwehr-alsbach.de\/?p=1639\">DM Drogerie spendet f\u00fcr Kinderfeuerwehr<\/a>\n\t\t\t\n\t\t\t\t\t\t\t\t\n\t\t\n\t\t\t\t\t\t\t\t\n\t\t\t\t\t\t\t\t\n\t\t\n\t\t\t\t\t\t<a class=\"fusion-link-wrapper\" href=\"https:\/\/www.feuerwehr-alsbach.de\/?p=1639\" aria-label=\"DM Drogerie spendet f\u00fcr Kinderfeuerwehr\"><\/a>\n\t<\/div>\n<\/div>\n<\/div>\n<\/li>\n\t\t\t\n\t\t\t\n\t\t\t\t\t\t\t\t\t\t\t\t\t\t\t\t\t\t\t\t\t\t\t\t\t\t\t\t\t\t\t\t\t\t\t\t\t\t\t\t\t\t\t\t\t\t\t\t\t\t\t\t\t\t\t\t\t\t\t\t\t\t\t\t\t\t\t\t<\/ul>\n\t<\/div>\n\t<div class=\"fusion-post-content post-content\"><h2 class=\"blog-shortcode-post-title entry-title\"><a href=\"https:\/\/www.feuerwehr-alsbach.de\/?p=1639\">DM Drogerie spendet f\u00fcr Kinderfeuerwehr<\/a><\/h2><div class=\"fusion-post-content-container\"><p>   DM Drogerie spendet f\u00fcr Kinderfeuerwehr  Im Rahmen der Spendenaktion \u201eHelferherzen\u201c, bei der sich DM Drogeriemarkt f\u00fcr ehrenamtliche Arbeiten einsetzt, waren wir am 21.09.2018 in der DM Filiale in Alsbach um uns vorzustellen und die Leute zu informieren, was wir tun. Es gab eine Abstimmung zwischen zwei Vereinen, von denen wir mit der Kinderfeuerwehr mehr Stimmen der Kunden bekamen. Daher erhielten wir am 18.10.2018 in der Filiale [...]<\/p><\/div><\/div><div class=\"fusion-clearfix\"><\/div><div class=\"fusion-meta-info\"><div class=\"fusion-alignleft\"><span class=\"vcard\" style=\"display: none;\"><span class=\"fn\"><a href=\"https:\/\/www.feuerwehr-alsbach.de\/?author=2\" title=\"Beitr\u00e4ge von Jan Seidlitz\" rel=\"author\">Jan Seidlitz<\/a><\/span><\/span><span class=\"updated\" style=\"display:none;\">2020-03-01T10:02:06+01:00<\/span><span>Donnerstag, 18. Oktober 2018<\/span><span class=\"fusion-inline-sep\">|<\/span><\/div><div class=\"fusion-alignright\"><a class=\"fusion-read-more\" href=\"https:\/\/www.feuerwehr-alsbach.de\/?p=1639\" aria-label=\"More on DM Drogerie spendet f\u00fcr Kinderfeuerwehr\">Weiterlesen<\/a><\/div><\/div><\/article>\n<\/div><div class=\"pagination clearfix\"><span class=\"current\">1<\/span><a href=\"https:\/\/www.feuerwehr-alsbach.de\/index.php?rest_route=%2Fwp%2Fv2%2Fpages%2F462&#038;paged=2\" class=\"inactive\">2<\/a><a class=\"pagination-next\" rel=\"next\" href=\"https:\/\/www.feuerwehr-alsbach.de\/index.php?rest_route=%2Fwp%2Fv2%2Fpages%2F462&#038;paged=2\"><span class=\"page-text\">Vor<\/span><span class=\"page-next\"><\/span><\/a><\/div><div class=\"fusion-clearfix\"><\/div><\/div><div class=\"fusion-clearfix\"><\/div><\/div><\/div><\/div><\/div>\n","protected":false},"excerpt":{"rendered":"","protected":false},"author":2,"featured_media":0,"parent":456,"menu_order":0,"comment_status":"closed","ping_status":"closed","template":"","meta":{"footnotes":""},"class_list":["post-462","page","type-page","status-publish","hentry"],"_links":{"self":[{"href":"https:\/\/www.feuerwehr-alsbach.de\/index.php?rest_route=\/wp\/v2\/pages\/462","targetHints":{"allow":["GET"]}}],"collection":[{"href":"https:\/\/www.feuerwehr-alsbach.de\/index.php?rest_route=\/wp\/v2\/pages"}],"about":[{"href":"https:\/\/www.feuerwehr-alsbach.de\/index.php?rest_route=\/wp\/v2\/types\/page"}],"author":[{"embeddable":true,"href":"https:\/\/www.feuerwehr-alsbach.de\/index.php?rest_route=\/wp\/v2\/users\/2"}],"replies":[{"embeddable":true,"href":"https:\/\/www.feuerwehr-alsbach.de\/index.php?rest_route=%2Fwp%2Fv2%2Fcomments&post=462"}],"version-history":[{"count":4,"href":"https:\/\/www.feuerwehr-alsbach.de\/index.php?rest_route=\/wp\/v2\/pages\/462\/revisions"}],"predecessor-version":[{"id":1535,"href":"https:\/\/www.feuerwehr-alsbach.de\/index.php?rest_route=\/wp\/v2\/pages\/462\/revisions\/1535"}],"up":[{"embeddable":true,"href":"https:\/\/www.feuerwehr-alsbach.de\/index.php?rest_route=\/wp\/v2\/pages\/456"}],"wp:attachment":[{"href":"https:\/\/www.feuerwehr-alsbach.de\/index.php?rest_route=%2Fwp%2Fv2%2Fmedia&parent=462"}],"curies":[{"name":"wp","href":"https:\/\/api.w.org\/{rel}","templated":true}]}}