{"id":453,"date":"2020-01-07T22:30:39","date_gmt":"2020-01-07T21:30:39","guid":{"rendered":"https:\/\/test.feuerwehr-alsbach.de\/?page_id=453"},"modified":"2020-02-22T14:11:48","modified_gmt":"2020-02-22T13:11:48","slug":"blog-jugendfeuerwehr","status":"publish","type":"page","link":"https:\/\/www.feuerwehr-alsbach.de\/?page_id=453","title":{"rendered":"Blog Jugendfeuerwehr"},"content":{"rendered":"<div class=\"fusion-fullwidth fullwidth-box fusion-builder-row-1 nonhundred-percent-fullwidth non-hundred-percent-height-scrolling\" style=\"--awb-border-radius-top-left:0px;--awb-border-radius-top-right:0px;--awb-border-radius-bottom-right:0px;--awb-border-radius-bottom-left:0px;--awb-flex-wrap:wrap;\" ><div class=\"fusion-builder-row fusion-row\"><div class=\"fusion-layout-column fusion_builder_column fusion-builder-column-0 fusion_builder_column_1_1 1_1 fusion-one-full fusion-column-first fusion-column-last\" style=\"--awb-bg-size:cover;\"><div class=\"fusion-column-wrapper fusion-column-has-shadow fusion-flex-column-wrapper-legacy\"><div class=\"fusion-title title fusion-title-1 sep-underline sep-solid fusion-title-center fusion-title-text fusion-title-size-one\" style=\"--awb-margin-bottom:30px;--awb-margin-top-small:0px;--awb-margin-right-small:0px;--awb-margin-bottom-small:0px;--awb-margin-left-small:0px;\"><h1 class=\"fusion-title-heading title-heading-center\" style=\"margin:0;\"><p style=\"text-align: center;\"><i class=\"fb-icon-element-1 fb-icon-element fontawesome-icon fa-file-alt far circle-no fusion-text-flow\" style=\"--awb-iconcolor:#c60000;--awb-iconcolor-hover:#c60000;--awb-font-size:40px;--awb-margin-right:10px;--awb-margin-bottom:12px;\"><\/i>Blog Jugendfeuerwehr<\/p><\/h1><\/div><div class=\"fusion-blog-shortcode fusion-blog-shortcode-1 fusion-blog-archive fusion-blog-layout-medium fusion-blog-pagination\"><div class=\"fusion-posts-container fusion-posts-container-pagination fusion-blog-rollover\" data-pages=\"5\"><article id=\"blog-1-post-4254\" class=\"fusion-post-medium post-4254 post type-post status-publish format-standard has-post-thumbnail hentry category-blog-jugendfeuerwehr\">\n\t<style type=\"text\/css\">\n\t\t\n\t\t\n\t\t\n\t\t\n\t\t\t<\/style>\n\n\n\t\t\t<div class=\"fusion-flexslider flexslider fusion-flexslider-loading fusion-post-slideshow\" style=\"\">\n\t\t<ul class=\"slides\">\n\t\t\t\n\t\t\t\t\t\t\t\t\t\t\t\t\t\t<li><div  class=\"fusion-image-wrapper fusion-image-size-fixed\" aria-haspopup=\"true\">\n\t\t\t\t<img decoding=\"async\" width=\"320\" height=\"202\" src=\"https:\/\/www.feuerwehr-alsbach.de\/wp-content\/uploads\/2026\/03\/flohmarkt_2026_jf-320x202.jpg\" class=\"attachment-blog-medium size-blog-medium wp-post-image\" alt=\"\" srcset=\"https:\/\/www.feuerwehr-alsbach.de\/wp-content\/uploads\/2026\/03\/flohmarkt_2026_jf-320x202.jpg 320w, https:\/\/www.feuerwehr-alsbach.de\/wp-content\/uploads\/2026\/03\/flohmarkt_2026_jf-700x441.jpg 700w\" sizes=\"(max-width: 320px) 100vw, 320px\" \/><div class=\"fusion-rollover\">\n\t<div class=\"fusion-rollover-content\">\n\n\t\t\t\t\t\t\t\t\t\t\t\t\t\t<a class=\"fusion-rollover-link\" href=\"https:\/\/www.feuerwehr-alsbach.de\/?p=4254\">Anmeldung Flohmarkt 19.04.2026<\/a>\n\t\t\t\n\t\t\t\t\t\t\t\t\n\t\t\n\t\t\t\t\t\t\t\t\n\t\t\t\t\t\t\t\t\n\t\t\n\t\t\t\t\t\t<a class=\"fusion-link-wrapper\" href=\"https:\/\/www.feuerwehr-alsbach.de\/?p=4254\" aria-label=\"Anmeldung Flohmarkt 19.04.2026\"><\/a>\n\t<\/div>\n<\/div>\n<\/div>\n<\/li>\n\t\t\t\n\t\t\t\n\t\t\t\t\t\t\t\t\t\t\t\t\t\t\t\t\t\t\t\t\t\t\t\t\t\t\t\t\t\t\t\t\t\t\t\t\t\t\t\t\t\t\t\t\t\t\t\t\t\t\t\t\t\t\t\t\t\t\t\t\t\t\t\t\t\t\t\t<\/ul>\n\t<\/div>\n\t<div class=\"fusion-post-content post-content\"><h2 class=\"blog-shortcode-post-title entry-title\"><a href=\"https:\/\/www.feuerwehr-alsbach.de\/?p=4254\">Anmeldung Flohmarkt 19.04.2026<\/a><\/h2><div class=\"fusion-post-content-container\"><p> Anmeldung Flohmarkt 19.04.2026    Die Jugendfeuerwehr Alsbach veranstaltet am Sonntag, den 19.04.2026 wieder einen Flohmarkt. Das Anmeldeformular finden Sie hier: Anmeldeformular Bei R\u00fcckfragen zu der Veranstaltung bitte per Mail an jf@feuerwehr-alsbach.de wenden.    <\/p><\/div><\/div><div class=\"fusion-clearfix\"><\/div><div class=\"fusion-meta-info\"><div class=\"fusion-alignleft\"><span class=\"vcard\" style=\"display: none;\"><span class=\"fn\"><a href=\"https:\/\/www.feuerwehr-alsbach.de\/?author=1\" title=\"Beitr\u00e4ge von doerr_c\" rel=\"author\">doerr_c<\/a><\/span><\/span><span class=\"updated\" style=\"display:none;\">2026-03-23T18:42:27+01:00<\/span><span>Freitag, 20. M\u00e4rz 2026<\/span><span class=\"fusion-inline-sep\">|<\/span><\/div><div class=\"fusion-alignright\"><a class=\"fusion-read-more\" href=\"https:\/\/www.feuerwehr-alsbach.de\/?p=4254\" aria-label=\"More on Anmeldung Flohmarkt 19.04.2026\">Weiterlesen<\/a><\/div><\/div><\/article>\n<article id=\"blog-1-post-4182\" class=\"fusion-post-medium post-4182 post type-post status-publish format-standard has-post-thumbnail hentry category-blog-jugendfeuerwehr category-blog-verein\">\n\t<style type=\"text\/css\">\n\t\t\n\t\t\n\t\t\n\t\t\n\t\t\t<\/style>\n\n\n\t\t\t<div class=\"fusion-flexslider flexslider fusion-flexslider-loading fusion-post-slideshow\" style=\"\">\n\t\t<ul class=\"slides\">\n\t\t\t\n\t\t\t\t\t\t\t\t\t\t\t\t\t\t<li><div  class=\"fusion-image-wrapper fusion-image-size-fixed\" aria-haspopup=\"true\">\n\t\t\t\t<img decoding=\"async\" width=\"320\" height=\"202\" src=\"https:\/\/www.feuerwehr-alsbach.de\/wp-content\/uploads\/2024\/12\/weihnachtsbaumsammlung-320x202.jpg\" class=\"attachment-blog-medium size-blog-medium wp-post-image\" alt=\"\" srcset=\"https:\/\/www.feuerwehr-alsbach.de\/wp-content\/uploads\/2024\/12\/weihnachtsbaumsammlung-320x202.jpg 320w, https:\/\/www.feuerwehr-alsbach.de\/wp-content\/uploads\/2024\/12\/weihnachtsbaumsammlung-700x441.jpg 700w\" sizes=\"(max-width: 320px) 100vw, 320px\" \/><div class=\"fusion-rollover\">\n\t<div class=\"fusion-rollover-content\">\n\n\t\t\t\t\t\t\t\t\t\t\t\t\t\t<a class=\"fusion-rollover-link\" href=\"https:\/\/www.feuerwehr-alsbach.de\/?p=4182\">Weihnachtsbaum-Aktion 2025<\/a>\n\t\t\t\n\t\t\t\t\t\t\t\t\n\t\t\n\t\t\t\t\t\t\t\t\n\t\t\t\t\t\t\t\t\n\t\t\n\t\t\t\t\t\t<a class=\"fusion-link-wrapper\" href=\"https:\/\/www.feuerwehr-alsbach.de\/?p=4182\" aria-label=\"Weihnachtsbaum-Aktion 2025\"><\/a>\n\t<\/div>\n<\/div>\n<\/div>\n<\/li>\n\t\t\t\n\t\t\t\n\t\t\t\t\t\t\t\t\t\t\t\t\t\t\t\t\t\t\t\t\t\t\t\t\t\t\t\t\t\t\t\t\t\t\t\t\t\t\t\t\t\t\t\t\t\t\t\t\t\t\t\t\t\t\t\t\t\t\t\t\t\t\t\t\t\t\t\t<\/ul>\n\t<\/div>\n\t<div class=\"fusion-post-content post-content\"><h2 class=\"blog-shortcode-post-title entry-title\"><a href=\"https:\/\/www.feuerwehr-alsbach.de\/?p=4182\">Weihnachtsbaum-Aktion 2025<\/a><\/h2><div class=\"fusion-post-content-container\"><p>   Weihnachtsbaum-Aktion 2025  Die Jugendfeuerwehr der Feuerwehr Alsbach-H\u00e4hnlein sammelt auch in diesem Jahr die ausgedienten Weihnachtsb\u00e4ume im Gemeindegebiet ein. In diesem Zusammenhang bittet sie um Spenden f\u00fcr die F\u00f6rdervereine, die damit die vielf\u00e4ltige Kinder- und Jugendarbeit in der Feuerwehr unterst\u00fctzen. Die beste Form der Unterst\u00fctzung ist die einer dauerhaften Spende in Form einer F\u00f6rdermitgliedschaft. Die entsprechenden Formulare finden Sie \u2026 f\u00fcr Alsbach hier: https:\/\/www.feuerwehr-alsbach.de\/wp-content\/uploads\/2023\/02\/Mitgliedsantrag_Sep.2022.pdf ... und f\u00fcr [...]<\/p><\/div><\/div><div class=\"fusion-clearfix\"><\/div><div class=\"fusion-meta-info\"><div class=\"fusion-alignleft\"><span class=\"vcard\" style=\"display: none;\"><span class=\"fn\"><a href=\"https:\/\/www.feuerwehr-alsbach.de\/?author=1\" title=\"Beitr\u00e4ge von doerr_c\" rel=\"author\">doerr_c<\/a><\/span><\/span><span class=\"updated\" style=\"display:none;\">2024-12-28T11:01:46+01:00<\/span><span>Samstag, 28. Dezember 2024<\/span><span class=\"fusion-inline-sep\">|<\/span><\/div><div class=\"fusion-alignright\"><a class=\"fusion-read-more\" href=\"https:\/\/www.feuerwehr-alsbach.de\/?p=4182\" aria-label=\"More on Weihnachtsbaum-Aktion 2025\">Weiterlesen<\/a><\/div><\/div><\/article>\n<article id=\"blog-1-post-4102\" class=\"fusion-post-medium post-4102 post type-post status-publish format-standard has-post-thumbnail hentry category-blog-ehren-und-altersabteilung category-blog-einsatzabteilung category-blog-fanfarenzug category-blog-jugendfeuerwehr category-blog-verein\">\n\t<style type=\"text\/css\">\n\t\t\n\t\t\n\t\t\n\t\t\n\t\t\t<\/style>\n\n\n\t\t\t<div class=\"fusion-flexslider flexslider fusion-flexslider-loading fusion-post-slideshow\" style=\"\">\n\t\t<ul class=\"slides\">\n\t\t\t\n\t\t\t\t\t\t\t\t\t\t\t\t\t\t<li><div  class=\"fusion-image-wrapper fusion-image-size-fixed\" aria-haspopup=\"true\">\n\t\t\t\t<img decoding=\"async\" width=\"320\" height=\"202\" src=\"https:\/\/www.feuerwehr-alsbach.de\/wp-content\/uploads\/2024\/04\/jf_sport24-320x202.jpg\" class=\"attachment-blog-medium size-blog-medium wp-post-image\" alt=\"\" srcset=\"https:\/\/www.feuerwehr-alsbach.de\/wp-content\/uploads\/2024\/04\/jf_sport24-320x202.jpg 320w, https:\/\/www.feuerwehr-alsbach.de\/wp-content\/uploads\/2024\/04\/jf_sport24-700x441.jpg 700w\" sizes=\"(max-width: 320px) 100vw, 320px\" \/><div class=\"fusion-rollover\">\n\t<div class=\"fusion-rollover-content\">\n\n\t\t\t\t\t\t\t\t\t\t\t\t\t\t<a class=\"fusion-rollover-link\" href=\"https:\/\/www.feuerwehr-alsbach.de\/?p=4102\">Sportliche Begegnung und Jahreshauptversammlungen<\/a>\n\t\t\t\n\t\t\t\t\t\t\t\t\n\t\t\n\t\t\t\t\t\t\t\t\n\t\t\t\t\t\t\t\t\n\t\t\n\t\t\t\t\t\t<a class=\"fusion-link-wrapper\" href=\"https:\/\/www.feuerwehr-alsbach.de\/?p=4102\" aria-label=\"Sportliche Begegnung und Jahreshauptversammlungen\"><\/a>\n\t<\/div>\n<\/div>\n<\/div>\n<\/li>\n\t\t\t\n\t\t\t\n\t\t\t\t\t\t\t\t\t\t\t\t\t\t\t\t\t\t\t\t\t\t\t\t\t\t\t\t\t\t\t\t\t\t\t\t\t\t\t\t\t\t\t\t\t\t\t\t\t\t\t\t\t\t\t\t\t\t\t\t\t\t\t\t\t\t\t\t<\/ul>\n\t<\/div>\n\t<div class=\"fusion-post-content post-content\"><h2 class=\"blog-shortcode-post-title entry-title\"><a href=\"https:\/\/www.feuerwehr-alsbach.de\/?p=4102\">Sportliche Begegnung und Jahreshauptversammlungen<\/a><\/h2><div class=\"fusion-post-content-container\"><p>   Sportliche Begegnung und Jahreshauptversammlungen  Am 16.03. nahm unsere Jugendfeuerwehr bei der sportlichen Begegnung in Jugenheim teil. In Turnieren wurde dort, dass aus der Schule bekannte, V\u00f6lkerball gespielt. Die Mannschaft Alsbach, konnte den 7. Platz belegen. Von H\u00e4hnlein traten sogar zwei Mannschaften an. Die Gruppe 1 erreichte den 4. Platz, w\u00e4hrend die zweite Gruppe den 9. Platz belegte. Dazu gratulieren wir allen nochmal ganz herzlich! Au\u00dferdem wurden [...]<\/p><\/div><\/div><div class=\"fusion-clearfix\"><\/div><div class=\"fusion-meta-info\"><div class=\"fusion-alignleft\"><span class=\"vcard\" style=\"display: none;\"><span class=\"fn\"><a href=\"https:\/\/www.feuerwehr-alsbach.de\/?author=1\" title=\"Beitr\u00e4ge von doerr_c\" rel=\"author\">doerr_c<\/a><\/span><\/span><span class=\"updated\" style=\"display:none;\">2024-04-05T10:18:53+02:00<\/span><span>Dienstag, 19. M\u00e4rz 2024<\/span><span class=\"fusion-inline-sep\">|<\/span><\/div><div class=\"fusion-alignright\"><a class=\"fusion-read-more\" href=\"https:\/\/www.feuerwehr-alsbach.de\/?p=4102\" aria-label=\"More on Sportliche Begegnung und Jahreshauptversammlungen\">Weiterlesen<\/a><\/div><\/div><\/article>\n<article id=\"blog-1-post-4053\" class=\"fusion-post-medium post-4053 post type-post status-publish format-standard has-post-thumbnail hentry category-blog-einsatzabteilung category-blog-jugendfeuerwehr\">\n\t<style type=\"text\/css\">\n\t\t\n\t\t\n\t\t\n\t\t\n\t\t\t<\/style>\n\n\n\t\t\t<div class=\"fusion-flexslider flexslider fusion-flexslider-loading fusion-post-slideshow\" style=\"\">\n\t\t<ul class=\"slides\">\n\t\t\t\n\t\t\t\t\t\t\t\t\t\t\t\t\t\t<li><div  class=\"fusion-image-wrapper fusion-image-size-fixed\" aria-haspopup=\"true\">\n\t\t\t\t<img decoding=\"async\" width=\"320\" height=\"202\" src=\"https:\/\/www.feuerwehr-alsbach.de\/wp-content\/uploads\/2024\/02\/jf_muellsammel_24_001-320x202.jpg\" class=\"attachment-blog-medium size-blog-medium wp-post-image\" alt=\"\" srcset=\"https:\/\/www.feuerwehr-alsbach.de\/wp-content\/uploads\/2024\/02\/jf_muellsammel_24_001-320x202.jpg 320w, https:\/\/www.feuerwehr-alsbach.de\/wp-content\/uploads\/2024\/02\/jf_muellsammel_24_001-700x441.jpg 700w\" sizes=\"(max-width: 320px) 100vw, 320px\" \/><div class=\"fusion-rollover\">\n\t<div class=\"fusion-rollover-content\">\n\n\t\t\t\t\t\t\t\t\t\t\t\t\t\t<a class=\"fusion-rollover-link\" href=\"https:\/\/www.feuerwehr-alsbach.de\/?p=4053\">M\u00fcllsammelaktion der Gemeinde &#8211; die Jugend macht mit<\/a>\n\t\t\t\n\t\t\t\t\t\t\t\t\n\t\t\n\t\t\t\t\t\t\t\t\n\t\t\t\t\t\t\t\t\n\t\t\n\t\t\t\t\t\t<a class=\"fusion-link-wrapper\" href=\"https:\/\/www.feuerwehr-alsbach.de\/?p=4053\" aria-label=\"M\u00fcllsammelaktion der Gemeinde &#8211; die Jugend macht mit\"><\/a>\n\t<\/div>\n<\/div>\n<\/div>\n<\/li>\n\t\t\t\n\t\t\t\n\t\t\t\t\t\t\t\t\t\t\t\t\t\t\t\t\t\t\t\t\t\t\t\t\t\t\t\t\t\t\t\t\t\t\t\t\t\t\t\t\t\t\t\t\t\t\t\t\t\t\t\t\t\t\t\t\t\t\t\t\t\t\t\t\t\t\t\t<\/ul>\n\t<\/div>\n\t<div class=\"fusion-post-content post-content\"><h2 class=\"blog-shortcode-post-title entry-title\"><a href=\"https:\/\/www.feuerwehr-alsbach.de\/?p=4053\">M\u00fcllsammelaktion der Gemeinde &#8211; die Jugend macht mit<\/a><\/h2><div class=\"fusion-post-content-container\"><p>   M\u00fcllsammelaktion der Gemeinde - die Jugend macht mit Gestern fand die M\u00fcllsammelaktion der Gemeinde Alsbach-H\u00e4hnlein statt. Vereine, Gruppen aber auch Privatpersonen k\u00f6nnen bei dieser Aktion mit Unterst\u00fctzung der Gemeinde M\u00fcll sammeln. Die Jugendfeuerwehr aus Alsbach beteiligte sich ebenfalls mit einigen aktiven Mitgliedern daran und ging den Weg zwischen Alsbach und der Sandwiese ab. Im Ger\u00e4tehaus H\u00e4hnlein versorgten Mitglieder der Ehren- und Altersabteilung, anschlie\u00dfend die Personen mit einer [...]<\/p><\/div><\/div><div class=\"fusion-clearfix\"><\/div><div class=\"fusion-meta-info\"><div class=\"fusion-alignleft\"><span class=\"vcard\" style=\"display: none;\"><span class=\"fn\"><a href=\"https:\/\/www.feuerwehr-alsbach.de\/?author=1\" title=\"Beitr\u00e4ge von doerr_c\" rel=\"author\">doerr_c<\/a><\/span><\/span><span class=\"updated\" style=\"display:none;\">2024-02-25T22:48:32+01:00<\/span><span>Sonntag, 25. Februar 2024<\/span><span class=\"fusion-inline-sep\">|<\/span><\/div><div class=\"fusion-alignright\"><a class=\"fusion-read-more\" href=\"https:\/\/www.feuerwehr-alsbach.de\/?p=4053\" aria-label=\"More on M\u00fcllsammelaktion der Gemeinde &#8211; die Jugend macht mit\">Weiterlesen<\/a><\/div><\/div><\/article>\n<article id=\"blog-1-post-3962\" class=\"fusion-post-medium post-3962 post type-post status-publish format-standard has-post-thumbnail hentry category-blog-jugendfeuerwehr\">\n\t<style type=\"text\/css\">\n\t\t\n\t\t\n\t\t\n\t\t\n\t\t\t<\/style>\n\n\n\t\t\t<div class=\"fusion-flexslider flexslider fusion-flexslider-loading fusion-post-slideshow\" style=\"\">\n\t\t<ul class=\"slides\">\n\t\t\t\n\t\t\t\t\t\t\t\t\t\t\t\t\t\t<li><div  class=\"fusion-image-wrapper fusion-image-size-fixed\" aria-haspopup=\"true\">\n\t\t\t\t<img decoding=\"async\" width=\"320\" height=\"202\" src=\"https:\/\/www.feuerwehr-alsbach.de\/wp-content\/uploads\/2023\/11\/jf_abschlussuebung2023_005-320x202.jpg\" class=\"attachment-blog-medium size-blog-medium wp-post-image\" alt=\"\" srcset=\"https:\/\/www.feuerwehr-alsbach.de\/wp-content\/uploads\/2023\/11\/jf_abschlussuebung2023_005-320x202.jpg 320w, https:\/\/www.feuerwehr-alsbach.de\/wp-content\/uploads\/2023\/11\/jf_abschlussuebung2023_005-700x441.jpg 700w\" sizes=\"(max-width: 320px) 100vw, 320px\" \/><div class=\"fusion-rollover\">\n\t<div class=\"fusion-rollover-content\">\n\n\t\t\t\t\t\t\t\t\t\t\t\t\t\t<a class=\"fusion-rollover-link\" href=\"https:\/\/www.feuerwehr-alsbach.de\/?p=3962\">Abschluss\u00fcbung der Jugendfeuerwehr &#8217;23<\/a>\n\t\t\t\n\t\t\t\t\t\t\t\t\n\t\t\n\t\t\t\t\t\t\t\t\n\t\t\t\t\t\t\t\t\n\t\t\n\t\t\t\t\t\t<a class=\"fusion-link-wrapper\" href=\"https:\/\/www.feuerwehr-alsbach.de\/?p=3962\" aria-label=\"Abschluss\u00fcbung der Jugendfeuerwehr &#8217;23\"><\/a>\n\t<\/div>\n<\/div>\n<\/div>\n<\/li>\n\t\t\t\n\t\t\t\n\t\t\t\t\t\t\t\t\t\t\t\t\t\t\t\t\t\t\t\t\t\t\t\t\t\t\t\t\t\t\t\t\t\t\t\t\t\t\t\t\t\t\t\t\t\t\t\t\t\t\t\t\t\t\t\t\t\t\t\t\t\t\t\t\t\t\t\t<\/ul>\n\t<\/div>\n\t<div class=\"fusion-post-content post-content\"><h2 class=\"blog-shortcode-post-title entry-title\"><a href=\"https:\/\/www.feuerwehr-alsbach.de\/?p=3962\">Abschluss\u00fcbung der Jugendfeuerwehr &#8217;23<\/a><\/h2><div class=\"fusion-post-content-container\"><p>  Abschluss\u00fcbung der Jugendfeuerwehr '23 Da war einiges los am vergangenen Samstag morgen, im Gewerbegebiet der Sandwiese. Denn es hie\u00df wieder \"Wasser Marsch\", bei unserer Abschluss\u00fcbung. Zusammen mit der Jugendfeuerwehr H\u00e4hnlein, Bickenbach und dem Jugendrotkreuz Alsbach bek\u00e4mpften die Jugendlichen ein Lagerhalle Brand und retteten dabei vier Personen, diese wurden vom JRK fachm\u00e4nnisch versorgt. Die Halle wurde erfolgreich gel\u00f6scht und jetzt kann es f\u00fcr die Jugendlichen in die etwas k\u00e4ltere [...]<\/p><\/div><\/div><div class=\"fusion-clearfix\"><\/div><div class=\"fusion-meta-info\"><div class=\"fusion-alignleft\"><span class=\"vcard\" style=\"display: none;\"><span class=\"fn\"><a href=\"https:\/\/www.feuerwehr-alsbach.de\/?author=1\" title=\"Beitr\u00e4ge von doerr_c\" rel=\"author\">doerr_c<\/a><\/span><\/span><span class=\"updated\" style=\"display:none;\">2023-11-02T19:50:37+01:00<\/span><span>Donnerstag, 2. November 2023<\/span><span class=\"fusion-inline-sep\">|<\/span><\/div><div class=\"fusion-alignright\"><a class=\"fusion-read-more\" href=\"https:\/\/www.feuerwehr-alsbach.de\/?p=3962\" aria-label=\"More on Abschluss\u00fcbung der Jugendfeuerwehr &#8217;23\">Weiterlesen<\/a><\/div><\/div><\/article>\n<article id=\"blog-1-post-3954\" class=\"fusion-post-medium post-3954 post type-post status-publish format-standard has-post-thumbnail hentry category-blog-jugendfeuerwehr\">\n\t<style type=\"text\/css\">\n\t\t\n\t\t\n\t\t\n\t\t\n\t\t\t<\/style>\n\n\n\t\t\t<div class=\"fusion-flexslider flexslider fusion-flexslider-loading fusion-post-slideshow\" style=\"\">\n\t\t<ul class=\"slides\">\n\t\t\t\n\t\t\t\t\t\t\t\t\t\t\t\t\t\t<li><div  class=\"fusion-image-wrapper fusion-image-size-fixed\" aria-haspopup=\"true\">\n\t\t\t\t<img decoding=\"async\" width=\"320\" height=\"202\" src=\"https:\/\/www.feuerwehr-alsbach.de\/wp-content\/uploads\/2023\/08\/jf_Insektenhotel_2023_003-320x202.jpg\" class=\"attachment-blog-medium size-blog-medium wp-post-image\" alt=\"\" srcset=\"https:\/\/www.feuerwehr-alsbach.de\/wp-content\/uploads\/2023\/08\/jf_Insektenhotel_2023_003-320x202.jpg 320w, https:\/\/www.feuerwehr-alsbach.de\/wp-content\/uploads\/2023\/08\/jf_Insektenhotel_2023_003-700x441.jpg 700w\" sizes=\"(max-width: 320px) 100vw, 320px\" \/><div class=\"fusion-rollover\">\n\t<div class=\"fusion-rollover-content\">\n\n\t\t\t\t\t\t\t\t\t\t\t\t\t\t<a class=\"fusion-rollover-link\" href=\"https:\/\/www.feuerwehr-alsbach.de\/?p=3954\">Jugendfeuerwehr baut Insektenhotels und Vogelh\u00e4uschen<\/a>\n\t\t\t\n\t\t\t\t\t\t\t\t\n\t\t\n\t\t\t\t\t\t\t\t\n\t\t\t\t\t\t\t\t\n\t\t\n\t\t\t\t\t\t<a class=\"fusion-link-wrapper\" href=\"https:\/\/www.feuerwehr-alsbach.de\/?p=3954\" aria-label=\"Jugendfeuerwehr baut Insektenhotels und Vogelh\u00e4uschen\"><\/a>\n\t<\/div>\n<\/div>\n<\/div>\n<\/li>\n\t\t\t\n\t\t\t\n\t\t\t\t\t\t\t\t\t\t\t\t\t\t\t\t\t\t\t\t\t\t\t\t\t\t\t\t\t\t\t\t\t\t\t\t\t\t\t\t\t\t\t\t\t\t\t\t\t\t\t\t\t\t\t\t\t\t\t\t\t\t\t\t\t\t\t\t<\/ul>\n\t<\/div>\n\t<div class=\"fusion-post-content post-content\"><h2 class=\"blog-shortcode-post-title entry-title\"><a href=\"https:\/\/www.feuerwehr-alsbach.de\/?p=3954\">Jugendfeuerwehr baut Insektenhotels und Vogelh\u00e4uschen<\/a><\/h2><div class=\"fusion-post-content-container\"><p>   Jugendfeuerwehr baut Insektenhotels und Vogelh\u00e4uschen  Nach einigen anstrengenden Handwerksstunden, konnten wir letzte Woche endlich unsere selbstgebauten Insektenhotels und Vogelh\u00e4uschen platzieren. Diese wurden komplett aus recycelten Materialien gebaut wie zum Beispiel aus alten Paletten. Nun k\u00f6nnen sich hoffentlich Insekten und V\u00f6gel richtig wohlf\u00fchlen bei uns, an der Feuerwehr. Gerne k\u00f6nnt ihr euch die fertigen Werke auch direkt vor der Feuerwehrwache anschauen. Und wenn Du auch Lust hast [...]<\/p><\/div><\/div><div class=\"fusion-clearfix\"><\/div><div class=\"fusion-meta-info\"><div class=\"fusion-alignleft\"><span class=\"vcard\" style=\"display: none;\"><span class=\"fn\"><a href=\"https:\/\/www.feuerwehr-alsbach.de\/?author=1\" title=\"Beitr\u00e4ge von doerr_c\" rel=\"author\">doerr_c<\/a><\/span><\/span><span class=\"updated\" style=\"display:none;\">2023-08-04T18:27:13+02:00<\/span><span>Dienstag, 4. Juli 2023<\/span><span class=\"fusion-inline-sep\">|<\/span><\/div><div class=\"fusion-alignright\"><a class=\"fusion-read-more\" href=\"https:\/\/www.feuerwehr-alsbach.de\/?p=3954\" aria-label=\"More on Jugendfeuerwehr baut Insektenhotels und Vogelh\u00e4uschen\">Weiterlesen<\/a><\/div><\/div><\/article>\n<\/div><div class=\"pagination clearfix\"><span class=\"current\">1<\/span><a href=\"https:\/\/www.feuerwehr-alsbach.de\/index.php?rest_route=%2Fwp%2Fv2%2Fpages%2F453&#038;paged=2\" class=\"inactive\">2<\/a><a class=\"pagination-next\" rel=\"next\" href=\"https:\/\/www.feuerwehr-alsbach.de\/index.php?rest_route=%2Fwp%2Fv2%2Fpages%2F453&#038;paged=2\"><span class=\"page-text\">Vor<\/span><span class=\"page-next\"><\/span><\/a><\/div><div class=\"fusion-clearfix\"><\/div><\/div><div class=\"fusion-clearfix\"><\/div><\/div><\/div><\/div><\/div>\n","protected":false},"excerpt":{"rendered":"","protected":false},"author":2,"featured_media":0,"parent":447,"menu_order":0,"comment_status":"closed","ping_status":"closed","template":"","meta":{"footnotes":""},"class_list":["post-453","page","type-page","status-publish","hentry"],"_links":{"self":[{"href":"https:\/\/www.feuerwehr-alsbach.de\/index.php?rest_route=\/wp\/v2\/pages\/453","targetHints":{"allow":["GET"]}}],"collection":[{"href":"https:\/\/www.feuerwehr-alsbach.de\/index.php?rest_route=\/wp\/v2\/pages"}],"about":[{"href":"https:\/\/www.feuerwehr-alsbach.de\/index.php?rest_route=\/wp\/v2\/types\/page"}],"author":[{"embeddable":true,"href":"https:\/\/www.feuerwehr-alsbach.de\/index.php?rest_route=\/wp\/v2\/users\/2"}],"replies":[{"embeddable":true,"href":"https:\/\/www.feuerwehr-alsbach.de\/index.php?rest_route=%2Fwp%2Fv2%2Fcomments&post=453"}],"version-history":[{"count":4,"href":"https:\/\/www.feuerwehr-alsbach.de\/index.php?rest_route=\/wp\/v2\/pages\/453\/revisions"}],"predecessor-version":[{"id":1536,"href":"https:\/\/www.feuerwehr-alsbach.de\/index.php?rest_route=\/wp\/v2\/pages\/453\/revisions\/1536"}],"up":[{"embeddable":true,"href":"https:\/\/www.feuerwehr-alsbach.de\/index.php?rest_route=\/wp\/v2\/pages\/447"}],"wp:attachment":[{"href":"https:\/\/www.feuerwehr-alsbach.de\/index.php?rest_route=%2Fwp%2Fv2%2Fmedia&parent=453"}],"curies":[{"name":"wp","href":"https:\/\/api.w.org\/{rel}","templated":true}]}}