{"id":435,"date":"2020-01-07T22:28:12","date_gmt":"2020-01-07T21:28:12","guid":{"rendered":"https:\/\/test.feuerwehr-alsbach.de\/?page_id=435"},"modified":"2020-09-19T20:06:21","modified_gmt":"2020-09-19T18:06:21","slug":"sachgebiete","status":"publish","type":"page","link":"https:\/\/www.feuerwehr-alsbach.de\/?page_id=435","title":{"rendered":"Fachbereiche"},"content":{"rendered":"<p><div class=\"fusion-fullwidth fullwidth-box fusion-builder-row-1 nonhundred-percent-fullwidth non-hundred-percent-height-scrolling\" style=\"--awb-border-radius-top-left:0px;--awb-border-radius-top-right:0px;--awb-border-radius-bottom-right:0px;--awb-border-radius-bottom-left:0px;--awb-flex-wrap:wrap;\" ><div class=\"fusion-builder-row fusion-row\"><div class=\"fusion-layout-column fusion_builder_column fusion-builder-column-0 fusion_builder_column_1_1 1_1 fusion-one-full fusion-column-first fusion-column-last\" style=\"--awb-bg-size:cover;\"><div class=\"fusion-column-wrapper fusion-column-has-shadow fusion-flex-column-wrapper-legacy\"><div class=\"fusion-title title fusion-title-1 sep-underline sep-solid fusion-title-center fusion-title-text fusion-title-size-one\" style=\"--awb-margin-bottom:30px;--awb-margin-top-small:0px;--awb-margin-right-small:0px;--awb-margin-bottom-small:0px;--awb-margin-left-small:0px;\"><h1 class=\"fusion-title-heading title-heading-center\" style=\"margin:0;\"><p style=\"text-align: center;\"><i class=\"fb-icon-element-1 fb-icon-element fontawesome-icon fa fa-users-cog circle-no fusion-text-flow\" style=\"--awb-iconcolor:#c60000;--awb-iconcolor-hover:#c60000;--awb-font-size:40px;--awb-margin-right:10px;--awb-margin-bottom:12px;\"><\/i>Fachbereiche<\/p><\/h1><\/div><div class=\"fusion-text fusion-text-1\"><p>Die Aufgabenvielfalt der Feuerwehr erfordert ein eingehendes Wissen in vielen verschiedenen Bereichen. Durch die sinnvolle Aufteilung in Fachbereiche, k\u00f6nnen unsere Fachbereichsleiter der Wehrf\u00fchrung beratend zur Seite stehen, sowie ihr Wissen in Sonder\u00fcbungen an die anderen Einsatzkr\u00e4fte weitergeben. So kann sicher gestellt werden, dass ein breites Fachwissen in der gesamten Mannschaft vorhanden ist.<\/p>\n<p>Auch der immer gr\u00f6\u00dfere Verwaltungsaufwand, sowie technische Themenbereiche werden auf mehrere Schultern verteilt.<\/p>\n<p>Nachfolgend finden Sie unsere Fachbereiche mit ihren jeweiligen Fachbereichsleitern.<\/p>\n<\/div><div class=\"fusion-clearfix\"><\/div><\/div><\/div><\/div><\/div><div class=\"fusion-fullwidth fullwidth-box fusion-builder-row-2 nonhundred-percent-fullwidth non-hundred-percent-height-scrolling\" style=\"--awb-border-radius-top-left:0px;--awb-border-radius-top-right:0px;--awb-border-radius-bottom-right:0px;--awb-border-radius-bottom-left:0px;--awb-flex-wrap:wrap;\" ><div class=\"fusion-builder-row fusion-row\"><div class=\"fusion-layout-column fusion_builder_column fusion-builder-column-1 fusion_builder_column_1_1 1_1 fusion-one-full fusion-column-first fusion-column-last\" style=\"--awb-bg-size:cover;\"><div class=\"fusion-column-wrapper fusion-column-has-shadow fusion-flex-column-wrapper-legacy\"><div class=\"fusion-tabs fusion-tabs-1 classic vertical-tabs icon-position-left mobile-mode-accordion\" style=\"--awb-title-border-radius-top-left:0px;--awb-title-border-radius-top-right:0px;--awb-title-border-radius-bottom-right:0px;--awb-title-border-radius-bottom-left:0px;--awb-inactive-color:#f1f2f2;--awb-background-color:#ffffff;--awb-border-color:#ebeaea;--awb-active-border-color:#e10707;\"><div class=\"nav\"><ul class=\"nav-tabs\" role=\"tablist\"><li class=\"active\" role=\"presentation\"><a class=\"tab-link\" data-toggle=\"tab\" role=\"tab\" aria-controls=\"tab-29c1439daeb0557e33d\" aria-selected=\"true\" id=\"fusion-tab-atemschutz\" href=\"#tab-29c1439daeb0557e33d\"><h4 class=\"fusion-tab-heading\">Atemschutz<\/h4><\/a><\/li><li role=\"presentation\"><a class=\"tab-link\" data-toggle=\"tab\" role=\"tab\" aria-controls=\"tab-66b60408254cf48c580\" aria-selected=\"false\" tabindex=\"-1\" id=\"fusion-tab-edv\" href=\"#tab-66b60408254cf48c580\"><h4 class=\"fusion-tab-heading\">EDV<\/h4><\/a><\/li><li role=\"presentation\"><a class=\"tab-link\" data-toggle=\"tab\" role=\"tab\" aria-controls=\"tab-a46db7b18790382a016\" aria-selected=\"false\" tabindex=\"-1\" id=\"fusion-tab-funk\" href=\"#tab-a46db7b18790382a016\"><h4 class=\"fusion-tab-heading\">Funk<\/h4><\/a><\/li><li role=\"presentation\"><a class=\"tab-link\" data-toggle=\"tab\" role=\"tab\" aria-controls=\"tab-618c3dec38dcff51834\" aria-selected=\"false\" tabindex=\"-1\" id=\"fusion-tab-gabc\" href=\"#tab-618c3dec38dcff51834\"><h4 class=\"fusion-tab-heading\">GABC<\/h4><\/a><\/li><li role=\"presentation\"><a class=\"tab-link\" data-toggle=\"tab\" role=\"tab\" aria-controls=\"tab-6eb3ba363d0729ef2c8\" aria-selected=\"false\" tabindex=\"-1\" id=\"fusion-tab-ger\u00e4tewart\" href=\"#tab-6eb3ba363d0729ef2c8\"><h4 class=\"fusion-tab-heading\">Ger\u00e4tewart<\/h4><\/a><\/li><li role=\"presentation\"><a class=\"tab-link\" data-toggle=\"tab\" role=\"tab\" aria-controls=\"tab-0a2c8ba609ac7fa3a7a\" aria-selected=\"false\" tabindex=\"-1\" id=\"fusion-tab-absturzsicherung\" href=\"#tab-0a2c8ba609ac7fa3a7a\"><h4 class=\"fusion-tab-heading\">Absturzsicherung<\/h4><\/a><\/li><li role=\"presentation\"><a class=\"tab-link\" data-toggle=\"tab\" role=\"tab\" aria-controls=\"tab-4b9ed01d59a1f1eed44\" aria-selected=\"false\" tabindex=\"-1\" id=\"fusion-tab-brandschutzerziehung\" href=\"#tab-4b9ed01d59a1f1eed44\"><h4 class=\"fusion-tab-heading\">Brandschutzerziehung<\/h4><\/a><\/li><li role=\"presentation\"><a class=\"tab-link\" data-toggle=\"tab\" role=\"tab\" aria-controls=\"tab-dfd42d462de58d9ad6e\" aria-selected=\"false\" tabindex=\"-1\" id=\"fusion-tab-kleiderkammer\" href=\"#tab-dfd42d462de58d9ad6e\"><h4 class=\"fusion-tab-heading\">Kleiderkammer<\/h4><\/a><\/li><li role=\"presentation\"><a class=\"tab-link\" data-toggle=\"tab\" role=\"tab\" aria-controls=\"tab-1ed2407c74bff04d04a\" aria-selected=\"false\" tabindex=\"-1\" id=\"fusion-tab-technischehilfeleistung\" href=\"#tab-1ed2407c74bff04d04a\"><h4 class=\"fusion-tab-heading\">Technische Hilfeleistung<\/h4><\/a><\/li><li role=\"presentation\"><a class=\"tab-link\" data-toggle=\"tab\" role=\"tab\" aria-controls=\"tab-7c996f0b470fba763be\" aria-selected=\"false\" tabindex=\"-1\" id=\"fusion-tab-dienstsport\" href=\"#tab-7c996f0b470fba763be\"><h4 class=\"fusion-tab-heading\">Dienstsport<\/h4><\/a><\/li><\/ul><\/div><div class=\"tab-content\"><div class=\"nav fusion-mobile-tab-nav\"><ul class=\"nav-tabs\" role=\"tablist\"><li class=\"active\" role=\"presentation\"><a class=\"tab-link\" data-toggle=\"tab\" role=\"tab\" aria-controls=\"tab-29c1439daeb0557e33d\" aria-selected=\"true\" id=\"mobile-fusion-tab-atemschutz\" href=\"#tab-29c1439daeb0557e33d\"><h4 class=\"fusion-tab-heading\">Atemschutz<\/h4><\/a><\/li><\/ul><\/div><div class=\"tab-pane fade fusion-clearfix in active\" role=\"tabpanel\" tabindex=\"0\" aria-labelledby=\"fusion-tab-atemschutz\" id=\"tab-29c1439daeb0557e33d\">\n<h2 style=\"text-align: center;\"><strong>Atemschutz<\/strong><\/h2>\n<p>Atemgifte und sch\u00e4digende Rauchgase sind eine Begleiterscheinung jeder Verbrennung.<br \/>\nSie sind die h\u00e4ufigste Ursache das Menschen bei einem Feuer ums Leben kommen. Somit ist der Schutz vor diesen f\u00fcr unsere Einsatzkr\u00e4fte besonderst wichtig, wenn sie sich brennende Wohnungen oder stark verrauchte Bereiche begeben.<br \/>\nAuch abseits von Br\u00e4nden kann es vorkommen, dass in Industriebetrieben, oder bei Unf\u00e4llen mit Gefahrguttransportern, giftige oder Sauerstoff verdr\u00e4ngende Gase (z.B. Co2 L\u00f6schanlage) freigesetzt werden.<\/p>\n<p>Um sich gegen diese zu sch\u00fctzen, kann unter bestimmten Voraussetzungen auf Masken mit Filteraufsatz zur\u00fcckgegriffen werden. Am h\u00e4ufigsten werden aber die umluftunabh\u00e4ngigen Pressluftatmer verwendet.<\/p>\n<p>Das Arbeiten unter diesen erschwerten Bedingungen, stellt neue Herausforderungen und Voraussetzungen, welche in der Feuerwehr Dienstvorschrift Atemschutz festgelegt sind, an die Einsatzkr\u00e4fte.<\/p>\n<p>Um die Tauglichkeit zum Tragen von Atemschutz, dies ist erst nach Vollendung des 18 Lebensjahr m\u00f6glich, zu erhalten sind eine sich wiederholende medizinische Untersuchung, der Besuch des Lehrgangs, eine j\u00e4hrliche Unterweisung, eine j\u00e4hrliche Belastungs\u00fcbung und j\u00e4hrliche Sonder\u00fcbungen zu absolvieren.<br \/>\nIn den zahlreichen \u00dcbungen wird der Umgang mit dem Ger\u00e4t, das vorgehen in Brandr\u00e4umen, das Verhalten bei Unf\u00e4llen, sowie viele weitere Themen behandelt.<\/p>\n<p>Die Atemschutzger\u00e4te, sowie die Masken m\u00fcssen nach jeder Benutzung gewartet und gepr\u00fcft werden. Dies wird durch den Atemschutzger\u00e4tewart, welcher einen f\u00fcnft\u00e4gigen spezial Lehrgang an der Hessischen Landesfeuerwehrschule absolviert hat, in unserer extra daf\u00fcr ausgestatteten Atemschutzwerkstatt durchgef\u00fchrt.<\/p>\n<\/div><div class=\"nav fusion-mobile-tab-nav\"><ul class=\"nav-tabs\" role=\"tablist\"><li role=\"presentation\"><a class=\"tab-link\" data-toggle=\"tab\" role=\"tab\" aria-controls=\"tab-66b60408254cf48c580\" aria-selected=\"false\" tabindex=\"-1\" id=\"mobile-fusion-tab-edv\" href=\"#tab-66b60408254cf48c580\"><h4 class=\"fusion-tab-heading\">EDV<\/h4><\/a><\/li><\/ul><\/div><div class=\"tab-pane fade fusion-clearfix\" role=\"tabpanel\" tabindex=\"0\" aria-labelledby=\"fusion-tab-edv\" id=\"tab-66b60408254cf48c580\">\n<h2 style=\"text-align: center;\"><strong>EDV<\/strong><\/h2>\n<p>Im Notfall geht es zwar auch ohne, aber zum Gl\u00fcck k\u00f6nnen wir die meiste Zeit auf eine sehr gute EDV Infrastruktur zur\u00fcckgreifen.<br \/>\nDazu unterhalten wir PC-Arbeitspl\u00e4tze, Software f\u00fcr die Ger\u00e4tepr\u00fcfungen und Einsatzabwicklung, mobile L\u00f6sungen f\u00fcr die Einsatzstelle sowie spezifische Sonderl\u00f6sungen f\u00fcr unser Ger\u00e4tehaus.<\/p>\n<p>Zu den Aufgaben des Fachbereiches geh\u00f6ren zum Beispiel: Wartung, Modernisierung und Erweiterung der vorhanden IT Infrastruktur; Verwaltung der lokalen Benutzer- und E-Mail Konten, Betreuung und Schulung der Einsatzleitsoftware EDP4, Programmierung von Sonderl\u00f6sungen f\u00fcr unser Ger\u00e4tehaus, Betreuung der Homepage und der Sozialen Medien wie Facebook oder Instagram.<\/p>\n<\/div><div class=\"nav fusion-mobile-tab-nav\"><ul class=\"nav-tabs\" role=\"tablist\"><li role=\"presentation\"><a class=\"tab-link\" data-toggle=\"tab\" role=\"tab\" aria-controls=\"tab-a46db7b18790382a016\" aria-selected=\"false\" tabindex=\"-1\" id=\"mobile-fusion-tab-funk\" href=\"#tab-a46db7b18790382a016\"><h4 class=\"fusion-tab-heading\">Funk<\/h4><\/a><\/li><\/ul><\/div><div class=\"tab-pane fade fusion-clearfix\" role=\"tabpanel\" tabindex=\"0\" aria-labelledby=\"fusion-tab-funk\" id=\"tab-a46db7b18790382a016\">\n<h2 style=\"text-align: center;\"><strong>Funk<\/strong><\/h2>\n<p>Mit der Einf\u00fchrung des Digitalfunks in Hessen wurden auch die Aufgaben f\u00fcr den Fachbereichsleiter Funk umfangreicher.<br \/>\nSo ist dieser f\u00fcr den funktionsf\u00e4higen Zustand der Fahrzeug- und Handfunkger\u00e4te zust\u00e4ndig. Weiterhin programmiert er die Pager (Funkmeldeempf\u00e4nger) und installiert die Funkger\u00e4te Updates.<\/p>\n<\/div><div class=\"nav fusion-mobile-tab-nav\"><ul class=\"nav-tabs\" role=\"tablist\"><li role=\"presentation\"><a class=\"tab-link\" data-toggle=\"tab\" role=\"tab\" aria-controls=\"tab-618c3dec38dcff51834\" aria-selected=\"false\" tabindex=\"-1\" id=\"mobile-fusion-tab-gabc\" href=\"#tab-618c3dec38dcff51834\"><h4 class=\"fusion-tab-heading\">GABC<\/h4><\/a><\/li><\/ul><\/div><div class=\"tab-pane fade fusion-clearfix\" role=\"tabpanel\" tabindex=\"0\" aria-labelledby=\"fusion-tab-gabc\" id=\"tab-618c3dec38dcff51834\">\n<h2 style=\"text-align: center;\"><strong>GABC<\/strong><\/h2>\n<p>Eine besondere Herausforderung an die Feuerwehren stellen Schadenereignisse mit atomaren, biologischen oder chemischen (ABC-)Gefahrstoffen dar. Hierbei k\u00f6nnen Personen, Sachen oder die Umwelt einer vorher nicht bekannten Anzahl, Art und Menge an Gefahrstoffen ausgesetzt werden.<br \/>\nDie Mehrzahl der ABC-Eins\u00e4tze sind Eins\u00e4tze mit chemischen Gefahrstoffen: Transportunf\u00e4lle mit Gefahrgut oder Unf\u00e4lle in chemischen Betrieben.<br \/>\nAber auch Eins\u00e4tze mit biologischen Gefahrstoffen besch\u00e4ftigen die Feuerwehren immer wieder zum Beispiel Vogelgrippe-Verdachtsf\u00e4lle bei verendeten Wildv\u00f6geln.<\/p>\n<p>Kontinuierliche Ausbildung und \u00dcbung sowie spezielle technische Ausr\u00fcstung erm\u00f6glichen es den Feuerwehren auch diese Art der Eins\u00e4tze sicher abzuarbeiten.<br \/>\nDie Freiwillige Feuerwehr Alsbach ist in der Lage im ABC-Einsatz alle notwendigen Sofortma\u00dfnahmen einzuleiten. Mit Hilfe von Chemikalienschutzanz\u00fcgen (CSA), die die Feuerwehrleute vor Kontamination mit festen, fl\u00fcssigen und gasf\u00f6rmigen Stoffen sch\u00fctzen, k\u00f6nnen gef\u00e4hrdete Personen aus dem Gefahrenbereich gerettet werden.<\/p>\n<p>Eine wichtige Aufgabe im ABC-Einsatz ist zun\u00e4chst einmal zu erkennen, ob und welche gef\u00e4hrliche Stoffe mit welchen Eigenschaften an der Einsatzstelle vorliegen. Hierzu verf\u00fcgen wir \u00fcber diverse Nachschlagewerke, um anhand von Stoffnamen oder Kennzeichnungen (orange Warntafel, Gefahrzettel, Gefahrensymbole etc.) schnell vor Ort die ben\u00f6tigten Informationen zu erhalten. Dar\u00fcber hinaus werden Messger\u00e4te eingesetzt,welche anzeigen, ob ein explosionsf\u00e4higes Gasgemisch oder eine gef\u00e4hrliche Konzentrationen an Kohlenmonoxid, Kohlendioxid, Schwefelwasserstoff oder Sauerstoff (bei Sauerstoffmangel) vorliegen.<\/p>\n<p>Bei jedem ABC-Einsatz wird darauf geachtet, dass keine weiteren Personen durch die gef\u00e4hrlichen Stoffe gef\u00e4hrdet werden, wie zum Beispiel Anwohner oder ahnungsloser Durchgangsverkehr.Die FF Alsbach wird in diesen F\u00e4llen umfangreiche Absperrma\u00dfnahmen in Zusammenarbeit mit der Polizei durchf\u00fchren, um die Bev\u00f6lkerung zu sch\u00fctzen.<br \/>\nWenn Personen gef\u00e4hrdet sind, kann die FF Alsbach vier CSA einsetzen, um sie aus dem Gefahrenbereich zu retten. Anschlie\u00dfend wird umgehend die Not-Dekontamination &#8211; eine Art Grob-Reinigung &#8211; durchgef\u00fchrt, bevor die betroffenen Personen dem Rettungsdienst \u00fcbergeben werden k\u00f6nnen.<\/p>\n<p>Falls die technischen Mittel der FF Alsbach zur Abarbeitung des ABC-Einsatzes nicht ausreichen, werden fr\u00fchzeitig sog. Spezialkr\u00e4fte hinzugezogen. Das k\u00f6nnen besonders ausger\u00fcstete \u00f6ffentliche Feuerwehren sein (Gefahrgutzug des Landkreises Darmstadt-Dieburg, Berufsfeuerwehr Darmstadt) oder Kr\u00e4fte des Transport-Unfall-Informations-und Hilfeleistungs-Systems (TUIS) der chemischen Industrie (z.B. Werkfeuerwehr Merck in Darmstadt).<\/p>\n<p>Im Rahmen der Ausbildung finden mehrmals j\u00e4hrlich \u00dcbungen und Unterrichte zum Thema ABC-Einsatz sowohl f\u00fcr CSA-Tr\u00e4ger als auch F\u00fchrungskr\u00e4fte statt.<\/p>\n<\/div><div class=\"nav fusion-mobile-tab-nav\"><ul class=\"nav-tabs\" role=\"tablist\"><li role=\"presentation\"><a class=\"tab-link\" data-toggle=\"tab\" role=\"tab\" aria-controls=\"tab-6eb3ba363d0729ef2c8\" aria-selected=\"false\" tabindex=\"-1\" id=\"mobile-fusion-tab-ger\u00e4tewart\" href=\"#tab-6eb3ba363d0729ef2c8\"><h4 class=\"fusion-tab-heading\">Ger\u00e4tewart<\/h4><\/a><\/li><\/ul><\/div><div class=\"tab-pane fade fusion-clearfix\" role=\"tabpanel\" tabindex=\"0\" aria-labelledby=\"fusion-tab-ger\u00e4tewart\" id=\"tab-6eb3ba363d0729ef2c8\">\n<h2 style=\"text-align: center;\"><strong>Ger\u00e4tewart<\/strong><\/h2>\n<p>Die Ger\u00e4tewarte k\u00fcmmern sich um das feuerwehrtechnische Ger\u00e4t und Hilfsmittel und f\u00fchren an diesen die wiederkehrenden Pr\u00fcfungen durch. Zugleich warten sie dieses und f\u00fchren kleinere Reparaturen durch.<\/p>\n<\/div><div class=\"nav fusion-mobile-tab-nav\"><ul class=\"nav-tabs\" role=\"tablist\"><li role=\"presentation\"><a class=\"tab-link\" data-toggle=\"tab\" role=\"tab\" aria-controls=\"tab-0a2c8ba609ac7fa3a7a\" aria-selected=\"false\" tabindex=\"-1\" id=\"mobile-fusion-tab-absturzsicherung\" href=\"#tab-0a2c8ba609ac7fa3a7a\"><h4 class=\"fusion-tab-heading\">Absturzsicherung<\/h4><\/a><\/li><\/ul><\/div><div class=\"tab-pane fade fusion-clearfix\" role=\"tabpanel\" tabindex=\"0\" aria-labelledby=\"fusion-tab-absturzsicherung\" id=\"tab-0a2c8ba609ac7fa3a7a\">\n<h2 style=\"text-align: center;\"><strong>Absturzsicherung<\/strong><\/h2>\n<p>Da sich der Aufgabenbereich der Feuerwehr in den letzten Jahrzehnten mehr in den Bereich der Technischen Hilfeleistung verlagert hat, kam vor einigen Jahren das Themengebiet der H\u00f6hensicherung hinzu.<\/p>\n<p>Bei der H\u00f6hen- und Absturzsicherung geht es zun\u00e4chst darum, die eigenen Einsatzkr\u00e4fte bei Arbeiten in absturzgef\u00e4hrdeten Bereichen ( L\u00f6scharbeiten am Dach, Sicherung nach Sturmeins\u00e4tzen,&#8230;) zusichern.<br \/>\nDa das Standardmaterial (Feuerwehrhalteleine + Feuerwehrhaltegurt) keine fachgerechte Sicherung in gr\u00f6\u00dferen H\u00f6hen erm\u00f6glicht, verf\u00fcgen wir \u00fcber zwei H\u00f6hensicherungss\u00e4tze.<br \/>\nDiese bestehen aus, jeweils zwei Auffanggurten einem 60 m Dynamikseil, mit 11 mm Durchmesser, einem Rettungsdreieck, einem HMS-Karabiner, 15 Verschlusskarabiner und diversen Bandschlingen sowie zwei Bergsteigerhelmen, praktisch verstaut in je einem 60 L Rucksack.<\/p>\n<p>Nach einer Grundausbildung bei uns am Feuerwehrger\u00e4tehaus, besuchen die Kameraden den Lehrgang Grundlagen der Absturzsicherung der Firma Bornack.<br \/>\nBei den Sonder\u00fcbungen wiederholen wir die Themen Knotenkunde, Materialkunde und besprechen die sichere Anwendung des Materials an praktischen Einsatzszenarien.<\/p>\n<\/div><div class=\"nav fusion-mobile-tab-nav\"><ul class=\"nav-tabs\" role=\"tablist\"><li role=\"presentation\"><a class=\"tab-link\" data-toggle=\"tab\" role=\"tab\" aria-controls=\"tab-4b9ed01d59a1f1eed44\" aria-selected=\"false\" tabindex=\"-1\" id=\"mobile-fusion-tab-brandschutzerziehung\" href=\"#tab-4b9ed01d59a1f1eed44\"><h4 class=\"fusion-tab-heading\">Brandschutzerziehung<\/h4><\/a><\/li><\/ul><\/div><div class=\"tab-pane fade fusion-clearfix\" role=\"tabpanel\" tabindex=\"0\" aria-labelledby=\"fusion-tab-brandschutzerziehung\" id=\"tab-4b9ed01d59a1f1eed44\">\n<h2 style=\"text-align: center;\"><strong>Brandschutzerziehung<\/strong><\/h2>\n<p class=\"bodytext\">Unsere Brandschutzerziehung findet immer kurz vor den Sommerferien, in den Kinderg\u00e4rten, mit den zuk\u00fcnftigen Schulanf\u00e4ngern statt.<br \/>\nAn diesem Tag wollen wir den Kindern die Themen Feuerwehr und was bei einem Notfall zutun ist, vor allem das Absetzen des Notrufes, n\u00e4her bringen.<br \/>\nBei anschaulichen Versuchen verdeutlichen wir was brennbar ist und was nicht und wie schnell sich Brandrauch in einem Geb\u00e4ude ausbreiten kann, so werden die Kinder mit Spa\u00df f\u00fcr ein ernstes Thema sensibilisiert.<br \/>\nDie Besichtigung unserer Wache und der Fahrzeuge sowie der Pers\u00f6nlichen Schutzausr\u00fcstung und der Ger\u00e4te begeistert die Kinder immer wieder. Das Highlight des Tages ist sicherlich die Fahrt mit Martinshorn auf dem Hof, sowie das L\u00f6schen unseres Spritzenhauses.<\/p>\n<\/div><div class=\"nav fusion-mobile-tab-nav\"><ul class=\"nav-tabs\" role=\"tablist\"><li role=\"presentation\"><a class=\"tab-link\" data-toggle=\"tab\" role=\"tab\" aria-controls=\"tab-dfd42d462de58d9ad6e\" aria-selected=\"false\" tabindex=\"-1\" id=\"mobile-fusion-tab-kleiderkammer\" href=\"#tab-dfd42d462de58d9ad6e\"><h4 class=\"fusion-tab-heading\">Kleiderkammer<\/h4><\/a><\/li><\/ul><\/div><div class=\"tab-pane fade fusion-clearfix\" role=\"tabpanel\" tabindex=\"0\" aria-labelledby=\"fusion-tab-kleiderkammer\" id=\"tab-dfd42d462de58d9ad6e\">\n<h2 style=\"text-align: center;\"><strong>Kleiderkammer<\/strong><\/h2>\n<p>Hier halten wir Einsatzkleidung, Uniform sowie sonstige per\u00f6nliche Zusatzschutzausr\u00fcstunge vor. Daf\u00fcr , dass alle Einsatzkr\u00e4fte mit passender Kleidung ausgestattet sind, sind die Ansprechpartner der Kleiderkammer zust\u00e4ndig.<br \/>\nZus\u00e4tzlich pr\u00fcfen sie die pers\u00f6nliche Schutzausr\u00fcstung und veranlassen die Reinigung dieser.<\/p>\n<\/div><div class=\"nav fusion-mobile-tab-nav\"><ul class=\"nav-tabs\" role=\"tablist\"><li role=\"presentation\"><a class=\"tab-link\" data-toggle=\"tab\" role=\"tab\" aria-controls=\"tab-1ed2407c74bff04d04a\" aria-selected=\"false\" tabindex=\"-1\" id=\"mobile-fusion-tab-technischehilfeleistung\" href=\"#tab-1ed2407c74bff04d04a\"><h4 class=\"fusion-tab-heading\">Technische Hilfeleistung<\/h4><\/a><\/li><\/ul><\/div><div class=\"tab-pane fade fusion-clearfix\" role=\"tabpanel\" tabindex=\"0\" aria-labelledby=\"fusion-tab-technischehilfeleistung\" id=\"tab-1ed2407c74bff04d04a\">\n<h2 style=\"text-align: center;\"><strong>Technische Hilfeleistung<\/strong><\/h2>\n<p>Die Technische Hilfeleistung nimmt unterdessen den gr\u00f6\u00dften Teil der Eins\u00e4tze ein. Insbesondere die Verkehrsunf\u00e4lle sind hierbei fachlich fordernd und stellen eine hohe physische sowie psychische Belastung f\u00fcr die Einsatzkr\u00e4fte dar.<\/p>\n<p>Die zunehmenden Anforderungen, durch Entwicklungen in den Fahrzeugaufbauten sowie in den Antriebsarten, in der technischen Rettung stellen uns immer vor neue Herausforderungen. St\u00e4ndige\u00a0 Fortbildung ist so auch in diesem Bereich unerl\u00e4sslich.<br \/>\nSo werden hierf\u00fcr schon Grundlagen in der ersten Ausbildung gelegt. In verschiedenen Lehrg\u00e4ngen wird dieses Wissen anschlie\u00dfend erweitert und j\u00e4hrlich bei uns am Standort gesondert geschult.<\/p>\n<\/div><div class=\"nav fusion-mobile-tab-nav\"><ul class=\"nav-tabs\" role=\"tablist\"><li role=\"presentation\"><a class=\"tab-link\" data-toggle=\"tab\" role=\"tab\" aria-controls=\"tab-7c996f0b470fba763be\" aria-selected=\"false\" tabindex=\"-1\" id=\"mobile-fusion-tab-dienstsport\" href=\"#tab-7c996f0b470fba763be\"><h4 class=\"fusion-tab-heading\">Dienstsport<\/h4><\/a><\/li><\/ul><\/div><div class=\"tab-pane fade fusion-clearfix\" role=\"tabpanel\" tabindex=\"0\" aria-labelledby=\"fusion-tab-dienstsport\" id=\"tab-7c996f0b470fba763be\">\n<h2 style=\"text-align: center;\"><strong>Dienstsport<\/strong><\/h2>\n<p>Beim Dienstsport treffen wir uns regelm\u00e4\u00dfig mit den Kameraden der Feuerwehr Bickenbach, um unsere allgemeine Fitness zu erhalten. Hierf\u00fcr steht uns die Kreissporthalle inklusive Kraftraum sowie verschiedene Ger\u00e4te f\u00fcr CrossFit und Zirkeltraining zur Verf\u00fcgung.<\/p>\n<\/div><\/div><\/div><div class=\"fusion-clearfix\"><\/div><\/div><\/div><\/div><\/div><\/p>\n","protected":false},"excerpt":{"rendered":"","protected":false},"author":2,"featured_media":0,"parent":418,"menu_order":0,"comment_status":"closed","ping_status":"closed","template":"","meta":{"footnotes":""},"class_list":["post-435","page","type-page","status-publish","hentry"],"_links":{"self":[{"href":"https:\/\/www.feuerwehr-alsbach.de\/index.php?rest_route=\/wp\/v2\/pages\/435","targetHints":{"allow":["GET"]}}],"collection":[{"href":"https:\/\/www.feuerwehr-alsbach.de\/index.php?rest_route=\/wp\/v2\/pages"}],"about":[{"href":"https:\/\/www.feuerwehr-alsbach.de\/index.php?rest_route=\/wp\/v2\/types\/page"}],"author":[{"embeddable":true,"href":"https:\/\/www.feuerwehr-alsbach.de\/index.php?rest_route=\/wp\/v2\/users\/2"}],"replies":[{"embeddable":true,"href":"https:\/\/www.feuerwehr-alsbach.de\/index.php?rest_route=%2Fwp%2Fv2%2Fcomments&post=435"}],"version-history":[{"count":67,"href":"https:\/\/www.feuerwehr-alsbach.de\/index.php?rest_route=\/wp\/v2\/pages\/435\/revisions"}],"predecessor-version":[{"id":2871,"href":"https:\/\/www.feuerwehr-alsbach.de\/index.php?rest_route=\/wp\/v2\/pages\/435\/revisions\/2871"}],"up":[{"embeddable":true,"href":"https:\/\/www.feuerwehr-alsbach.de\/index.php?rest_route=\/wp\/v2\/pages\/418"}],"wp:attachment":[{"href":"https:\/\/www.feuerwehr-alsbach.de\/index.php?rest_route=%2Fwp%2Fv2%2Fmedia&parent=435"}],"curies":[{"name":"wp","href":"https:\/\/api.w.org\/{rel}","templated":true}]}}