{"id":429,"date":"2020-01-07T22:27:48","date_gmt":"2020-01-07T21:27:48","guid":{"rendered":"https:\/\/test.feuerwehr-alsbach.de\/?page_id=429"},"modified":"2024-02-24T10:48:08","modified_gmt":"2024-02-24T09:48:08","slug":"einsaetze","status":"publish","type":"page","link":"https:\/\/www.feuerwehr-alsbach.de\/?page_id=429","title":{"rendered":"Eins\u00e4tze"},"content":{"rendered":"<div class=\"fusion-fullwidth fullwidth-box fusion-builder-row-1 nonhundred-percent-fullwidth non-hundred-percent-height-scrolling\" style=\"--awb-border-radius-top-left:0px;--awb-border-radius-top-right:0px;--awb-border-radius-bottom-right:0px;--awb-border-radius-bottom-left:0px;--awb-flex-wrap:wrap;\" ><div class=\"fusion-builder-row fusion-row\"><div class=\"fusion-layout-column fusion_builder_column fusion-builder-column-0 fusion_builder_column_1_1 1_1 fusion-one-full fusion-column-first fusion-column-last\" style=\"--awb-bg-size:cover;\"><div class=\"fusion-column-wrapper fusion-column-has-shadow fusion-flex-column-wrapper-legacy\"><div class=\"fusion-title title fusion-title-1 sep-underline sep-solid fusion-title-center fusion-title-text fusion-title-size-one\" style=\"--awb-margin-top-small:0px;--awb-margin-right-small:0px;--awb-margin-bottom-small:0px;--awb-margin-left-small:0px;\"><h1 class=\"fusion-title-heading title-heading-center\" style=\"margin:0;\"><p style=\"text-align: center;\"><i class=\"fb-icon-element-1 fb-icon-element fontawesome-icon fa fa-fire-alt circle-no fusion-text-flow\" style=\"--awb-iconcolor:#c60000;--awb-iconcolor-hover:#c60000;--awb-font-size:40px;--awb-margin-right:10px;--awb-margin-bottom:12px;\"><\/i>Eins\u00e4tze<\/p><\/h1><\/div><div class=\"fusion-clearfix\"><\/div><\/div><\/div><div class=\"fusion-layout-column fusion_builder_column fusion-builder-column-1 fusion_builder_column_2_3 2_3 fusion-two-third fusion-column-first\" style=\"--awb-bg-size:cover;width:66.666666666667%;width:calc(66.666666666667% - ( ( 4% ) * 0.66666666666667 ) );margin-right: 4%;\"><div class=\"fusion-column-wrapper fusion-column-has-shadow fusion-flex-column-wrapper-legacy\"><div class=\"fusion-title title fusion-title-2 fusion-sep-none fusion-title-center fusion-title-text fusion-title-size-two\" style=\"--awb-margin-bottom:10px;--awb-margin-top-small:0px;--awb-margin-right-small:0px;--awb-margin-bottom-small:0px;--awb-margin-left-small:0px;\"><h2 class=\"fusion-title-heading title-heading-center\" style=\"margin:0;\"><\/h2><\/div><style type=\"text\/css\">#fusion-chart-1 .fusion-chart-legend-wrap li:nth-child(1) span{color: #ffffff;}<\/style><div id=\"fusion-chart-1\" class=\"fusion-chart\" style=\"--awb-padding-top:10;--awb-padding-bottom:10;\" data-type=\"line\" data-x_axis_labels=\" 2000|2001|2002|2003|2004|2005|2006|2007|2008|2009|2010|2011|2012|2013|2014|2015|2016|2017|2018|2019|2020|2021|2022|2023\" data-x_axis_label=\"Jahr\" data-y_axis_label=\"Einsatzzahlen\" data-show_tooltips=\"yes\" data-bg_colors=\"rgba(0,188,212,1)|rgba(139,195,74,1)|rgba(255,152,0,1)|||||||||||||||||||||\" data-border_colors=\"rgba(0,188,212,1)|rgba(139,195,74,1)|rgba(255,152,0,1)|||||||||||||||||||||\" data-border_size=\"1\" data-border_type=\"non_smooth\" data-chart_fill=\"off\" data-chart_point_style=\"circle\" data-chart_point_size=\"3\" data-chart_axis_text_color=\"rgba(102,102,102,1)\" data-chart_gridline_color=\"rgba(0,0,0,0.1)\"><div class=\"fusion-chart-dataset\" data-label=\"Einsatzzahl\" data-values=\"105|85|82|80|88|62|112|107|113|96|110|106|81|93|97|115|70|100|184|108|68|115|65|115\" data-background_color=\"rgba(244,67,54,1)\" data-border_color=\"rgba(244,67,54,1)\"><\/div><div class=\"fusion-chart-inner\"><div class=\"fusion-chart-wrap\"><canvas><\/canvas><\/div><\/div><\/div><div class=\"fusion-clearfix\"><\/div><\/div><\/div><div class=\"fusion-layout-column fusion_builder_column fusion-builder-column-2 fusion_builder_column_1_3 1_3 fusion-one-third fusion-column-last\" style=\"--awb-padding-top:5px;--awb-padding-right:5px;--awb-padding-bottom:5px;--awb-padding-left:5px;--awb-overflow:hidden;--awb-bg-image:linear-gradient(180deg, rgba(122,122,122,0.11) 0%,rgba(181,181,181,0) 72%);--awb-bg-size:cover;--awb-border-color:#878787;--awb-border-top:0;--awb-border-right:0;--awb-border-bottom:0;--awb-border-left:0;--awb-border-style:solid;--awb-border-radius:5px 5px 5px 5px;--awb-margin-top:15px;width:33.333333333333%;width:calc(33.333333333333% - ( ( 4% ) * 0.33333333333333 ) );\"><div class=\"fusion-column-wrapper fusion-column-has-shadow fusion-flex-column-wrapper-legacy\"><div class=\"fusion-text fusion-text-1\"><h2>ca. 70-120 mal im Jahr werden wir gerufen.<\/h2>\n<p>Immer dann, wenn Menschen, Tiere oder Sachwerte in unmittelbarer Gefahr sind. Der Verkehrsunfall, der brennende Topf auf dem Herd, das brennende Auto, ein Wespennest, die Notfallt\u00fcr\u00f6ffnung, der Scheunenbrand oder das Unwetter.<\/p>\n<p>Wir sind 24 Stunden f\u00fcr Sie freiwillig und unentgeltlich einsatzbereit.<br \/>\nF\u00fcr Notf\u00e4lle erreichen Sie uns \u00fcber den Notruf 112.<\/p>\n<p>Auf dieser Seite haben wir einen Auszug der Eins\u00e4tze f\u00fcr Sie zusammengestellt.<\/p>\n<\/div><div class=\"fusion-clearfix\"><\/div><\/div><\/div><div class=\"fusion-layout-column fusion_builder_column fusion-builder-column-3 fusion_builder_column_1_1 1_1 fusion-one-full fusion-column-first fusion-column-last\" style=\"--awb-bg-size:cover;\"><div class=\"fusion-column-wrapper fusion-column-has-shadow fusion-flex-column-wrapper-legacy\"><div class=\"fusion-blog-shortcode fusion-blog-shortcode-1 fusion-blog-archive fusion-blog-layout-medium fusion-blog-infinite\"><div class=\"fusion-posts-container fusion-posts-container-infinite fusion-blog-rollover\" data-pages=\"12\"><article id=\"blog-1-post-4099\" class=\"fusion-post-medium post-4099 post type-post status-publish format-standard has-post-thumbnail hentry category-blog-einsaetze\">\n\t<style type=\"text\/css\">\n\t\t\n\t\t\n\t\t\n\t\t\n\t\t\t<\/style>\n\n\n\t\t\t<div class=\"fusion-flexslider flexslider fusion-flexslider-loading fusion-post-slideshow\" style=\"\">\n\t\t<ul class=\"slides\">\n\t\t\t\n\t\t\t\t\t\t\t\t\t\t\t\t\t\t<li><div  class=\"fusion-image-wrapper fusion-image-size-fixed\" aria-haspopup=\"true\">\n\t\t\t\t<img decoding=\"async\" width=\"320\" height=\"202\" src=\"https:\/\/www.feuerwehr-alsbach.de\/wp-content\/uploads\/2024\/04\/feuerschein-320x202.jpg\" class=\"attachment-blog-medium size-blog-medium wp-post-image\" alt=\"\" srcset=\"https:\/\/www.feuerwehr-alsbach.de\/wp-content\/uploads\/2024\/04\/feuerschein-320x202.jpg 320w, https:\/\/www.feuerwehr-alsbach.de\/wp-content\/uploads\/2024\/04\/feuerschein-700x441.jpg 700w\" sizes=\"(max-width: 320px) 100vw, 320px\" \/><div class=\"fusion-rollover\">\n\t<div class=\"fusion-rollover-content\">\n\n\t\t\t\t\t\t\t\t\t\t\t\t\t\t<a class=\"fusion-rollover-link\" href=\"https:\/\/www.feuerwehr-alsbach.de\/?p=4099\">FEUER &#8211; F1 &#8211; Feuerschein<\/a>\n\t\t\t\n\t\t\t\t\t\t\t\t\n\t\t\n\t\t\t\t\t\t\t\t\n\t\t\t\t\t\t\t\t\n\t\t\n\t\t\t\t\t\t<a class=\"fusion-link-wrapper\" href=\"https:\/\/www.feuerwehr-alsbach.de\/?p=4099\" aria-label=\"FEUER &#8211; F1 &#8211; Feuerschein\"><\/a>\n\t<\/div>\n<\/div>\n<\/div>\n<\/li>\n\t\t\t\n\t\t\t\n\t\t\t\t\t\t\t\t\t\t\t\t\t\t\t\t\t\t\t\t\t\t\t\t\t\t\t\t\t\t\t\t\t\t\t\t\t\t\t\t\t\t\t\t\t\t\t\t\t\t\t\t\t\t\t\t\t\t\t\t\t\t\t\t\t\t\t\t<\/ul>\n\t<\/div>\n\t<div class=\"fusion-post-content post-content\"><h2 class=\"blog-shortcode-post-title entry-title\"><a href=\"https:\/\/www.feuerwehr-alsbach.de\/?p=4099\">FEUER &#8211; F1 &#8211; Feuerschein<\/a><\/h2><div class=\"fusion-post-content-container\"><p>   FEUER - F1 - Feuerschein  Am heutigen Sonntagabend um 19:12 Uhr wurde die Feuerwehr Alsbach-H\u00e4hnlein in die Zwingenberger Stra\u00dfe zu einem unklaren Feuerschein alarmiert. Nach erster Erkundung und keiner direkten Feststellung durch die Besatzung des ELWs (Einsatzleitwagen) wurde das erstausr\u00fcckende L\u00f6schfahrzeug zur weiteren Erkundung zum Absuchen der Weinberge nach Rauch und Feuer hangaufw\u00e4rts in das Oberdorf geschickt. Parallel dazu nahm die Leitstelle Darmstadt-Dieburg Kontak mit dem [...]<\/p><\/div><\/div><div class=\"fusion-clearfix\"><\/div><div class=\"fusion-meta-info\"><div class=\"fusion-alignleft\"><span class=\"vcard\" style=\"display: none;\"><span class=\"fn\"><a href=\"https:\/\/www.feuerwehr-alsbach.de\/?author=1\" title=\"Beitr\u00e4ge von doerr_c\" rel=\"author\">doerr_c<\/a><\/span><\/span><span class=\"updated\" style=\"display:none;\">2024-04-05T10:13:36+02:00<\/span><span>Sonntag, 17. M\u00e4rz 2024<\/span><span class=\"fusion-inline-sep\">|<\/span><\/div><div class=\"fusion-alignright\"><a class=\"fusion-read-more\" href=\"https:\/\/www.feuerwehr-alsbach.de\/?p=4099\" aria-label=\"More on FEUER &#8211; F1 &#8211; Feuerschein\">Weiterlesen<\/a><\/div><\/div><\/article>\n<article id=\"blog-1-post-4090\" class=\"fusion-post-medium post-4090 post type-post status-publish format-standard has-post-thumbnail hentry category-blog-einsaetze\">\n\t<style type=\"text\/css\">\n\t\t\n\t\t\n\t\t\n\t\t\n\t\t\t<\/style>\n\n\n\t\t\t<div class=\"fusion-flexslider flexslider fusion-flexslider-loading fusion-post-slideshow\" style=\"\">\n\t\t<ul class=\"slides\">\n\t\t\t\n\t\t\t\t\t\t\t\t\t\t\t\t\t\t<li><div  class=\"fusion-image-wrapper fusion-image-size-fixed\" aria-haspopup=\"true\">\n\t\t\t\t<img decoding=\"async\" width=\"320\" height=\"202\" src=\"https:\/\/www.feuerwehr-alsbach.de\/wp-content\/uploads\/2024\/03\/tueroeffnung-320x202.jpg\" class=\"attachment-blog-medium size-blog-medium wp-post-image\" alt=\"\" srcset=\"https:\/\/www.feuerwehr-alsbach.de\/wp-content\/uploads\/2024\/03\/tueroeffnung-320x202.jpg 320w, https:\/\/www.feuerwehr-alsbach.de\/wp-content\/uploads\/2024\/03\/tueroeffnung-700x441.jpg 700w\" sizes=\"(max-width: 320px) 100vw, 320px\" \/><div class=\"fusion-rollover\">\n\t<div class=\"fusion-rollover-content\">\n\n\t\t\t\t\t\t\t\t\t\t\t\t\t\t<a class=\"fusion-rollover-link\" href=\"https:\/\/www.feuerwehr-alsbach.de\/?p=4090\">TH &#8211; H 1 Y &#8211; Dringende T\u00fcr\u00f6ffnung<\/a>\n\t\t\t\n\t\t\t\t\t\t\t\t\n\t\t\n\t\t\t\t\t\t\t\t\n\t\t\t\t\t\t\t\t\n\t\t\n\t\t\t\t\t\t<a class=\"fusion-link-wrapper\" href=\"https:\/\/www.feuerwehr-alsbach.de\/?p=4090\" aria-label=\"TH &#8211; H 1 Y &#8211; Dringende T\u00fcr\u00f6ffnung\"><\/a>\n\t<\/div>\n<\/div>\n<\/div>\n<\/li>\n\t\t\t\n\t\t\t\n\t\t\t\t\t\t\t\t\t\t\t\t\t\t\t\t\t\t\t\t\t\t\t\t\t\t\t\t\t\t\t\t\t\t\t\t\t\t\t\t\t\t\t\t\t\t\t\t\t\t\t\t\t\t\t\t\t\t\t\t\t\t\t\t\t\t\t\t<\/ul>\n\t<\/div>\n\t<div class=\"fusion-post-content post-content\"><h2 class=\"blog-shortcode-post-title entry-title\"><a href=\"https:\/\/www.feuerwehr-alsbach.de\/?p=4090\">TH &#8211; H 1 Y &#8211; Dringende T\u00fcr\u00f6ffnung<\/a><\/h2><div class=\"fusion-post-content-container\"><p>   TH - H 1 Y - Dringende T\u00fcr\u00f6ffnung   Heute Nachmittag um 14:50 Uhr wurde die Feuerwehr Alsbach-H\u00e4hnlein mit dem Stichwort \"H 1 Y\" in den Alsbacher Ortskern zu einer T\u00fcr\u00f6ffnung alarmiert. Kurze Zeit nach unserem Eintreffen trafen auch der Rettungsdienst und die Polizei am Einsatzort ein. Nach der Erkundung der Einheitsf\u00fchrer konnte die Wohnungst\u00fcr z\u00fcgig mittels des T\u00fcr\u00f6ffnungswerkzeuges ge\u00f6ffnet werden. Die Vermutung einer hilflosen und [...]<\/p><\/div><\/div><div class=\"fusion-clearfix\"><\/div><div class=\"fusion-meta-info\"><div class=\"fusion-alignleft\"><span class=\"vcard\" style=\"display: none;\"><span class=\"fn\"><a href=\"https:\/\/www.feuerwehr-alsbach.de\/?author=1\" title=\"Beitr\u00e4ge von doerr_c\" rel=\"author\">doerr_c<\/a><\/span><\/span><span class=\"updated\" style=\"display:none;\">2024-03-16T13:51:07+01:00<\/span><span>Sonntag, 10. M\u00e4rz 2024<\/span><span class=\"fusion-inline-sep\">|<\/span><\/div><div class=\"fusion-alignright\"><a class=\"fusion-read-more\" href=\"https:\/\/www.feuerwehr-alsbach.de\/?p=4090\" aria-label=\"More on TH &#8211; H 1 Y &#8211; Dringende T\u00fcr\u00f6ffnung\">Weiterlesen<\/a><\/div><\/div><\/article>\n<article id=\"blog-1-post-4049\" class=\"fusion-post-medium post-4049 post type-post status-publish format-standard has-post-thumbnail hentry category-blog-einsaetze\">\n\t<style type=\"text\/css\">\n\t\t\n\t\t\n\t\t\n\t\t\n\t\t\t<\/style>\n\n\n\t\t\t<div class=\"fusion-flexslider flexslider fusion-flexslider-loading fusion-post-slideshow\" style=\"\">\n\t\t<ul class=\"slides\">\n\t\t\t\n\t\t\t\t\t\t\t\t\t\t\t\t\t\t<li><div  class=\"fusion-image-wrapper fusion-image-size-fixed\" aria-haspopup=\"true\">\n\t\t\t\t<img decoding=\"async\" width=\"320\" height=\"202\" src=\"https:\/\/www.feuerwehr-alsbach.de\/wp-content\/uploads\/2024\/02\/personenrettung_001-320x202.jpg\" class=\"attachment-blog-medium size-blog-medium wp-post-image\" alt=\"\" srcset=\"https:\/\/www.feuerwehr-alsbach.de\/wp-content\/uploads\/2024\/02\/personenrettung_001-320x202.jpg 320w, https:\/\/www.feuerwehr-alsbach.de\/wp-content\/uploads\/2024\/02\/personenrettung_001-700x441.jpg 700w\" sizes=\"(max-width: 320px) 100vw, 320px\" \/><div class=\"fusion-rollover\">\n\t<div class=\"fusion-rollover-content\">\n\n\t\t\t\t\t\t\t\t\t\t\t\t\t\t<a class=\"fusion-rollover-link\" href=\"https:\/\/www.feuerwehr-alsbach.de\/?p=4049\">TH &#8211; Personenrettung aus unwegsamem Gel\u00e4nde<\/a>\n\t\t\t\n\t\t\t\t\t\t\t\t\n\t\t\n\t\t\t\t\t\t\t\t\n\t\t\t\t\t\t\t\t\n\t\t\n\t\t\t\t\t\t<a class=\"fusion-link-wrapper\" href=\"https:\/\/www.feuerwehr-alsbach.de\/?p=4049\" aria-label=\"TH &#8211; Personenrettung aus unwegsamem Gel\u00e4nde\"><\/a>\n\t<\/div>\n<\/div>\n<\/div>\n<\/li>\n\t\t\t\n\t\t\t\n\t\t\t\t\t\t\t\t\t\t\t\t\t\t\t\t\t\t\t\t\t\t\t\t\t\t\t\t\t\t\t\t\t\t\t\t\t\t\t\t\t\t\t\t\t\t\t\t\t\t\t\t\t\t\t\t\t\t\t\t\t\t\t\t\t\t\t\t<\/ul>\n\t<\/div>\n\t<div class=\"fusion-post-content post-content\"><h2 class=\"blog-shortcode-post-title entry-title\"><a href=\"https:\/\/www.feuerwehr-alsbach.de\/?p=4049\">TH &#8211; Personenrettung aus unwegsamem Gel\u00e4nde<\/a><\/h2><div class=\"fusion-post-content-container\"><p>   TH - Personenrettung aus unwegsamem Gel\u00e4nde  Kurz nach 18 Uhr wurden wir am 24.02.2024 zur Unterst\u00fctzung des Rettungsdienstes in den Alsbacher Wald gerufen. Etwa 500 Meter oberhalb des Spergrundes hatte sich eine Spazierg\u00e4ngerin nach einem Sturz verletzt. Die Unfallstelle lag auf einem schmalen und schlammigen Waldweg, der f\u00fcr den Rettungswagen nicht befahrbar war. Wir leuchteten den Waldweg aus und brachten die Patientin mit der Schleifkorbtrage zum [...]<\/p><\/div><\/div><div class=\"fusion-clearfix\"><\/div><div class=\"fusion-meta-info\"><div class=\"fusion-alignleft\"><span class=\"vcard\" style=\"display: none;\"><span class=\"fn\"><a href=\"https:\/\/www.feuerwehr-alsbach.de\/?author=1\" title=\"Beitr\u00e4ge von doerr_c\" rel=\"author\">doerr_c<\/a><\/span><\/span><span class=\"updated\" style=\"display:none;\">2024-02-25T22:45:59+01:00<\/span><span>Sonntag, 25. Februar 2024<\/span><span class=\"fusion-inline-sep\">|<\/span><\/div><div class=\"fusion-alignright\"><a class=\"fusion-read-more\" href=\"https:\/\/www.feuerwehr-alsbach.de\/?p=4049\" aria-label=\"More on TH &#8211; Personenrettung aus unwegsamem Gel\u00e4nde\">Weiterlesen<\/a><\/div><\/div><\/article>\n<article id=\"blog-1-post-4038\" class=\"fusion-post-medium post-4038 post type-post status-publish format-standard has-post-thumbnail hentry category-blog-einsaetze\">\n\t<style type=\"text\/css\">\n\t\t\n\t\t\n\t\t\n\t\t\n\t\t\t<\/style>\n\n\n\t\t\t<div class=\"fusion-flexslider flexslider fusion-flexslider-loading fusion-post-slideshow\" style=\"\">\n\t\t<ul class=\"slides\">\n\t\t\t\n\t\t\t\t\t\t\t\t\t\t\t\t\t\t<li><div  class=\"fusion-image-wrapper fusion-image-size-fixed\" aria-haspopup=\"true\">\n\t\t\t\t<img decoding=\"async\" width=\"320\" height=\"202\" src=\"https:\/\/www.feuerwehr-alsbach.de\/wp-content\/uploads\/2024\/02\/wasser_23.02.24_001-320x202.jpg\" class=\"attachment-blog-medium size-blog-medium wp-post-image\" alt=\"\" srcset=\"https:\/\/www.feuerwehr-alsbach.de\/wp-content\/uploads\/2024\/02\/wasser_23.02.24_001-320x202.jpg 320w, https:\/\/www.feuerwehr-alsbach.de\/wp-content\/uploads\/2024\/02\/wasser_23.02.24_001-700x441.jpg 700w\" sizes=\"(max-width: 320px) 100vw, 320px\" \/><div class=\"fusion-rollover\">\n\t<div class=\"fusion-rollover-content\">\n\n\t\t\t\t\t\t\t\t\t\t\t\t\t\t<a class=\"fusion-rollover-link\" href=\"https:\/\/www.feuerwehr-alsbach.de\/?p=4038\">TH &#8211; Wasser in Keller<\/a>\n\t\t\t\n\t\t\t\t\t\t\t\t\n\t\t\n\t\t\t\t\t\t\t\t\n\t\t\t\t\t\t\t\t\n\t\t\n\t\t\t\t\t\t<a class=\"fusion-link-wrapper\" href=\"https:\/\/www.feuerwehr-alsbach.de\/?p=4038\" aria-label=\"TH &#8211; Wasser in Keller\"><\/a>\n\t<\/div>\n<\/div>\n<\/div>\n<\/li>\n\t\t\t\n\t\t\t\n\t\t\t\t\t\t\t\t\t\t\t\t\t\t\t\t\t\t\t\t\t\t\t\t\t\t\t\t\t\t\t\t\t\t\t\t\t\t\t\t\t\t\t\t\t\t\t\t\t\t\t\t\t\t\t\t\t\t\t\t\t\t\t\t\t\t\t\t<\/ul>\n\t<\/div>\n\t<div class=\"fusion-post-content post-content\"><h2 class=\"blog-shortcode-post-title entry-title\"><a href=\"https:\/\/www.feuerwehr-alsbach.de\/?p=4038\">TH &#8211; Wasser in Keller<\/a><\/h2><div class=\"fusion-post-content-container\"><p>   TH - Wasser im Keller  Gegen 06:15 Uhr wurden wir mit dem Stichwort \"Wasser in Keller\" in die R\u00f6merstra\u00dfe alarmiert. Das Untergeschoss eines Mehrfamilienhauses stand auf einer Fl\u00e4che von ca. 200 m\u00b2 unter Wasser. Mit zwei Industriesaugern und einer Tauchpumpe pumpten wir die als Lagerfl\u00e4che genutzten R\u00e4umlichkeiten leer. Die hinzugerufene GGEW sowie eine vom Hauseigent\u00fcmer beauftragte Fachfirma versuchten die Ursache f\u00fcr den Wassereintritt zu finden. Gegen [...]<\/p><\/div><\/div><div class=\"fusion-clearfix\"><\/div><div class=\"fusion-meta-info\"><div class=\"fusion-alignleft\"><span class=\"vcard\" style=\"display: none;\"><span class=\"fn\"><a href=\"https:\/\/www.feuerwehr-alsbach.de\/?author=1\" title=\"Beitr\u00e4ge von doerr_c\" rel=\"author\">doerr_c<\/a><\/span><\/span><span class=\"updated\" style=\"display:none;\">2024-02-24T00:04:55+01:00<\/span><span>Samstag, 24. Februar 2024<\/span><span class=\"fusion-inline-sep\">|<\/span><\/div><div class=\"fusion-alignright\"><a class=\"fusion-read-more\" href=\"https:\/\/www.feuerwehr-alsbach.de\/?p=4038\" aria-label=\"More on TH &#8211; Wasser in Keller\">Weiterlesen<\/a><\/div><\/div><\/article>\n<article id=\"blog-1-post-4023\" class=\"fusion-post-medium post-4023 post type-post status-publish format-standard has-post-thumbnail hentry category-blog-einsaetze\">\n\t<style type=\"text\/css\">\n\t\t\n\t\t\n\t\t\n\t\t\n\t\t\t<\/style>\n\n\n\t\t\t<div class=\"fusion-flexslider flexslider fusion-flexslider-loading fusion-post-slideshow\" style=\"\">\n\t\t<ul class=\"slides\">\n\t\t\t\n\t\t\t\t\t\t\t\t\t\t\t\t\t\t<li><div  class=\"fusion-image-wrapper fusion-image-size-fixed\" aria-haspopup=\"true\">\n\t\t\t\t<img decoding=\"async\" width=\"320\" height=\"202\" src=\"https:\/\/www.feuerwehr-alsbach.de\/wp-content\/uploads\/2024\/02\/bma-320x202.jpg\" class=\"attachment-blog-medium size-blog-medium wp-post-image\" alt=\"\" srcset=\"https:\/\/www.feuerwehr-alsbach.de\/wp-content\/uploads\/2024\/02\/bma-320x202.jpg 320w, https:\/\/www.feuerwehr-alsbach.de\/wp-content\/uploads\/2024\/02\/bma-700x441.jpg 700w\" sizes=\"(max-width: 320px) 100vw, 320px\" \/><div class=\"fusion-rollover\">\n\t<div class=\"fusion-rollover-content\">\n\n\t\t\t\t\t\t\t\t\t\t\t\t\t\t<a class=\"fusion-rollover-link\" href=\"https:\/\/www.feuerwehr-alsbach.de\/?p=4023\">FEUER &#8211; BMA-Alarm<\/a>\n\t\t\t\n\t\t\t\t\t\t\t\t\n\t\t\n\t\t\t\t\t\t\t\t\n\t\t\t\t\t\t\t\t\n\t\t\n\t\t\t\t\t\t<a class=\"fusion-link-wrapper\" href=\"https:\/\/www.feuerwehr-alsbach.de\/?p=4023\" aria-label=\"FEUER &#8211; BMA-Alarm\"><\/a>\n\t<\/div>\n<\/div>\n<\/div>\n<\/li>\n\t\t\t\n\t\t\t\n\t\t\t\t\t\t\t\t\t\t\t\t\t\t\t\t\t\t\t\t\t\t\t\t\t\t\t\t\t\t\t\t\t\t\t\t\t\t\t\t\t\t\t\t\t\t\t\t\t\t\t\t\t\t\t\t\t\t\t\t\t\t\t\t\t\t\t\t<\/ul>\n\t<\/div>\n\t<div class=\"fusion-post-content post-content\"><h2 class=\"blog-shortcode-post-title entry-title\"><a href=\"https:\/\/www.feuerwehr-alsbach.de\/?p=4023\">FEUER &#8211; BMA-Alarm<\/a><\/h2><div class=\"fusion-post-content-container\"><p>   FEUER - BMA-Alarm  Eine ausgel\u00f6ste Brandmeldeanlage (BMA) alarmierte heute Nachmittag um 15:32 Uhr die Feuerwehren der Gemeinde Alsbach-H\u00e4hnlein. Grund f\u00fcr das Ausl\u00f6sen war ein abgerissener Sprinkler, sodass sich nach erster Erkundung keine Einsatzt\u00e4tigkeit f\u00fcr die Feuerwehr ergab und die Einsatzkr\u00e4fte bereits nach kurzer Zeit wieder einr\u00fccken konnten.  Arbeitszeit: 30 Minuten  Organisationen: Einsatzabteilung Alsbach Einsatzabteilung H\u00e4hnlein        <\/p><\/div><\/div><div class=\"fusion-clearfix\"><\/div><div class=\"fusion-meta-info\"><div class=\"fusion-alignleft\"><span class=\"vcard\" style=\"display: none;\"><span class=\"fn\"><a href=\"https:\/\/www.feuerwehr-alsbach.de\/?author=1\" title=\"Beitr\u00e4ge von doerr_c\" rel=\"author\">doerr_c<\/a><\/span><\/span><span class=\"updated\" style=\"display:none;\">2024-02-11T18:23:21+01:00<\/span><span>Donnerstag, 8. Februar 2024<\/span><span class=\"fusion-inline-sep\">|<\/span><\/div><div class=\"fusion-alignright\"><a class=\"fusion-read-more\" href=\"https:\/\/www.feuerwehr-alsbach.de\/?p=4023\" aria-label=\"More on FEUER &#8211; BMA-Alarm\">Weiterlesen<\/a><\/div><\/div><\/article>\n<article id=\"blog-1-post-4015\" class=\"fusion-post-medium post-4015 post type-post status-publish format-standard has-post-thumbnail hentry category-blog-einsaetze\">\n\t<style type=\"text\/css\">\n\t\t\n\t\t\n\t\t\n\t\t\n\t\t\t<\/style>\n\n\n\t\t\t<div class=\"fusion-flexslider flexslider fusion-flexslider-loading fusion-post-slideshow\" style=\"\">\n\t\t<ul class=\"slides\">\n\t\t\t\n\t\t\t\t\t\t\t\t\t\t\t\t\t\t<li><div  class=\"fusion-image-wrapper fusion-image-size-fixed\" aria-haspopup=\"true\">\n\t\t\t\t<img decoding=\"async\" width=\"320\" height=\"202\" src=\"https:\/\/www.feuerwehr-alsbach.de\/wp-content\/uploads\/2024\/02\/vu1-320x202.jpg\" class=\"attachment-blog-medium size-blog-medium wp-post-image\" alt=\"\" srcset=\"https:\/\/www.feuerwehr-alsbach.de\/wp-content\/uploads\/2024\/02\/vu1-320x202.jpg 320w, https:\/\/www.feuerwehr-alsbach.de\/wp-content\/uploads\/2024\/02\/vu1-700x441.jpg 700w\" sizes=\"(max-width: 320px) 100vw, 320px\" \/><div class=\"fusion-rollover\">\n\t<div class=\"fusion-rollover-content\">\n\n\t\t\t\t\t\t\t\t\t\t\t\t\t\t<a class=\"fusion-rollover-link\" href=\"https:\/\/www.feuerwehr-alsbach.de\/?p=4015\">TH &#8211; Verkehrsunfall<\/a>\n\t\t\t\n\t\t\t\t\t\t\t\t\n\t\t\n\t\t\t\t\t\t\t\t\n\t\t\t\t\t\t\t\t\n\t\t\n\t\t\t\t\t\t<a class=\"fusion-link-wrapper\" href=\"https:\/\/www.feuerwehr-alsbach.de\/?p=4015\" aria-label=\"TH &#8211; Verkehrsunfall\"><\/a>\n\t<\/div>\n<\/div>\n<\/div>\n<\/li>\n\t\t\t\n\t\t\t\n\t\t\t\t\t\t\t\t\t\t\t\t\t\t\t\t\t\t\t\t\t\t\t\t\t\t\t\t\t\t\t\t\t\t\t\t\t\t\t\t\t\t\t\t\t\t\t\t\t\t\t\t\t\t\t\t\t\t\t\t\t\t\t\t\t\t\t\t<\/ul>\n\t<\/div>\n\t<div class=\"fusion-post-content post-content\"><h2 class=\"blog-shortcode-post-title entry-title\"><a href=\"https:\/\/www.feuerwehr-alsbach.de\/?p=4015\">TH &#8211; Verkehrsunfall<\/a><\/h2><div class=\"fusion-post-content-container\"><p>   TH - Verkehrsunfall   Gegen 14:45 wurden wir zur Absicherung einer Hubschrauberlandung alarmiert. Im Kreuzungsbereich von L 3112 und B 3 war es zu einem Verkehrsunfall zwischen einem Auto und einem Motorroller gekommen. Damit der Rettungsdienst ungehindert arbeiten, sowie der ebenfalls angeforderte Rettungshubschrauber nahe der Unfallstelle landen konnte, wurde die L 3112 durch uns voll gesperrt. Nach Abschluss der Unfallaufnahme durch die Polizei und einen Sachverst\u00e4ndigen [...]<\/p><\/div><\/div><div class=\"fusion-clearfix\"><\/div><div class=\"fusion-meta-info\"><div class=\"fusion-alignleft\"><span class=\"vcard\" style=\"display: none;\"><span class=\"fn\"><a href=\"https:\/\/www.feuerwehr-alsbach.de\/?author=1\" title=\"Beitr\u00e4ge von doerr_c\" rel=\"author\">doerr_c<\/a><\/span><\/span><span class=\"updated\" style=\"display:none;\">2024-02-06T20:24:15+01:00<\/span><span>Mittwoch, 31. Januar 2024<\/span><span class=\"fusion-inline-sep\">|<\/span><\/div><div class=\"fusion-alignright\"><a class=\"fusion-read-more\" href=\"https:\/\/www.feuerwehr-alsbach.de\/?p=4015\" aria-label=\"More on TH &#8211; Verkehrsunfall\">Weiterlesen<\/a><\/div><\/div><\/article>\n<\/div><div class=\"fusion-infinite-scroll-trigger\"><\/div><div class=\"pagination infinite-scroll clearfix\" style=\"display:none;\"><span class=\"current\">1<\/span><a href=\"https:\/\/www.feuerwehr-alsbach.de\/index.php?rest_route=%2Fwp%2Fv2%2Fpages%2F429&#038;paged=2\" class=\"inactive\">2<\/a><a class=\"pagination-next\" rel=\"next\" href=\"https:\/\/www.feuerwehr-alsbach.de\/index.php?rest_route=%2Fwp%2Fv2%2Fpages%2F429&#038;paged=2\"><span class=\"page-text\">Vor<\/span><span class=\"page-next\"><\/span><\/a><\/div><div class=\"fusion-clearfix\"><\/div><\/div><div class=\"fusion-clearfix\"><\/div><\/div><\/div><\/div><\/div>\n","protected":false},"excerpt":{"rendered":"","protected":false},"author":2,"featured_media":0,"parent":418,"menu_order":2,"comment_status":"closed","ping_status":"closed","template":"","meta":{"footnotes":""},"class_list":["post-429","page","type-page","status-publish","hentry"],"_links":{"self":[{"href":"https:\/\/www.feuerwehr-alsbach.de\/index.php?rest_route=\/wp\/v2\/pages\/429","targetHints":{"allow":["GET"]}}],"collection":[{"href":"https:\/\/www.feuerwehr-alsbach.de\/index.php?rest_route=\/wp\/v2\/pages"}],"about":[{"href":"https:\/\/www.feuerwehr-alsbach.de\/index.php?rest_route=\/wp\/v2\/types\/page"}],"author":[{"embeddable":true,"href":"https:\/\/www.feuerwehr-alsbach.de\/index.php?rest_route=\/wp\/v2\/users\/2"}],"replies":[{"embeddable":true,"href":"https:\/\/www.feuerwehr-alsbach.de\/index.php?rest_route=%2Fwp%2Fv2%2Fcomments&post=429"}],"version-history":[{"count":26,"href":"https:\/\/www.feuerwehr-alsbach.de\/index.php?rest_route=\/wp\/v2\/pages\/429\/revisions"}],"predecessor-version":[{"id":4048,"href":"https:\/\/www.feuerwehr-alsbach.de\/index.php?rest_route=\/wp\/v2\/pages\/429\/revisions\/4048"}],"up":[{"embeddable":true,"href":"https:\/\/www.feuerwehr-alsbach.de\/index.php?rest_route=\/wp\/v2\/pages\/418"}],"wp:attachment":[{"href":"https:\/\/www.feuerwehr-alsbach.de\/index.php?rest_route=%2Fwp%2Fv2%2Fmedia&parent=429"}],"curies":[{"name":"wp","href":"https:\/\/api.w.org\/{rel}","templated":true}]}}