{"id":426,"date":"2020-01-07T22:27:36","date_gmt":"2020-01-07T21:27:36","guid":{"rendered":"https:\/\/test.feuerwehr-alsbach.de\/?page_id=426"},"modified":"2020-02-17T18:14:49","modified_gmt":"2020-02-17T17:14:49","slug":"blog-einsatzabteilung","status":"publish","type":"page","link":"https:\/\/www.feuerwehr-alsbach.de\/?page_id=426","title":{"rendered":"Blog Einsatzabteilung"},"content":{"rendered":"<div class=\"fusion-fullwidth fullwidth-box fusion-builder-row-1 nonhundred-percent-fullwidth non-hundred-percent-height-scrolling\" style=\"--awb-border-radius-top-left:0px;--awb-border-radius-top-right:0px;--awb-border-radius-bottom-right:0px;--awb-border-radius-bottom-left:0px;--awb-flex-wrap:wrap;\" ><div class=\"fusion-builder-row fusion-row\"><div class=\"fusion-layout-column fusion_builder_column fusion-builder-column-0 fusion_builder_column_1_1 1_1 fusion-one-full fusion-column-first fusion-column-last\" style=\"--awb-bg-size:cover;\"><div class=\"fusion-column-wrapper fusion-column-has-shadow fusion-flex-column-wrapper-legacy\"><div class=\"fusion-title title fusion-title-1 sep-underline sep-solid fusion-title-center fusion-title-text fusion-title-size-one\" style=\"--awb-margin-bottom:30px;--awb-margin-top-small:0px;--awb-margin-right-small:0px;--awb-margin-bottom-small:0px;--awb-margin-left-small:0px;\"><h1 class=\"fusion-title-heading title-heading-center\" style=\"margin:0;\"><p style=\"text-align: center;\"><i class=\"fb-icon-element-1 fb-icon-element fontawesome-icon fa-file-alt far circle-no fusion-text-flow\" style=\"--awb-iconcolor:#c60000;--awb-iconcolor-hover:#c60000;--awb-font-size:40px;--awb-margin-right:10px;--awb-margin-bottom:12px;\"><\/i>Blog Einsatzabteilung<\/p><\/h1><\/div><div class=\"fusion-blog-shortcode fusion-blog-shortcode-1 fusion-blog-archive fusion-blog-layout-medium fusion-blog-pagination\"><div class=\"fusion-posts-container fusion-posts-container-pagination fusion-blog-rollover\" data-pages=\"6\"><article id=\"blog-1-post-4242\" class=\"fusion-post-medium post-4242 post type-post status-publish format-standard has-post-thumbnail hentry category-blog-ehren-und-altersabteilung category-blog-einsatzabteilung category-blog-fanfarenzug category-blog-verein\">\n\t<style type=\"text\/css\">\n\t\t\n\t\t\n\t\t\n\t\t\n\t\t\t<\/style>\n\n\n\t\t\t<div class=\"fusion-flexslider flexslider fusion-flexslider-loading fusion-post-slideshow\" style=\"\">\n\t\t<ul class=\"slides\">\n\t\t\t\n\t\t\t\t\t\t\t\t\t\t\t\t\t\t<li><div  class=\"fusion-image-wrapper fusion-image-size-fixed\" aria-haspopup=\"true\">\n\t\t\t\t<img decoding=\"async\" width=\"320\" height=\"202\" src=\"https:\/\/www.feuerwehr-alsbach.de\/wp-content\/uploads\/2026\/02\/jhv2025-320x202.jpg\" class=\"attachment-blog-medium size-blog-medium wp-post-image\" alt=\"\" srcset=\"https:\/\/www.feuerwehr-alsbach.de\/wp-content\/uploads\/2026\/02\/jhv2025-320x202.jpg 320w, https:\/\/www.feuerwehr-alsbach.de\/wp-content\/uploads\/2026\/02\/jhv2025-700x441.jpg 700w\" sizes=\"(max-width: 320px) 100vw, 320px\" \/><div class=\"fusion-rollover\">\n\t<div class=\"fusion-rollover-content\">\n\n\t\t\t\t\t\t\t\t\t\t\t\t\t\t<a class=\"fusion-rollover-link\" href=\"https:\/\/www.feuerwehr-alsbach.de\/?p=4242\">Einladung zur Jahreshaupt- und Mitgliederversammlung 13.03.2026<\/a>\n\t\t\t\n\t\t\t\t\t\t\t\t\n\t\t\n\t\t\t\t\t\t\t\t\n\t\t\t\t\t\t\t\t\n\t\t\n\t\t\t\t\t\t<a class=\"fusion-link-wrapper\" href=\"https:\/\/www.feuerwehr-alsbach.de\/?p=4242\" aria-label=\"Einladung zur Jahreshaupt- und Mitgliederversammlung 13.03.2026\"><\/a>\n\t<\/div>\n<\/div>\n<\/div>\n<\/li>\n\t\t\t\n\t\t\t\n\t\t\t\t\t\t\t\t\t\t\t\t\t\t\t\t\t\t\t\t\t\t\t\t\t\t\t\t\t\t\t\t\t\t\t\t\t\t\t\t\t\t\t\t\t\t\t\t\t\t\t\t\t\t\t\t\t\t\t\t\t\t\t\t\t\t\t\t<\/ul>\n\t<\/div>\n\t<div class=\"fusion-post-content post-content\"><h2 class=\"blog-shortcode-post-title entry-title\"><a href=\"https:\/\/www.feuerwehr-alsbach.de\/?p=4242\">Einladung zur Jahreshaupt- und Mitgliederversammlung 13.03.2026<\/a><\/h2><div class=\"fusion-post-content-container\"><p>   Einladung zur Jahreshaupt- und Mitgliederversammlung am 13.03.2026  Sehr geehrte\/r Leserin\/Leser, liebe Mitglieder, hiermit laden wir Sie gem. \u00a7 15 der Gemeinde- und \u00a7 8 der neuen Vereinssatzung herzlich zu unseren JAHRESHAUPT- MITGLIEDERVERSAMMLUNGEN AM FREITAG, DEN 13.03.2026 UM 20:00 Uhr IM B\u00dcRGERHAUS ZUR SONNE HAUPTSTRASSE 26, ALSBACH ein. Nach \u00a7 8 Abs 1 der im September 2022 beschlossenen neuen Satzung haben alle Vereinsmitglieder (aktive und passive Mitglieder) [...]<\/p><\/div><\/div><div class=\"fusion-clearfix\"><\/div><div class=\"fusion-meta-info\"><div class=\"fusion-alignleft\"><span class=\"vcard\" style=\"display: none;\"><span class=\"fn\"><a href=\"https:\/\/www.feuerwehr-alsbach.de\/?author=1\" title=\"Beitr\u00e4ge von doerr_c\" rel=\"author\">doerr_c<\/a><\/span><\/span><span class=\"updated\" style=\"display:none;\">2026-02-23T17:38:18+01:00<\/span><span>Montag, 23. Februar 2026<\/span><span class=\"fusion-inline-sep\">|<\/span><\/div><div class=\"fusion-alignright\"><a class=\"fusion-read-more\" href=\"https:\/\/www.feuerwehr-alsbach.de\/?p=4242\" aria-label=\"More on Einladung zur Jahreshaupt- und Mitgliederversammlung 13.03.2026\">Weiterlesen<\/a><\/div><\/div><\/article>\n<article id=\"blog-1-post-4193\" class=\"fusion-post-medium post-4193 post type-post status-publish format-standard has-post-thumbnail hentry category-blog-ehren-und-altersabteilung category-blog-einsatzabteilung category-blog-fanfarenzug category-blog-verein\">\n\t<style type=\"text\/css\">\n\t\t\n\t\t\n\t\t\n\t\t\n\t\t\t<\/style>\n\n\n\t\t\t<div class=\"fusion-flexslider flexslider fusion-flexslider-loading fusion-post-slideshow\" style=\"\">\n\t\t<ul class=\"slides\">\n\t\t\t\n\t\t\t\t\t\t\t\t\t\t\t\t\t\t<li><div  class=\"fusion-image-wrapper fusion-image-size-fixed\" aria-haspopup=\"true\">\n\t\t\t\t<img decoding=\"async\" width=\"320\" height=\"202\" src=\"https:\/\/www.feuerwehr-alsbach.de\/wp-content\/uploads\/2025\/03\/einladung_jhv_2025-320x202.jpg\" class=\"attachment-blog-medium size-blog-medium wp-post-image\" alt=\"\" srcset=\"https:\/\/www.feuerwehr-alsbach.de\/wp-content\/uploads\/2025\/03\/einladung_jhv_2025-320x202.jpg 320w, https:\/\/www.feuerwehr-alsbach.de\/wp-content\/uploads\/2025\/03\/einladung_jhv_2025-700x441.jpg 700w\" sizes=\"(max-width: 320px) 100vw, 320px\" \/><div class=\"fusion-rollover\">\n\t<div class=\"fusion-rollover-content\">\n\n\t\t\t\t\t\t\t\t\t\t\t\t\t\t<a class=\"fusion-rollover-link\" href=\"https:\/\/www.feuerwehr-alsbach.de\/?p=4193\">Einladung zur Jahreshaupt- und Mitgliederversammlung 14.03.2025<\/a>\n\t\t\t\n\t\t\t\t\t\t\t\t\n\t\t\n\t\t\t\t\t\t\t\t\n\t\t\t\t\t\t\t\t\n\t\t\n\t\t\t\t\t\t<a class=\"fusion-link-wrapper\" href=\"https:\/\/www.feuerwehr-alsbach.de\/?p=4193\" aria-label=\"Einladung zur Jahreshaupt- und Mitgliederversammlung 14.03.2025\"><\/a>\n\t<\/div>\n<\/div>\n<\/div>\n<\/li>\n\t\t\t\n\t\t\t\n\t\t\t\t\t\t\t\t\t\t\t\t\t\t\t\t\t\t\t\t\t\t\t\t\t\t\t\t\t\t\t\t\t\t\t\t\t\t\t\t\t\t\t\t\t\t\t\t\t\t\t\t\t\t\t\t\t\t\t\t\t\t\t\t\t\t\t\t<\/ul>\n\t<\/div>\n\t<div class=\"fusion-post-content post-content\"><h2 class=\"blog-shortcode-post-title entry-title\"><a href=\"https:\/\/www.feuerwehr-alsbach.de\/?p=4193\">Einladung zur Jahreshaupt- und Mitgliederversammlung 14.03.2025<\/a><\/h2><div class=\"fusion-post-content-container\"><p>   Einladung zur Jahreshaupt- und Mitgliederversammlung am 14.03.2025  Sehr geehrte\/r Leserin\/Leser, liebe Mitglieder, hiermit laden wir Sie gem. \u00a7 15 der Gemeinde- und \u00a7 8 der neuen Vereinssatzung herzlich zu unseren JAHRESHAUPT- UND MITGLIEDERVERSAMMLUNG AM FREITAG, DEN 14.03.2025 UM 20:00 Uhr IM FEUERWEHRGER\u00c4TEHAUS FLORIANSWEG 2, ALSBACH ein. Alle Vereinsmitglieder (aktive und passive Mitglieder) haben ein Stimmrecht nach \u00a7 8 Abs 1 der im September 2022 beschlossenen neuen [...]<\/p><\/div><\/div><div class=\"fusion-clearfix\"><\/div><div class=\"fusion-meta-info\"><div class=\"fusion-alignleft\"><span class=\"vcard\" style=\"display: none;\"><span class=\"fn\"><a href=\"https:\/\/www.feuerwehr-alsbach.de\/?author=1\" title=\"Beitr\u00e4ge von doerr_c\" rel=\"author\">doerr_c<\/a><\/span><\/span><span class=\"updated\" style=\"display:none;\">2025-03-04T17:12:34+01:00<\/span><span>Dienstag, 4. M\u00e4rz 2025<\/span><span class=\"fusion-inline-sep\">|<\/span><\/div><div class=\"fusion-alignright\"><a class=\"fusion-read-more\" href=\"https:\/\/www.feuerwehr-alsbach.de\/?p=4193\" aria-label=\"More on Einladung zur Jahreshaupt- und Mitgliederversammlung 14.03.2025\">Weiterlesen<\/a><\/div><\/div><\/article>\n<article id=\"blog-1-post-4127\" class=\"fusion-post-medium post-4127 post type-post status-publish format-standard has-post-thumbnail hentry category-blog-einsatzabteilung category-blog-verein\">\n\t<style type=\"text\/css\">\n\t\t\n\t\t\n\t\t\n\t\t\n\t\t\t<\/style>\n\n\n\t\t\t<div class=\"fusion-flexslider flexslider fusion-flexslider-loading fusion-post-slideshow\" style=\"\">\n\t\t<ul class=\"slides\">\n\t\t\t\n\t\t\t\t\t\t\t\t\t\t\t\t\t\t<li><div  class=\"fusion-image-wrapper fusion-image-size-fixed\" aria-haspopup=\"true\">\n\t\t\t\t<img decoding=\"async\" width=\"320\" height=\"202\" src=\"https:\/\/www.feuerwehr-alsbach.de\/wp-content\/uploads\/2024\/04\/verein_spende1-320x202.jpg\" class=\"attachment-blog-medium size-blog-medium wp-post-image\" alt=\"\" srcset=\"https:\/\/www.feuerwehr-alsbach.de\/wp-content\/uploads\/2024\/04\/verein_spende1-320x202.jpg 320w, https:\/\/www.feuerwehr-alsbach.de\/wp-content\/uploads\/2024\/04\/verein_spende1-700x441.jpg 700w\" sizes=\"(max-width: 320px) 100vw, 320px\" \/><div class=\"fusion-rollover\">\n\t<div class=\"fusion-rollover-content\">\n\n\t\t\t\t\t\t\t\t\t\t\t\t\t\t<a class=\"fusion-rollover-link\" href=\"https:\/\/www.feuerwehr-alsbach.de\/?p=4127\">Feuerwehrverein investiert in die Sicherheit der Einsatzkr\u00e4fte<\/a>\n\t\t\t\n\t\t\t\t\t\t\t\t\n\t\t\n\t\t\t\t\t\t\t\t\n\t\t\t\t\t\t\t\t\n\t\t\n\t\t\t\t\t\t<a class=\"fusion-link-wrapper\" href=\"https:\/\/www.feuerwehr-alsbach.de\/?p=4127\" aria-label=\"Feuerwehrverein investiert in die Sicherheit der Einsatzkr\u00e4fte\"><\/a>\n\t<\/div>\n<\/div>\n<\/div>\n<\/li>\n\t\t\t\n\t\t\t\n\t\t\t\t\t\t\t\t\t\t\t\t\t\t\t\t\t\t\t\t\t\t\t\t\t\t\t\t\t\t\t\t\t\t\t\t\t\t\t\t\t\t\t\t\t\t\t\t\t\t\t\t\t\t\t\t\t\t\t\t\t\t\t\t\t\t\t\t<\/ul>\n\t<\/div>\n\t<div class=\"fusion-post-content post-content\"><h2 class=\"blog-shortcode-post-title entry-title\"><a href=\"https:\/\/www.feuerwehr-alsbach.de\/?p=4127\">Feuerwehrverein investiert in die Sicherheit der Einsatzkr\u00e4fte<\/a><\/h2><div class=\"fusion-post-content-container\"><p>   Feuerwehrverein investiert in die Sicherheit der Einsatzkr\u00e4fte Im Januar konnte ein lange geplantes Projekt dank der gro\u00dfz\u00fcgigen Unterst\u00fctzung durch den Feuerwehrverein Alsbach realisiert werden. Bei unseren beiden Gro\u00dffahrzeugen, dem LF 20\/32 und dem HTLF 16, wurde die vorhandene Heckbeklebung entfernt und gegen reflektierende, gelb-rote Folie getauscht. Weiterhin wurden an den Seiten entlang der Umrisse ebenfalls reflektierende Konturmarkierungen angebracht. Damit entspricht die Beklebung nicht nur den aktuellen Vorgaben [...]<\/p><\/div><\/div><div class=\"fusion-clearfix\"><\/div><div class=\"fusion-meta-info\"><div class=\"fusion-alignleft\"><span class=\"vcard\" style=\"display: none;\"><span class=\"fn\"><a href=\"https:\/\/www.feuerwehr-alsbach.de\/?author=1\" title=\"Beitr\u00e4ge von doerr_c\" rel=\"author\">doerr_c<\/a><\/span><\/span><span class=\"updated\" style=\"display:none;\">2024-04-08T18:56:54+02:00<\/span><span>Montag, 8. April 2024<\/span><span class=\"fusion-inline-sep\">|<\/span><\/div><div class=\"fusion-alignright\"><a class=\"fusion-read-more\" href=\"https:\/\/www.feuerwehr-alsbach.de\/?p=4127\" aria-label=\"More on Feuerwehrverein investiert in die Sicherheit der Einsatzkr\u00e4fte\">Weiterlesen<\/a><\/div><\/div><\/article>\n<article id=\"blog-1-post-4119\" class=\"fusion-post-medium post-4119 post type-post status-publish format-standard has-post-thumbnail hentry category-blog-einsatzabteilung\">\n\t<style type=\"text\/css\">\n\t\t\n\t\t\n\t\t\n\t\t\n\t\t\t<\/style>\n\n\n\t\t\t<div class=\"fusion-flexslider flexslider fusion-flexslider-loading fusion-post-slideshow\" style=\"\">\n\t\t<ul class=\"slides\">\n\t\t\t\n\t\t\t\t\t\t\t\t\t\t\t\t\t\t<li><div  class=\"fusion-image-wrapper fusion-image-size-fixed\" aria-haspopup=\"true\">\n\t\t\t\t<img decoding=\"async\" width=\"320\" height=\"202\" src=\"https:\/\/www.feuerwehr-alsbach.de\/wp-content\/uploads\/2024\/04\/uebung5-320x202.jpg\" class=\"attachment-blog-medium size-blog-medium wp-post-image\" alt=\"\" srcset=\"https:\/\/www.feuerwehr-alsbach.de\/wp-content\/uploads\/2024\/04\/uebung5-320x202.jpg 320w, https:\/\/www.feuerwehr-alsbach.de\/wp-content\/uploads\/2024\/04\/uebung5-700x441.jpg 700w\" sizes=\"(max-width: 320px) 100vw, 320px\" \/><div class=\"fusion-rollover\">\n\t<div class=\"fusion-rollover-content\">\n\n\t\t\t\t\t\t\t\t\t\t\t\t\t\t<a class=\"fusion-rollover-link\" href=\"https:\/\/www.feuerwehr-alsbach.de\/?p=4119\">Einsatz\u00fcbung in Alsbach<\/a>\n\t\t\t\n\t\t\t\t\t\t\t\t\n\t\t\n\t\t\t\t\t\t\t\t\n\t\t\t\t\t\t\t\t\n\t\t\n\t\t\t\t\t\t<a class=\"fusion-link-wrapper\" href=\"https:\/\/www.feuerwehr-alsbach.de\/?p=4119\" aria-label=\"Einsatz\u00fcbung in Alsbach\"><\/a>\n\t<\/div>\n<\/div>\n<\/div>\n<\/li>\n\t\t\t\n\t\t\t\n\t\t\t\t\t\t\t\t\t\t\t\t\t\t\t\t\t\t\t\t\t\t\t\t\t\t\t\t\t\t\t\t\t\t\t\t\t\t\t\t\t\t\t\t\t\t\t\t\t\t\t\t\t\t\t\t\t\t\t\t\t\t\t\t\t\t\t\t<\/ul>\n\t<\/div>\n\t<div class=\"fusion-post-content post-content\"><h2 class=\"blog-shortcode-post-title entry-title\"><a href=\"https:\/\/www.feuerwehr-alsbach.de\/?p=4119\">Einsatz\u00fcbung in Alsbach<\/a><\/h2><div class=\"fusion-post-content-container\"><p>   Einsatz\u00fcbung in Alsbach  Am vergangenen Dienstag f\u00fchrte die Einsatzabteilung Alsbach eine \u00dcbung an der Grillanlage im G\u00f6rschel durch. Angenommen wurde ein au\u00dfer Kontrolle geratenes Lagerfeuer, welches sich aufgrund eines starken Nordwindes auf den Wald auszubreiten drohte. Das ersteintreffende L\u00f6schfahrzeug wurde mit der Brandbek\u00e4mpfung und der Abschirmung des Baumbestandes beauftragt, w\u00e4hrend die anderen beiden Fahrzeuge eine Wasserversorgung aus einem 200 Meter entfernten Hydranten im Kreuzungsbereich der Lindenstra\u00dfe [...]<\/p><\/div><\/div><div class=\"fusion-clearfix\"><\/div><div class=\"fusion-meta-info\"><div class=\"fusion-alignleft\"><span class=\"vcard\" style=\"display: none;\"><span class=\"fn\"><a href=\"https:\/\/www.feuerwehr-alsbach.de\/?author=1\" title=\"Beitr\u00e4ge von doerr_c\" rel=\"author\">doerr_c<\/a><\/span><\/span><span class=\"updated\" style=\"display:none;\">2024-04-08T18:55:24+02:00<\/span><span>Montag, 8. April 2024<\/span><span class=\"fusion-inline-sep\">|<\/span><\/div><div class=\"fusion-alignright\"><a class=\"fusion-read-more\" href=\"https:\/\/www.feuerwehr-alsbach.de\/?p=4119\" aria-label=\"More on Einsatz\u00fcbung in Alsbach\">Weiterlesen<\/a><\/div><\/div><\/article>\n<article id=\"blog-1-post-4114\" class=\"fusion-post-medium post-4114 post type-post status-publish format-standard has-post-thumbnail hentry category-blog-ehren-und-altersabteilung category-blog-einsatzabteilung category-blog-fanfarenzug category-blog-verein\">\n\t<style type=\"text\/css\">\n\t\t\n\t\t\n\t\t\n\t\t\n\t\t\t<\/style>\n\n\n\t\t\t<div class=\"fusion-flexslider flexslider fusion-flexslider-loading fusion-post-slideshow\" style=\"\">\n\t\t<ul class=\"slides\">\n\t\t\t\n\t\t\t\t\t\t\t\t\t\t\t\t\t\t<li><div  class=\"fusion-image-wrapper fusion-image-size-fixed\" aria-haspopup=\"true\">\n\t\t\t\t<img decoding=\"async\" width=\"320\" height=\"202\" src=\"https:\/\/www.feuerwehr-alsbach.de\/wp-content\/uploads\/2024\/04\/jhv24_001-1-320x202.jpg\" class=\"attachment-blog-medium size-blog-medium wp-post-image\" alt=\"\" srcset=\"https:\/\/www.feuerwehr-alsbach.de\/wp-content\/uploads\/2024\/04\/jhv24_001-1-320x202.jpg 320w, https:\/\/www.feuerwehr-alsbach.de\/wp-content\/uploads\/2024\/04\/jhv24_001-1-700x441.jpg 700w\" sizes=\"(max-width: 320px) 100vw, 320px\" \/><div class=\"fusion-rollover\">\n\t<div class=\"fusion-rollover-content\">\n\n\t\t\t\t\t\t\t\t\t\t\t\t\t\t<a class=\"fusion-rollover-link\" href=\"https:\/\/www.feuerwehr-alsbach.de\/?p=4114\">Jahreshauptversammlung der Feuerwehr Alsbach<\/a>\n\t\t\t\n\t\t\t\t\t\t\t\t\n\t\t\n\t\t\t\t\t\t\t\t\n\t\t\t\t\t\t\t\t\n\t\t\n\t\t\t\t\t\t<a class=\"fusion-link-wrapper\" href=\"https:\/\/www.feuerwehr-alsbach.de\/?p=4114\" aria-label=\"Jahreshauptversammlung der Feuerwehr Alsbach\"><\/a>\n\t<\/div>\n<\/div>\n<\/div>\n<\/li>\n\t\t\t\n\t\t\t\n\t\t\t\t\t\t\t\t\t\t\t\t\t\t\t\t\t\t\t\t\t\t\t\t\t\t\t\t\t\t\t\t\t\t\t\t\t\t\t\t\t\t\t\t\t\t\t\t\t\t\t\t\t\t\t\t\t\t\t\t\t\t\t\t\t\t\t\t<\/ul>\n\t<\/div>\n\t<div class=\"fusion-post-content post-content\"><h2 class=\"blog-shortcode-post-title entry-title\"><a href=\"https:\/\/www.feuerwehr-alsbach.de\/?p=4114\">Jahreshauptversammlung der Feuerwehr Alsbach<\/a><\/h2><div class=\"fusion-post-content-container\"><p>   Jahreshauptversammlung der Feuerwehr Alsbach und Mitgliederversammlung des F\u00f6rdervereines  Wehrf\u00fchrer Carsten Illner und der F\u00f6rdervereinsvorsitzende J\u00f6rg Seeger begr\u00fc\u00dften die zahlreich anwesenden aktiven Kameraden und auch die interessierten G\u00e4ste. Zun\u00e4chst wurde den verstorbenen Kameraden, insbesondere dem langj\u00e4hrigen aktiven Kameraden der Feuerwehr, Mitglied des Fanfarenzuges und der Ehren- und Altersabteilung Helmut Hechler gedacht. In den Gru\u00dfworten versicherte B\u00fcrgermeister Sebastian Bubenzer weiterhin die Unterst\u00fctzung der Gemeinde und bedankte sich f\u00fcr [...]<\/p><\/div><\/div><div class=\"fusion-clearfix\"><\/div><div class=\"fusion-meta-info\"><div class=\"fusion-alignleft\"><span class=\"vcard\" style=\"display: none;\"><span class=\"fn\"><a href=\"https:\/\/www.feuerwehr-alsbach.de\/?author=1\" title=\"Beitr\u00e4ge von doerr_c\" rel=\"author\">doerr_c<\/a><\/span><\/span><span class=\"updated\" style=\"display:none;\">2024-04-05T10:28:25+02:00<\/span><span>Freitag, 5. April 2024<\/span><span class=\"fusion-inline-sep\">|<\/span><\/div><div class=\"fusion-alignright\"><a class=\"fusion-read-more\" href=\"https:\/\/www.feuerwehr-alsbach.de\/?p=4114\" aria-label=\"More on Jahreshauptversammlung der Feuerwehr Alsbach\">Weiterlesen<\/a><\/div><\/div><\/article>\n<article id=\"blog-1-post-4109\" class=\"fusion-post-medium post-4109 post type-post status-publish format-standard has-post-thumbnail hentry category-blog-einsatzabteilung\">\n\t<style type=\"text\/css\">\n\t\t\n\t\t\n\t\t\n\t\t\n\t\t\t<\/style>\n\n\n\t\t\t<div class=\"fusion-flexslider flexslider fusion-flexslider-loading fusion-post-slideshow\" style=\"\">\n\t\t<ul class=\"slides\">\n\t\t\t\n\t\t\t\t\t\t\t\t\t\t\t\t\t\t<li><div  class=\"fusion-image-wrapper fusion-image-size-fixed\" aria-haspopup=\"true\">\n\t\t\t\t<img decoding=\"async\" width=\"320\" height=\"202\" src=\"https:\/\/www.feuerwehr-alsbach.de\/wp-content\/uploads\/2024\/04\/Einsatzstellenhygiene_001-320x202.jpg\" class=\"attachment-blog-medium size-blog-medium wp-post-image\" alt=\"\" srcset=\"https:\/\/www.feuerwehr-alsbach.de\/wp-content\/uploads\/2024\/04\/Einsatzstellenhygiene_001-320x202.jpg 320w, https:\/\/www.feuerwehr-alsbach.de\/wp-content\/uploads\/2024\/04\/Einsatzstellenhygiene_001-700x441.jpg 700w\" sizes=\"(max-width: 320px) 100vw, 320px\" \/><div class=\"fusion-rollover\">\n\t<div class=\"fusion-rollover-content\">\n\n\t\t\t\t\t\t\t\t\t\t\t\t\t\t<a class=\"fusion-rollover-link\" href=\"https:\/\/www.feuerwehr-alsbach.de\/?p=4109\">Erfolgreicher \u00dcbungsabend zum Thema Einsatzstellenhygiene<\/a>\n\t\t\t\n\t\t\t\t\t\t\t\t\n\t\t\n\t\t\t\t\t\t\t\t\n\t\t\t\t\t\t\t\t\n\t\t\n\t\t\t\t\t\t<a class=\"fusion-link-wrapper\" href=\"https:\/\/www.feuerwehr-alsbach.de\/?p=4109\" aria-label=\"Erfolgreicher \u00dcbungsabend zum Thema Einsatzstellenhygiene\"><\/a>\n\t<\/div>\n<\/div>\n<\/div>\n<\/li>\n\t\t\t\n\t\t\t\n\t\t\t\t\t\t\t\t\t\t\t\t\t\t\t\t\t\t\t\t\t\t\t\t\t\t\t\t\t\t\t\t\t\t\t\t\t\t\t\t\t\t\t\t\t\t\t\t\t\t\t\t\t\t\t\t\t\t\t\t\t\t\t\t\t\t\t\t<\/ul>\n\t<\/div>\n\t<div class=\"fusion-post-content post-content\"><h2 class=\"blog-shortcode-post-title entry-title\"><a href=\"https:\/\/www.feuerwehr-alsbach.de\/?p=4109\">Erfolgreicher \u00dcbungsabend zum Thema Einsatzstellenhygiene<\/a><\/h2><div class=\"fusion-post-content-container\"><p>   Erfolgreicher \u00dcbungsabend zum Thema Einsatzstellenhygiene Am gestrigen Dienstagabend stand f\u00fcr die Einsatzabteilung Alsbach das Thema \"Einsatzstellenhygiene\" auf dem \u00dcbungsplan. Beispielsweise nach Eins\u00e4tzen unter Atemschutz ist es wichtig, die vom Rauchgas und Ru\u00df kontaminierte Einsatzkleidung fachgerecht abzulegen. Diese wird dann im Einsatzfall in der W\u00e4scherei der Feuerwehr Seeheim gr\u00fcndlich gereinigt, bevor sie erneut zum Einsatz kommen kann. Der daf\u00fcr auf dem GW (Ger\u00e4tewagen) verlastete Rollcontainer \"Einsatzstellenhygiene\" wurde abgeladen [...]<\/p><\/div><\/div><div class=\"fusion-clearfix\"><\/div><div class=\"fusion-meta-info\"><div class=\"fusion-alignleft\"><span class=\"vcard\" style=\"display: none;\"><span class=\"fn\"><a href=\"https:\/\/www.feuerwehr-alsbach.de\/?author=1\" title=\"Beitr\u00e4ge von doerr_c\" rel=\"author\">doerr_c<\/a><\/span><\/span><span class=\"updated\" style=\"display:none;\">2024-04-05T10:24:50+02:00<\/span><span>Mittwoch, 20. M\u00e4rz 2024<\/span><span class=\"fusion-inline-sep\">|<\/span><\/div><div class=\"fusion-alignright\"><a class=\"fusion-read-more\" href=\"https:\/\/www.feuerwehr-alsbach.de\/?p=4109\" aria-label=\"More on Erfolgreicher \u00dcbungsabend zum Thema Einsatzstellenhygiene\">Weiterlesen<\/a><\/div><\/div><\/article>\n<\/div><div class=\"pagination clearfix\"><span class=\"current\">1<\/span><a href=\"https:\/\/www.feuerwehr-alsbach.de\/index.php?rest_route=%2Fwp%2Fv2%2Fpages%2F426&#038;paged=2\" class=\"inactive\">2<\/a><a class=\"pagination-next\" rel=\"next\" href=\"https:\/\/www.feuerwehr-alsbach.de\/index.php?rest_route=%2Fwp%2Fv2%2Fpages%2F426&#038;paged=2\"><span class=\"page-text\">Vor<\/span><span class=\"page-next\"><\/span><\/a><\/div><div class=\"fusion-clearfix\"><\/div><\/div><div class=\"fusion-clearfix\"><\/div><\/div><\/div><\/div><\/div>\n","protected":false},"excerpt":{"rendered":"","protected":false},"author":2,"featured_media":0,"parent":418,"menu_order":1,"comment_status":"closed","ping_status":"closed","template":"","meta":{"footnotes":""},"class_list":["post-426","page","type-page","status-publish","hentry"],"_links":{"self":[{"href":"https:\/\/www.feuerwehr-alsbach.de\/index.php?rest_route=\/wp\/v2\/pages\/426","targetHints":{"allow":["GET"]}}],"collection":[{"href":"https:\/\/www.feuerwehr-alsbach.de\/index.php?rest_route=\/wp\/v2\/pages"}],"about":[{"href":"https:\/\/www.feuerwehr-alsbach.de\/index.php?rest_route=\/wp\/v2\/types\/page"}],"author":[{"embeddable":true,"href":"https:\/\/www.feuerwehr-alsbach.de\/index.php?rest_route=\/wp\/v2\/users\/2"}],"replies":[{"embeddable":true,"href":"https:\/\/www.feuerwehr-alsbach.de\/index.php?rest_route=%2Fwp%2Fv2%2Fcomments&post=426"}],"version-history":[{"count":8,"href":"https:\/\/www.feuerwehr-alsbach.de\/index.php?rest_route=\/wp\/v2\/pages\/426\/revisions"}],"predecessor-version":[{"id":1466,"href":"https:\/\/www.feuerwehr-alsbach.de\/index.php?rest_route=\/wp\/v2\/pages\/426\/revisions\/1466"}],"up":[{"embeddable":true,"href":"https:\/\/www.feuerwehr-alsbach.de\/index.php?rest_route=\/wp\/v2\/pages\/418"}],"wp:attachment":[{"href":"https:\/\/www.feuerwehr-alsbach.de\/index.php?rest_route=%2Fwp%2Fv2%2Fmedia&parent=426"}],"curies":[{"name":"wp","href":"https:\/\/api.w.org\/{rel}","templated":true}]}}