{"id":2964,"date":"2020-12-05T15:03:33","date_gmt":"2020-12-05T14:03:33","guid":{"rendered":"https:\/\/www.feuerwehr-alsbach.de\/?page_id=2964"},"modified":"2023-11-18T09:10:56","modified_gmt":"2023-11-18T08:10:56","slug":"spenden","status":"publish","type":"page","link":"https:\/\/www.feuerwehr-alsbach.de\/?page_id=2964","title":{"rendered":"Spenden"},"content":{"rendered":"<div class=\"fusion-fullwidth fullwidth-box fusion-builder-row-1 nonhundred-percent-fullwidth non-hundred-percent-height-scrolling\" style=\"--awb-border-radius-top-left:0px;--awb-border-radius-top-right:0px;--awb-border-radius-bottom-right:0px;--awb-border-radius-bottom-left:0px;--awb-flex-wrap:wrap;\" ><div class=\"fusion-builder-row fusion-row\"><div class=\"fusion-layout-column fusion_builder_column fusion-builder-column-0 fusion_builder_column_1_1 1_1 fusion-one-full fusion-column-first fusion-column-last\" style=\"--awb-bg-size:cover;\"><div class=\"fusion-column-wrapper fusion-column-has-shadow fusion-flex-column-wrapper-legacy\"><div class=\"fusion-title title fusion-title-1 fusion-sep-none fusion-title-center fusion-title-text fusion-title-size-one\" style=\"--awb-margin-bottom:10px;--awb-margin-top-small:0px;--awb-margin-right-small:0px;--awb-margin-bottom-small:0px;--awb-margin-left-small:0px;\"><h1 class=\"fusion-title-heading title-heading-center\" style=\"margin:0;\"><strong><i class=\"fb-icon-element-1 fb-icon-element fontawesome-icon fa fa-hand-holding-usd circle-no fusion-text-flow\" style=\"--awb-iconcolor:rgba(244,16,0,0.96);--awb-iconcolor-hover:rgba(244,16,0,0.96);--awb-font-size:42px;--awb-margin-right:21px;\"><\/i> <\/strong>Spenden an den F\u00f6rderverein Freiwillige Feuerwehr Alsbach\/Bergstra\u00dfe Alsbach<\/h1><\/div><div class=\"fusion-clearfix\"><\/div><\/div><\/div><div class=\"fusion-layout-column fusion_builder_column fusion-builder-column-1 fusion_builder_column_2_3 2_3 fusion-two-third fusion-column-first\" style=\"--awb-bg-size:cover;width:66.666666666667%;width:calc(66.666666666667% - ( ( 4% ) * 0.66666666666667 ) );margin-right: 4%;\"><div class=\"fusion-column-wrapper fusion-column-has-shadow fusion-flex-column-wrapper-legacy\"><div class=\"fusion-text fusion-text-1\"><div class=\"ui-provider a b c d e f g h i j k l m n o p q r s t u v w x y z ab ac ae af ag ah ai aj ak\" dir=\"ltr\">\n<p>Liebe Mitb\u00fcrgerinnen und Mitb\u00fcrger,<\/p>\n<div>\n<p>vielen Dank, dass Sie unsere ehrenamtliche Arbeit unterst\u00fctzt m\u00f6chten. Ohne die Spenden von Ihnen und anderen F\u00f6rderern w\u00e4re es nicht m\u00f6glich alle Abteilungen der Feuerwehr Alsbach in dem Umfang zu st\u00e4rken, wie es notwendig ist.<\/p>\n<p>Nachfolgend einige Punkte welche durch die Gelder aus Spenden, Mitgliedsbeitr\u00e4gen und weiteren Einnahmen aus Veranstaltungen etc. finanziell unterst\u00fctzt werden.<\/p>\n<ul>\n<li><strong>Jugendarbeit: Kinder- und Jugendfeuerwehr<\/strong><br \/>\nAusr\u00fcstung, altersgerechte Feuerwehrger\u00e4te, Lernmaterialien, Bildungsfreizeiten<\/li>\n<li><strong>Unterst\u00fctzung der Einsatzabteilung<\/strong><br \/>\nLehr- und Ausbildungsmaterialien, pers\u00f6nliche Schutzausr\u00fcstung, Beschaffung von Fahrzeugen und Feuerwehrger\u00e4ten<\/li>\n<li><strong>Fanfarenzug:<\/strong><br \/>\n\u00dcbernahme von Ausbildungskosten und Beschaffung von Instrumenten<\/li>\n<li><strong>Unterhaltung Infrastruktur Ger\u00e4tehaus<\/strong><br \/>\nIT, Instandhaltung der R\u00e4umlichkeiten<\/li>\n<\/ul>\n<div class=\"ui-box kf blf\" data-is-focusable=\"false\" aria-disabled=\"false\">\n<div class=\"ms-FocusZone ui-chat__message gv bq ce blg blh dg azx bkh xx agw xo ach aci acj ack lx be zj asf asg ej el em en eo ep eq er es et eu ev la lb lc ld fb fc fd fe ff fg fh fi fj fk fl fm fn fo fp fq fr le lf lg lh fw fx fy fz ga gb gc gd ge gf ash asi asj bol ask asl asm asn aso asp asq asr ass ast asu asv asw asx asy asz ata atb atc atd ate atf focused\" tabindex=\"0\" role=\"group\" data-is-focusable=\"true\" aria-labelledby=\"author-1609274197258 important-1609274197258 badge-1609274197258 read-status-icon-1609274197258 content-1609274197258 attachments-1609274197258 timestamp-1609274197258\" data-last-visible=\"true\" data-mid=\"1609274197258\" data-tid=\"chat-pane-message\" data-focuszone-id=\"FocusZone47\">\n<div id=\"content-1609274197258\" class=\"ui-box bll blm be dj ath ati atj atk atl atj ao atm atn ato atp atq atr ats att atu atv atw atx aty atz aua aub auc aud aue auf aug auh aui auj auk aul aum aun auo aup auq aur aus aut auu auv auw aux auy auz ava avb avc avd ave avf avg avh avi avj avk avl avm avn avo avp avq avr avs avt avu avv avw avx avy avz awa awb awc awd awe awf awg awh awi awj awk awl awm awn awo awp awq awr aws awt awu awv aww awx awy awz axa axb axc axd axe axf axg axh axi axj axk axl axm axn axo axp axq axr axs axt axu axv axw axx axy axz aya ayb ayc ayd aye ayf ayg ayh ayi ayj ayk ayl aym ayn ayo ayp ayq ayr ays ayt ayu ayv ayw bln blo ayz aza azb azc ui-chat__message__content\" dir=\"auto\" aria-label=\"Vorab im Namen der gesamten Feuerwehr Alsbach besten Dank f\u00fcr Ihren geleisteten Beitrag an der F\u00f6rderung unserer Feuerwehr.\">\n<div>\n<p>Vorab im Namen der gesamten Feuerwehr Alsbach besten Dank f\u00fcr Ihren geleisteten Beitrag zur F\u00f6rderung unserer Feuerwehr.<\/p>\n<\/div>\n<\/div>\n<\/div>\n<\/div>\n<\/div>\n<\/div>\n<\/div><div class=\"fusion-clearfix\"><\/div><\/div><\/div><div class=\"fusion-layout-column fusion_builder_column fusion-builder-column-2 fusion_builder_column_1_3 1_3 fusion-one-third fusion-column-last\" style=\"--awb-padding-top:30px;--awb-bg-size:cover;width:33.333333333333%;width:calc(33.333333333333% - ( ( 4% ) * 0.33333333333333 ) );\"><div class=\"fusion-column-wrapper fusion-column-has-shadow fusion-flex-column-wrapper-legacy\"><div class=\"fusion-image-carousel fusion-image-carousel-auto fusion-image-carousel-1 fusion-carousel-border\"><div class=\"awb-carousel awb-swiper awb-swiper-carousel awb-carousel--carousel awb-swiper-dots-position-bottom\" data-layout=\"carousel\" data-autoplay=\"yes\" data-autoplayspeed=\"2500\" data-autoplaypause=\"no\" data-columns=\"1\" data-columnsmedium=\"1\" data-columnssmall=\"1\" data-itemmargin=\"13\" data-itemwidth=\"180\" data-touchscroll=\"no\" data-freemode=\"no\" data-imagesize=\"auto\" data-scrollitems=\"0\" data-centeredslides=\"no\" data-rotationangle=\"50\" data-depth=\"100\" data-speed=\"500\" data-shadow=\"no\" data-pagination=\"bullets\" style=\"--awb-columns:1;--awb-border-width:1px;--awb-border-color:#e9eaee;\"><div class=\"swiper-wrapper awb-image-carousel-wrapper fusion-flex-align-items-center\"><div class=\"swiper-slide\"><div class=\"fusion-carousel-item-wrapper\"><div class=\"fusion-image-wrapper hover-type-zoomin\"><img decoding=\"async\" width=\"1500\" height=\"1125\" src=\"https:\/\/www.feuerwehr-alsbach.de\/wp-content\/uploads\/2020\/12\/zelt_jf.jpg\" class=\"attachment-full size-full\" alt=\"\" srcset=\"https:\/\/www.feuerwehr-alsbach.de\/wp-content\/uploads\/2020\/12\/zelt_jf-200x150.jpg 200w, https:\/\/www.feuerwehr-alsbach.de\/wp-content\/uploads\/2020\/12\/zelt_jf-300x225.jpg 300w, https:\/\/www.feuerwehr-alsbach.de\/wp-content\/uploads\/2020\/12\/zelt_jf-400x300.jpg 400w, https:\/\/www.feuerwehr-alsbach.de\/wp-content\/uploads\/2020\/12\/zelt_jf-600x450.jpg 600w, https:\/\/www.feuerwehr-alsbach.de\/wp-content\/uploads\/2020\/12\/zelt_jf-768x576.jpg 768w, https:\/\/www.feuerwehr-alsbach.de\/wp-content\/uploads\/2020\/12\/zelt_jf-800x600.jpg 800w, https:\/\/www.feuerwehr-alsbach.de\/wp-content\/uploads\/2020\/12\/zelt_jf-1024x768.jpg 1024w, https:\/\/www.feuerwehr-alsbach.de\/wp-content\/uploads\/2020\/12\/zelt_jf-1200x900.jpg 1200w, https:\/\/www.feuerwehr-alsbach.de\/wp-content\/uploads\/2020\/12\/zelt_jf.jpg 1500w\" sizes=\"(max-width: 1500px) 100vw, 1500px\" \/><\/div><\/div><\/div><div class=\"swiper-slide\"><div class=\"fusion-carousel-item-wrapper\"><div class=\"fusion-image-wrapper hover-type-zoomin\"><img decoding=\"async\" width=\"1500\" height=\"1125\" src=\"https:\/\/www.feuerwehr-alsbach.de\/wp-content\/uploads\/2020\/12\/shirts_jf.jpg\" class=\"attachment-full size-full\" alt=\"\" srcset=\"https:\/\/www.feuerwehr-alsbach.de\/wp-content\/uploads\/2020\/12\/shirts_jf-200x150.jpg 200w, https:\/\/www.feuerwehr-alsbach.de\/wp-content\/uploads\/2020\/12\/shirts_jf-300x225.jpg 300w, https:\/\/www.feuerwehr-alsbach.de\/wp-content\/uploads\/2020\/12\/shirts_jf-400x300.jpg 400w, https:\/\/www.feuerwehr-alsbach.de\/wp-content\/uploads\/2020\/12\/shirts_jf-600x450.jpg 600w, https:\/\/www.feuerwehr-alsbach.de\/wp-content\/uploads\/2020\/12\/shirts_jf-768x576.jpg 768w, https:\/\/www.feuerwehr-alsbach.de\/wp-content\/uploads\/2020\/12\/shirts_jf-800x600.jpg 800w, https:\/\/www.feuerwehr-alsbach.de\/wp-content\/uploads\/2020\/12\/shirts_jf-1024x768.jpg 1024w, https:\/\/www.feuerwehr-alsbach.de\/wp-content\/uploads\/2020\/12\/shirts_jf-1200x900.jpg 1200w, https:\/\/www.feuerwehr-alsbach.de\/wp-content\/uploads\/2020\/12\/shirts_jf.jpg 1500w\" sizes=\"(max-width: 1500px) 100vw, 1500px\" \/><\/div><\/div><\/div><div class=\"swiper-slide\"><div class=\"fusion-carousel-item-wrapper\"><div class=\"fusion-image-wrapper hover-type-zoomin\"><img decoding=\"async\" width=\"1500\" height=\"1125\" src=\"https:\/\/www.feuerwehr-alsbach.de\/wp-content\/uploads\/2020\/12\/rwm_asylantenheim.jpg\" class=\"attachment-full size-full\" alt=\"\" srcset=\"https:\/\/www.feuerwehr-alsbach.de\/wp-content\/uploads\/2020\/12\/rwm_asylantenheim-200x150.jpg 200w, https:\/\/www.feuerwehr-alsbach.de\/wp-content\/uploads\/2020\/12\/rwm_asylantenheim-300x225.jpg 300w, https:\/\/www.feuerwehr-alsbach.de\/wp-content\/uploads\/2020\/12\/rwm_asylantenheim-400x300.jpg 400w, https:\/\/www.feuerwehr-alsbach.de\/wp-content\/uploads\/2020\/12\/rwm_asylantenheim-600x450.jpg 600w, https:\/\/www.feuerwehr-alsbach.de\/wp-content\/uploads\/2020\/12\/rwm_asylantenheim-768x576.jpg 768w, https:\/\/www.feuerwehr-alsbach.de\/wp-content\/uploads\/2020\/12\/rwm_asylantenheim-800x600.jpg 800w, https:\/\/www.feuerwehr-alsbach.de\/wp-content\/uploads\/2020\/12\/rwm_asylantenheim-1024x768.jpg 1024w, https:\/\/www.feuerwehr-alsbach.de\/wp-content\/uploads\/2020\/12\/rwm_asylantenheim-1200x900.jpg 1200w, https:\/\/www.feuerwehr-alsbach.de\/wp-content\/uploads\/2020\/12\/rwm_asylantenheim.jpg 1500w\" sizes=\"(max-width: 1500px) 100vw, 1500px\" \/><\/div><\/div><\/div><div class=\"swiper-slide\"><div class=\"fusion-carousel-item-wrapper\"><div class=\"fusion-image-wrapper hover-type-zoomin\"><img decoding=\"async\" width=\"1500\" height=\"1125\" src=\"https:\/\/www.feuerwehr-alsbach.de\/wp-content\/uploads\/2020\/12\/rollwagen.jpg\" class=\"attachment-full size-full\" alt=\"\" srcset=\"https:\/\/www.feuerwehr-alsbach.de\/wp-content\/uploads\/2020\/12\/rollwagen-200x150.jpg 200w, https:\/\/www.feuerwehr-alsbach.de\/wp-content\/uploads\/2020\/12\/rollwagen-300x225.jpg 300w, https:\/\/www.feuerwehr-alsbach.de\/wp-content\/uploads\/2020\/12\/rollwagen-400x300.jpg 400w, https:\/\/www.feuerwehr-alsbach.de\/wp-content\/uploads\/2020\/12\/rollwagen-600x450.jpg 600w, https:\/\/www.feuerwehr-alsbach.de\/wp-content\/uploads\/2020\/12\/rollwagen-768x576.jpg 768w, https:\/\/www.feuerwehr-alsbach.de\/wp-content\/uploads\/2020\/12\/rollwagen-800x600.jpg 800w, https:\/\/www.feuerwehr-alsbach.de\/wp-content\/uploads\/2020\/12\/rollwagen-1024x768.jpg 1024w, https:\/\/www.feuerwehr-alsbach.de\/wp-content\/uploads\/2020\/12\/rollwagen-1200x900.jpg 1200w, https:\/\/www.feuerwehr-alsbach.de\/wp-content\/uploads\/2020\/12\/rollwagen.jpg 1500w\" sizes=\"(max-width: 1500px) 100vw, 1500px\" \/><\/div><\/div><\/div><div class=\"swiper-slide\"><div class=\"fusion-carousel-item-wrapper\"><div class=\"fusion-image-wrapper hover-type-zoomin\"><img decoding=\"async\" width=\"1500\" height=\"1131\" src=\"https:\/\/www.feuerwehr-alsbach.de\/wp-content\/uploads\/2020\/12\/rettungsplattform.jpg\" class=\"attachment-full size-full\" alt=\"\" srcset=\"https:\/\/www.feuerwehr-alsbach.de\/wp-content\/uploads\/2020\/12\/rettungsplattform-200x151.jpg 200w, https:\/\/www.feuerwehr-alsbach.de\/wp-content\/uploads\/2020\/12\/rettungsplattform-300x226.jpg 300w, https:\/\/www.feuerwehr-alsbach.de\/wp-content\/uploads\/2020\/12\/rettungsplattform-400x302.jpg 400w, https:\/\/www.feuerwehr-alsbach.de\/wp-content\/uploads\/2020\/12\/rettungsplattform-600x452.jpg 600w, https:\/\/www.feuerwehr-alsbach.de\/wp-content\/uploads\/2020\/12\/rettungsplattform-768x579.jpg 768w, https:\/\/www.feuerwehr-alsbach.de\/wp-content\/uploads\/2020\/12\/rettungsplattform-800x603.jpg 800w, https:\/\/www.feuerwehr-alsbach.de\/wp-content\/uploads\/2020\/12\/rettungsplattform-1024x772.jpg 1024w, https:\/\/www.feuerwehr-alsbach.de\/wp-content\/uploads\/2020\/12\/rettungsplattform-1200x905.jpg 1200w, https:\/\/www.feuerwehr-alsbach.de\/wp-content\/uploads\/2020\/12\/rettungsplattform.jpg 1500w\" sizes=\"(max-width: 1500px) 100vw, 1500px\" \/><\/div><\/div><\/div><div class=\"swiper-slide\"><div class=\"fusion-carousel-item-wrapper\"><div class=\"fusion-image-wrapper hover-type-zoomin\"><img decoding=\"async\" width=\"1500\" height=\"1130\" src=\"https:\/\/www.feuerwehr-alsbach.de\/wp-content\/uploads\/2020\/12\/akkugeraete.jpg\" class=\"attachment-full size-full\" alt=\"\" srcset=\"https:\/\/www.feuerwehr-alsbach.de\/wp-content\/uploads\/2020\/12\/akkugeraete-200x151.jpg 200w, https:\/\/www.feuerwehr-alsbach.de\/wp-content\/uploads\/2020\/12\/akkugeraete-300x226.jpg 300w, https:\/\/www.feuerwehr-alsbach.de\/wp-content\/uploads\/2020\/12\/akkugeraete-400x301.jpg 400w, https:\/\/www.feuerwehr-alsbach.de\/wp-content\/uploads\/2020\/12\/akkugeraete-600x452.jpg 600w, https:\/\/www.feuerwehr-alsbach.de\/wp-content\/uploads\/2020\/12\/akkugeraete-768x579.jpg 768w, https:\/\/www.feuerwehr-alsbach.de\/wp-content\/uploads\/2020\/12\/akkugeraete-800x603.jpg 800w, https:\/\/www.feuerwehr-alsbach.de\/wp-content\/uploads\/2020\/12\/akkugeraete-1024x771.jpg 1024w, https:\/\/www.feuerwehr-alsbach.de\/wp-content\/uploads\/2020\/12\/akkugeraete-1200x904.jpg 1200w, https:\/\/www.feuerwehr-alsbach.de\/wp-content\/uploads\/2020\/12\/akkugeraete.jpg 1500w\" sizes=\"(max-width: 1500px) 100vw, 1500px\" \/><\/div><\/div><\/div><\/div><div class=\"awb-swiper-button awb-swiper-button-prev\"><i class=\"awb-icon-angle-left\" aria-hidden=\"true\"><\/i><\/div><div class=\"awb-swiper-button awb-swiper-button-next\"><i class=\"awb-icon-angle-right\" aria-hidden=\"true\"><\/i><\/div><\/div><\/div><div class=\"fusion-clearfix\"><\/div><\/div><\/div><div class=\"fusion-layout-column fusion_builder_column fusion-builder-column-3 fusion_builder_column_1_1 1_1 fusion-one-full fusion-column-first fusion-column-last\" style=\"--awb-bg-size:cover;\"><div class=\"fusion-column-wrapper fusion-column-has-shadow fusion-flex-column-wrapper-legacy\"><div class=\"fusion-text fusion-text-2\"><div><strong>Unsere Bankverbindung lautet:<\/strong><\/div>\n<div><\/div>\n<div><strong>IBAN: DE20 5086 1501 0000 1003 74<\/strong><\/div>\n<div><strong>BIC: GENODE51ABH<\/strong><\/div>\n<div><strong>Kreditinstitut: Raiffeisenbank N\u00f6rdliche Bergstra\u00dfe eG<\/strong><\/div>\n<div><strong>Kontoinhaber: Feuerwehr Alsbach<\/strong><\/div>\n<div><\/div>\n<\/div><div class=\"fusion-clearfix\"><\/div><\/div><\/div><\/div><\/div>\n","protected":false},"excerpt":{"rendered":"","protected":false},"author":1,"featured_media":0,"parent":441,"menu_order":0,"comment_status":"closed","ping_status":"closed","template":"","meta":{"footnotes":""},"class_list":["post-2964","page","type-page","status-publish","hentry"],"_links":{"self":[{"href":"https:\/\/www.feuerwehr-alsbach.de\/index.php?rest_route=\/wp\/v2\/pages\/2964","targetHints":{"allow":["GET"]}}],"collection":[{"href":"https:\/\/www.feuerwehr-alsbach.de\/index.php?rest_route=\/wp\/v2\/pages"}],"about":[{"href":"https:\/\/www.feuerwehr-alsbach.de\/index.php?rest_route=\/wp\/v2\/types\/page"}],"author":[{"embeddable":true,"href":"https:\/\/www.feuerwehr-alsbach.de\/index.php?rest_route=\/wp\/v2\/users\/1"}],"replies":[{"embeddable":true,"href":"https:\/\/www.feuerwehr-alsbach.de\/index.php?rest_route=%2Fwp%2Fv2%2Fcomments&post=2964"}],"version-history":[{"count":28,"href":"https:\/\/www.feuerwehr-alsbach.de\/index.php?rest_route=\/wp\/v2\/pages\/2964\/revisions"}],"predecessor-version":[{"id":3976,"href":"https:\/\/www.feuerwehr-alsbach.de\/index.php?rest_route=\/wp\/v2\/pages\/2964\/revisions\/3976"}],"up":[{"embeddable":true,"href":"https:\/\/www.feuerwehr-alsbach.de\/index.php?rest_route=\/wp\/v2\/pages\/441"}],"wp:attachment":[{"href":"https:\/\/www.feuerwehr-alsbach.de\/index.php?rest_route=%2Fwp%2Fv2%2Fmedia&parent=2964"}],"curies":[{"name":"wp","href":"https:\/\/api.w.org\/{rel}","templated":true}]}}