{"id":1001,"date":"2020-01-11T14:54:50","date_gmt":"2020-01-11T13:54:50","guid":{"rendered":"https:\/\/test.feuerwehr-alsbach.de\/?page_id=1001"},"modified":"2020-02-22T14:10:30","modified_gmt":"2020-02-22T13:10:30","slug":"blog-ehren-und-altersabteilung","status":"publish","type":"page","link":"https:\/\/www.feuerwehr-alsbach.de\/?page_id=1001","title":{"rendered":"Blog Ehren- und Altersabteilung"},"content":{"rendered":"<div class=\"fusion-fullwidth fullwidth-box fusion-builder-row-1 nonhundred-percent-fullwidth non-hundred-percent-height-scrolling\" style=\"--awb-border-radius-top-left:0px;--awb-border-radius-top-right:0px;--awb-border-radius-bottom-right:0px;--awb-border-radius-bottom-left:0px;--awb-flex-wrap:wrap;\" ><div class=\"fusion-builder-row fusion-row\"><div class=\"fusion-layout-column fusion_builder_column fusion-builder-column-0 fusion_builder_column_1_1 1_1 fusion-one-full fusion-column-first fusion-column-last\" style=\"--awb-bg-size:cover;\"><div class=\"fusion-column-wrapper fusion-column-has-shadow fusion-flex-column-wrapper-legacy\"><div class=\"fusion-title title fusion-title-1 sep-underline sep-solid fusion-title-center fusion-title-text fusion-title-size-one\" style=\"--awb-margin-bottom:30px;--awb-margin-top-small:0px;--awb-margin-right-small:0px;--awb-margin-bottom-small:0px;--awb-margin-left-small:0px;\"><h1 class=\"fusion-title-heading title-heading-center\" style=\"margin:0;\"><p style=\"text-align: center;\"><i class=\"fb-icon-element-1 fb-icon-element fontawesome-icon fa-file-alt far circle-no fusion-text-flow\" style=\"--awb-iconcolor:#c60000;--awb-iconcolor-hover:#c60000;--awb-font-size:40px;--awb-margin-right:10px;--awb-margin-bottom:12px;\"><\/i>Blog Ehren- und Altersabteilung<\/p><\/h1><\/div><div class=\"fusion-blog-shortcode fusion-blog-shortcode-1 fusion-blog-archive fusion-blog-layout-medium fusion-blog-pagination\"><div class=\"fusion-posts-container fusion-posts-container-pagination fusion-blog-rollover\" data-pages=\"3\"><article id=\"blog-1-post-4242\" class=\"fusion-post-medium post-4242 post type-post status-publish format-standard has-post-thumbnail hentry category-blog-ehren-und-altersabteilung category-blog-einsatzabteilung category-blog-fanfarenzug category-blog-verein\">\n\t<style type=\"text\/css\">\n\t\t\n\t\t\n\t\t\n\t\t\n\t\t\t<\/style>\n\n\n\t\t\t<div class=\"fusion-flexslider flexslider fusion-flexslider-loading fusion-post-slideshow\" style=\"\">\n\t\t<ul class=\"slides\">\n\t\t\t\n\t\t\t\t\t\t\t\t\t\t\t\t\t\t<li><div  class=\"fusion-image-wrapper fusion-image-size-fixed\" aria-haspopup=\"true\">\n\t\t\t\t<img decoding=\"async\" width=\"320\" height=\"202\" src=\"https:\/\/www.feuerwehr-alsbach.de\/wp-content\/uploads\/2026\/02\/jhv2025-320x202.jpg\" class=\"attachment-blog-medium size-blog-medium wp-post-image\" alt=\"\" srcset=\"https:\/\/www.feuerwehr-alsbach.de\/wp-content\/uploads\/2026\/02\/jhv2025-320x202.jpg 320w, https:\/\/www.feuerwehr-alsbach.de\/wp-content\/uploads\/2026\/02\/jhv2025-700x441.jpg 700w\" sizes=\"(max-width: 320px) 100vw, 320px\" \/><div class=\"fusion-rollover\">\n\t<div class=\"fusion-rollover-content\">\n\n\t\t\t\t\t\t\t\t\t\t\t\t\t\t<a class=\"fusion-rollover-link\" href=\"https:\/\/www.feuerwehr-alsbach.de\/?p=4242\">Einladung zur Jahreshaupt- und Mitgliederversammlung 13.03.2026<\/a>\n\t\t\t\n\t\t\t\t\t\t\t\t\n\t\t\n\t\t\t\t\t\t\t\t\n\t\t\t\t\t\t\t\t\n\t\t\n\t\t\t\t\t\t<a class=\"fusion-link-wrapper\" href=\"https:\/\/www.feuerwehr-alsbach.de\/?p=4242\" aria-label=\"Einladung zur Jahreshaupt- und Mitgliederversammlung 13.03.2026\"><\/a>\n\t<\/div>\n<\/div>\n<\/div>\n<\/li>\n\t\t\t\n\t\t\t\n\t\t\t\t\t\t\t\t\t\t\t\t\t\t\t\t\t\t\t\t\t\t\t\t\t\t\t\t\t\t\t\t\t\t\t\t\t\t\t\t\t\t\t\t\t\t\t\t\t\t\t\t\t\t\t\t\t\t\t\t\t\t\t\t\t\t\t\t<\/ul>\n\t<\/div>\n\t<div class=\"fusion-post-content post-content\"><h2 class=\"blog-shortcode-post-title entry-title\"><a href=\"https:\/\/www.feuerwehr-alsbach.de\/?p=4242\">Einladung zur Jahreshaupt- und Mitgliederversammlung 13.03.2026<\/a><\/h2><div class=\"fusion-post-content-container\"><p>   Einladung zur Jahreshaupt- und Mitgliederversammlung am 13.03.2026  Sehr geehrte\/r Leserin\/Leser, liebe Mitglieder, hiermit laden wir Sie gem. \u00a7 15 der Gemeinde- und \u00a7 8 der neuen Vereinssatzung herzlich zu unseren JAHRESHAUPT- MITGLIEDERVERSAMMLUNGEN AM FREITAG, DEN 13.03.2026 UM 20:00 Uhr IM B\u00dcRGERHAUS ZUR SONNE HAUPTSTRASSE 26, ALSBACH ein. Nach \u00a7 8 Abs 1 der im September 2022 beschlossenen neuen Satzung haben alle Vereinsmitglieder (aktive und passive Mitglieder) [...]<\/p><\/div><\/div><div class=\"fusion-clearfix\"><\/div><div class=\"fusion-meta-info\"><div class=\"fusion-alignleft\"><span class=\"vcard\" style=\"display: none;\"><span class=\"fn\"><a href=\"https:\/\/www.feuerwehr-alsbach.de\/?author=1\" title=\"Beitr\u00e4ge von doerr_c\" rel=\"author\">doerr_c<\/a><\/span><\/span><span class=\"updated\" style=\"display:none;\">2026-02-23T17:38:18+01:00<\/span><span>Montag, 23. Februar 2026<\/span><span class=\"fusion-inline-sep\">|<\/span><\/div><div class=\"fusion-alignright\"><a class=\"fusion-read-more\" href=\"https:\/\/www.feuerwehr-alsbach.de\/?p=4242\" aria-label=\"More on Einladung zur Jahreshaupt- und Mitgliederversammlung 13.03.2026\">Weiterlesen<\/a><\/div><\/div><\/article>\n<article id=\"blog-1-post-4193\" class=\"fusion-post-medium post-4193 post type-post status-publish format-standard has-post-thumbnail hentry category-blog-ehren-und-altersabteilung category-blog-einsatzabteilung category-blog-fanfarenzug category-blog-verein\">\n\t<style type=\"text\/css\">\n\t\t\n\t\t\n\t\t\n\t\t\n\t\t\t<\/style>\n\n\n\t\t\t<div class=\"fusion-flexslider flexslider fusion-flexslider-loading fusion-post-slideshow\" style=\"\">\n\t\t<ul class=\"slides\">\n\t\t\t\n\t\t\t\t\t\t\t\t\t\t\t\t\t\t<li><div  class=\"fusion-image-wrapper fusion-image-size-fixed\" aria-haspopup=\"true\">\n\t\t\t\t<img decoding=\"async\" width=\"320\" height=\"202\" src=\"https:\/\/www.feuerwehr-alsbach.de\/wp-content\/uploads\/2025\/03\/einladung_jhv_2025-320x202.jpg\" class=\"attachment-blog-medium size-blog-medium wp-post-image\" alt=\"\" srcset=\"https:\/\/www.feuerwehr-alsbach.de\/wp-content\/uploads\/2025\/03\/einladung_jhv_2025-320x202.jpg 320w, https:\/\/www.feuerwehr-alsbach.de\/wp-content\/uploads\/2025\/03\/einladung_jhv_2025-700x441.jpg 700w\" sizes=\"(max-width: 320px) 100vw, 320px\" \/><div class=\"fusion-rollover\">\n\t<div class=\"fusion-rollover-content\">\n\n\t\t\t\t\t\t\t\t\t\t\t\t\t\t<a class=\"fusion-rollover-link\" href=\"https:\/\/www.feuerwehr-alsbach.de\/?p=4193\">Einladung zur Jahreshaupt- und Mitgliederversammlung 14.03.2025<\/a>\n\t\t\t\n\t\t\t\t\t\t\t\t\n\t\t\n\t\t\t\t\t\t\t\t\n\t\t\t\t\t\t\t\t\n\t\t\n\t\t\t\t\t\t<a class=\"fusion-link-wrapper\" href=\"https:\/\/www.feuerwehr-alsbach.de\/?p=4193\" aria-label=\"Einladung zur Jahreshaupt- und Mitgliederversammlung 14.03.2025\"><\/a>\n\t<\/div>\n<\/div>\n<\/div>\n<\/li>\n\t\t\t\n\t\t\t\n\t\t\t\t\t\t\t\t\t\t\t\t\t\t\t\t\t\t\t\t\t\t\t\t\t\t\t\t\t\t\t\t\t\t\t\t\t\t\t\t\t\t\t\t\t\t\t\t\t\t\t\t\t\t\t\t\t\t\t\t\t\t\t\t\t\t\t\t<\/ul>\n\t<\/div>\n\t<div class=\"fusion-post-content post-content\"><h2 class=\"blog-shortcode-post-title entry-title\"><a href=\"https:\/\/www.feuerwehr-alsbach.de\/?p=4193\">Einladung zur Jahreshaupt- und Mitgliederversammlung 14.03.2025<\/a><\/h2><div class=\"fusion-post-content-container\"><p>   Einladung zur Jahreshaupt- und Mitgliederversammlung am 14.03.2025  Sehr geehrte\/r Leserin\/Leser, liebe Mitglieder, hiermit laden wir Sie gem. \u00a7 15 der Gemeinde- und \u00a7 8 der neuen Vereinssatzung herzlich zu unseren JAHRESHAUPT- UND MITGLIEDERVERSAMMLUNG AM FREITAG, DEN 14.03.2025 UM 20:00 Uhr IM FEUERWEHRGER\u00c4TEHAUS FLORIANSWEG 2, ALSBACH ein. Alle Vereinsmitglieder (aktive und passive Mitglieder) haben ein Stimmrecht nach \u00a7 8 Abs 1 der im September 2022 beschlossenen neuen [...]<\/p><\/div><\/div><div class=\"fusion-clearfix\"><\/div><div class=\"fusion-meta-info\"><div class=\"fusion-alignleft\"><span class=\"vcard\" style=\"display: none;\"><span class=\"fn\"><a href=\"https:\/\/www.feuerwehr-alsbach.de\/?author=1\" title=\"Beitr\u00e4ge von doerr_c\" rel=\"author\">doerr_c<\/a><\/span><\/span><span class=\"updated\" style=\"display:none;\">2025-03-04T17:12:34+01:00<\/span><span>Dienstag, 4. M\u00e4rz 2025<\/span><span class=\"fusion-inline-sep\">|<\/span><\/div><div class=\"fusion-alignright\"><a class=\"fusion-read-more\" href=\"https:\/\/www.feuerwehr-alsbach.de\/?p=4193\" aria-label=\"More on Einladung zur Jahreshaupt- und Mitgliederversammlung 14.03.2025\">Weiterlesen<\/a><\/div><\/div><\/article>\n<article id=\"blog-1-post-4114\" class=\"fusion-post-medium post-4114 post type-post status-publish format-standard has-post-thumbnail hentry category-blog-ehren-und-altersabteilung category-blog-einsatzabteilung category-blog-fanfarenzug category-blog-verein\">\n\t<style type=\"text\/css\">\n\t\t\n\t\t\n\t\t\n\t\t\n\t\t\t<\/style>\n\n\n\t\t\t<div class=\"fusion-flexslider flexslider fusion-flexslider-loading fusion-post-slideshow\" style=\"\">\n\t\t<ul class=\"slides\">\n\t\t\t\n\t\t\t\t\t\t\t\t\t\t\t\t\t\t<li><div  class=\"fusion-image-wrapper fusion-image-size-fixed\" aria-haspopup=\"true\">\n\t\t\t\t<img decoding=\"async\" width=\"320\" height=\"202\" src=\"https:\/\/www.feuerwehr-alsbach.de\/wp-content\/uploads\/2024\/04\/jhv24_001-1-320x202.jpg\" class=\"attachment-blog-medium size-blog-medium wp-post-image\" alt=\"\" srcset=\"https:\/\/www.feuerwehr-alsbach.de\/wp-content\/uploads\/2024\/04\/jhv24_001-1-320x202.jpg 320w, https:\/\/www.feuerwehr-alsbach.de\/wp-content\/uploads\/2024\/04\/jhv24_001-1-700x441.jpg 700w\" sizes=\"(max-width: 320px) 100vw, 320px\" \/><div class=\"fusion-rollover\">\n\t<div class=\"fusion-rollover-content\">\n\n\t\t\t\t\t\t\t\t\t\t\t\t\t\t<a class=\"fusion-rollover-link\" href=\"https:\/\/www.feuerwehr-alsbach.de\/?p=4114\">Jahreshauptversammlung der Feuerwehr Alsbach<\/a>\n\t\t\t\n\t\t\t\t\t\t\t\t\n\t\t\n\t\t\t\t\t\t\t\t\n\t\t\t\t\t\t\t\t\n\t\t\n\t\t\t\t\t\t<a class=\"fusion-link-wrapper\" href=\"https:\/\/www.feuerwehr-alsbach.de\/?p=4114\" aria-label=\"Jahreshauptversammlung der Feuerwehr Alsbach\"><\/a>\n\t<\/div>\n<\/div>\n<\/div>\n<\/li>\n\t\t\t\n\t\t\t\n\t\t\t\t\t\t\t\t\t\t\t\t\t\t\t\t\t\t\t\t\t\t\t\t\t\t\t\t\t\t\t\t\t\t\t\t\t\t\t\t\t\t\t\t\t\t\t\t\t\t\t\t\t\t\t\t\t\t\t\t\t\t\t\t\t\t\t\t<\/ul>\n\t<\/div>\n\t<div class=\"fusion-post-content post-content\"><h2 class=\"blog-shortcode-post-title entry-title\"><a href=\"https:\/\/www.feuerwehr-alsbach.de\/?p=4114\">Jahreshauptversammlung der Feuerwehr Alsbach<\/a><\/h2><div class=\"fusion-post-content-container\"><p>   Jahreshauptversammlung der Feuerwehr Alsbach und Mitgliederversammlung des F\u00f6rdervereines  Wehrf\u00fchrer Carsten Illner und der F\u00f6rdervereinsvorsitzende J\u00f6rg Seeger begr\u00fc\u00dften die zahlreich anwesenden aktiven Kameraden und auch die interessierten G\u00e4ste. Zun\u00e4chst wurde den verstorbenen Kameraden, insbesondere dem langj\u00e4hrigen aktiven Kameraden der Feuerwehr, Mitglied des Fanfarenzuges und der Ehren- und Altersabteilung Helmut Hechler gedacht. In den Gru\u00dfworten versicherte B\u00fcrgermeister Sebastian Bubenzer weiterhin die Unterst\u00fctzung der Gemeinde und bedankte sich f\u00fcr [...]<\/p><\/div><\/div><div class=\"fusion-clearfix\"><\/div><div class=\"fusion-meta-info\"><div class=\"fusion-alignleft\"><span class=\"vcard\" style=\"display: none;\"><span class=\"fn\"><a href=\"https:\/\/www.feuerwehr-alsbach.de\/?author=1\" title=\"Beitr\u00e4ge von doerr_c\" rel=\"author\">doerr_c<\/a><\/span><\/span><span class=\"updated\" style=\"display:none;\">2024-04-05T10:28:25+02:00<\/span><span>Freitag, 5. April 2024<\/span><span class=\"fusion-inline-sep\">|<\/span><\/div><div class=\"fusion-alignright\"><a class=\"fusion-read-more\" href=\"https:\/\/www.feuerwehr-alsbach.de\/?p=4114\" aria-label=\"More on Jahreshauptversammlung der Feuerwehr Alsbach\">Weiterlesen<\/a><\/div><\/div><\/article>\n<article id=\"blog-1-post-4102\" class=\"fusion-post-medium post-4102 post type-post status-publish format-standard has-post-thumbnail hentry category-blog-ehren-und-altersabteilung category-blog-einsatzabteilung category-blog-fanfarenzug category-blog-jugendfeuerwehr category-blog-verein\">\n\t<style type=\"text\/css\">\n\t\t\n\t\t\n\t\t\n\t\t\n\t\t\t<\/style>\n\n\n\t\t\t<div class=\"fusion-flexslider flexslider fusion-flexslider-loading fusion-post-slideshow\" style=\"\">\n\t\t<ul class=\"slides\">\n\t\t\t\n\t\t\t\t\t\t\t\t\t\t\t\t\t\t<li><div  class=\"fusion-image-wrapper fusion-image-size-fixed\" aria-haspopup=\"true\">\n\t\t\t\t<img decoding=\"async\" width=\"320\" height=\"202\" src=\"https:\/\/www.feuerwehr-alsbach.de\/wp-content\/uploads\/2024\/04\/jf_sport24-320x202.jpg\" class=\"attachment-blog-medium size-blog-medium wp-post-image\" alt=\"\" srcset=\"https:\/\/www.feuerwehr-alsbach.de\/wp-content\/uploads\/2024\/04\/jf_sport24-320x202.jpg 320w, https:\/\/www.feuerwehr-alsbach.de\/wp-content\/uploads\/2024\/04\/jf_sport24-700x441.jpg 700w\" sizes=\"(max-width: 320px) 100vw, 320px\" \/><div class=\"fusion-rollover\">\n\t<div class=\"fusion-rollover-content\">\n\n\t\t\t\t\t\t\t\t\t\t\t\t\t\t<a class=\"fusion-rollover-link\" href=\"https:\/\/www.feuerwehr-alsbach.de\/?p=4102\">Sportliche Begegnung und Jahreshauptversammlungen<\/a>\n\t\t\t\n\t\t\t\t\t\t\t\t\n\t\t\n\t\t\t\t\t\t\t\t\n\t\t\t\t\t\t\t\t\n\t\t\n\t\t\t\t\t\t<a class=\"fusion-link-wrapper\" href=\"https:\/\/www.feuerwehr-alsbach.de\/?p=4102\" aria-label=\"Sportliche Begegnung und Jahreshauptversammlungen\"><\/a>\n\t<\/div>\n<\/div>\n<\/div>\n<\/li>\n\t\t\t\n\t\t\t\n\t\t\t\t\t\t\t\t\t\t\t\t\t\t\t\t\t\t\t\t\t\t\t\t\t\t\t\t\t\t\t\t\t\t\t\t\t\t\t\t\t\t\t\t\t\t\t\t\t\t\t\t\t\t\t\t\t\t\t\t\t\t\t\t\t\t\t\t<\/ul>\n\t<\/div>\n\t<div class=\"fusion-post-content post-content\"><h2 class=\"blog-shortcode-post-title entry-title\"><a href=\"https:\/\/www.feuerwehr-alsbach.de\/?p=4102\">Sportliche Begegnung und Jahreshauptversammlungen<\/a><\/h2><div class=\"fusion-post-content-container\"><p>   Sportliche Begegnung und Jahreshauptversammlungen  Am 16.03. nahm unsere Jugendfeuerwehr bei der sportlichen Begegnung in Jugenheim teil. In Turnieren wurde dort, dass aus der Schule bekannte, V\u00f6lkerball gespielt. Die Mannschaft Alsbach, konnte den 7. Platz belegen. Von H\u00e4hnlein traten sogar zwei Mannschaften an. Die Gruppe 1 erreichte den 4. Platz, w\u00e4hrend die zweite Gruppe den 9. Platz belegte. Dazu gratulieren wir allen nochmal ganz herzlich! Au\u00dferdem wurden [...]<\/p><\/div><\/div><div class=\"fusion-clearfix\"><\/div><div class=\"fusion-meta-info\"><div class=\"fusion-alignleft\"><span class=\"vcard\" style=\"display: none;\"><span class=\"fn\"><a href=\"https:\/\/www.feuerwehr-alsbach.de\/?author=1\" title=\"Beitr\u00e4ge von doerr_c\" rel=\"author\">doerr_c<\/a><\/span><\/span><span class=\"updated\" style=\"display:none;\">2024-04-05T10:18:53+02:00<\/span><span>Dienstag, 19. M\u00e4rz 2024<\/span><span class=\"fusion-inline-sep\">|<\/span><\/div><div class=\"fusion-alignright\"><a class=\"fusion-read-more\" href=\"https:\/\/www.feuerwehr-alsbach.de\/?p=4102\" aria-label=\"More on Sportliche Begegnung und Jahreshauptversammlungen\">Weiterlesen<\/a><\/div><\/div><\/article>\n<article id=\"blog-1-post-4058\" class=\"fusion-post-medium post-4058 post type-post status-publish format-standard has-post-thumbnail hentry category-blog-ehren-und-altersabteilung category-blog-fanfarenzug category-blog-verein\">\n\t<style type=\"text\/css\">\n\t\t\n\t\t\n\t\t\n\t\t\n\t\t\t<\/style>\n\n\n\t\t\t<div class=\"fusion-flexslider flexslider fusion-flexslider-loading fusion-post-slideshow\" style=\"\">\n\t\t<ul class=\"slides\">\n\t\t\t\n\t\t\t\t\t\t\t\t\t\t\t\t\t\t<li><div  class=\"fusion-image-wrapper fusion-image-size-fixed\" aria-haspopup=\"true\">\n\t\t\t\t<img decoding=\"async\" width=\"320\" height=\"202\" src=\"https:\/\/www.feuerwehr-alsbach.de\/wp-content\/uploads\/2024\/02\/traueranzeige_gerfelder2-320x202.jpg\" class=\"attachment-blog-medium size-blog-medium wp-post-image\" alt=\"\" srcset=\"https:\/\/www.feuerwehr-alsbach.de\/wp-content\/uploads\/2024\/02\/traueranzeige_gerfelder2-320x202.jpg 320w, https:\/\/www.feuerwehr-alsbach.de\/wp-content\/uploads\/2024\/02\/traueranzeige_gerfelder2-700x441.jpg 700w\" sizes=\"(max-width: 320px) 100vw, 320px\" \/><div class=\"fusion-rollover\">\n\t<div class=\"fusion-rollover-content\">\n\n\t\t\t\t\t\t\t\t\t\t\t\t\t\t<a class=\"fusion-rollover-link\" href=\"https:\/\/www.feuerwehr-alsbach.de\/?p=4058\">Feuerwehr Alsbach trauert um G\u00fcnther Gerfelder<\/a>\n\t\t\t\n\t\t\t\t\t\t\t\t\n\t\t\n\t\t\t\t\t\t\t\t\n\t\t\t\t\t\t\t\t\n\t\t\n\t\t\t\t\t\t<a class=\"fusion-link-wrapper\" href=\"https:\/\/www.feuerwehr-alsbach.de\/?p=4058\" aria-label=\"Feuerwehr Alsbach trauert um G\u00fcnther Gerfelder\"><\/a>\n\t<\/div>\n<\/div>\n<\/div>\n<\/li>\n\t\t\t\n\t\t\t\n\t\t\t\t\t\t\t\t\t\t\t\t\t\t\t\t\t\t\t\t\t\t\t\t\t\t\t\t\t\t\t\t\t\t\t\t\t\t\t\t\t\t\t\t\t\t\t\t\t\t\t\t\t\t\t\t\t\t\t\t\t\t\t\t\t\t\t\t<\/ul>\n\t<\/div>\n\t<div class=\"fusion-post-content post-content\"><h2 class=\"blog-shortcode-post-title entry-title\"><a href=\"https:\/\/www.feuerwehr-alsbach.de\/?p=4058\">Feuerwehr Alsbach trauert um G\u00fcnther Gerfelder<\/a><\/h2><div class=\"fusion-post-content-container\"><p>   <\/p><\/div><\/div><div class=\"fusion-clearfix\"><\/div><div class=\"fusion-meta-info\"><div class=\"fusion-alignleft\"><span class=\"vcard\" style=\"display: none;\"><span class=\"fn\"><a href=\"https:\/\/www.feuerwehr-alsbach.de\/?author=1\" title=\"Beitr\u00e4ge von doerr_c\" rel=\"author\">doerr_c<\/a><\/span><\/span><span class=\"updated\" style=\"display:none;\">2024-03-01T14:06:09+01:00<\/span><span>Freitag, 1. M\u00e4rz 2024<\/span><span class=\"fusion-inline-sep\">|<\/span><\/div><div class=\"fusion-alignright\"><a class=\"fusion-read-more\" href=\"https:\/\/www.feuerwehr-alsbach.de\/?p=4058\" aria-label=\"More on Feuerwehr Alsbach trauert um G\u00fcnther Gerfelder\">Weiterlesen<\/a><\/div><\/div><\/article>\n<article id=\"blog-1-post-4026\" class=\"fusion-post-medium post-4026 post type-post status-publish format-standard has-post-thumbnail hentry category-blog-ehren-und-altersabteilung\">\n\t<style type=\"text\/css\">\n\t\t\n\t\t\n\t\t\n\t\t\n\t\t\t<\/style>\n\n\n\t\t\t<div class=\"fusion-flexslider flexslider fusion-flexslider-loading fusion-post-slideshow\" style=\"\">\n\t\t<ul class=\"slides\">\n\t\t\t\n\t\t\t\t\t\t\t\t\t\t\t\t\t\t<li><div  class=\"fusion-image-wrapper fusion-image-size-fixed\" aria-haspopup=\"true\">\n\t\t\t\t<img decoding=\"async\" width=\"262\" height=\"202\" src=\"https:\/\/www.feuerwehr-alsbach.de\/wp-content\/uploads\/2024\/02\/text-262x202.png\" class=\"attachment-blog-medium size-blog-medium wp-post-image\" alt=\"\" \/><div class=\"fusion-rollover\">\n\t<div class=\"fusion-rollover-content\">\n\n\t\t\t\t\t\t\t\t\t\t\t\t\t\t<a class=\"fusion-rollover-link\" href=\"https:\/\/www.feuerwehr-alsbach.de\/?p=4026\">Jahresbericht der Ehren- und Altersabteilung f\u00fcr das Jahr 2023<\/a>\n\t\t\t\n\t\t\t\t\t\t\t\t\n\t\t\n\t\t\t\t\t\t\t\t\n\t\t\t\t\t\t\t\t\n\t\t\n\t\t\t\t\t\t<a class=\"fusion-link-wrapper\" href=\"https:\/\/www.feuerwehr-alsbach.de\/?p=4026\" aria-label=\"Jahresbericht der Ehren- und Altersabteilung f\u00fcr das Jahr 2023\"><\/a>\n\t<\/div>\n<\/div>\n<\/div>\n<\/li>\n\t\t\t\n\t\t\t\n\t\t\t\t\t\t\t\t\t\t\t\t\t\t\t\t\t\t\t\t\t\t\t\t\t\t\t\t\t\t\t\t\t\t\t\t\t\t\t\t\t\t\t\t\t\t\t\t\t\t\t\t\t\t\t\t\t\t\t\t\t\t\t\t\t\t\t\t<\/ul>\n\t<\/div>\n\t<div class=\"fusion-post-content post-content\"><h2 class=\"blog-shortcode-post-title entry-title\"><a href=\"https:\/\/www.feuerwehr-alsbach.de\/?p=4026\">Jahresbericht der Ehren- und Altersabteilung f\u00fcr das Jahr 2023<\/a><\/h2><div class=\"fusion-post-content-container\"><p> Jahresbericht der Ehren- und Altersabteilung f\u00fcr das Jahr 2023  Die Ehren- und Altersabteilung traf sich 2023 insgesamt 9-mal an jedem dritten Freitag im Monat zum geselligen Beisammen in der Gastst\u00e4tte \u201eZum Pferdestall\u201c. Des Weiteren wurden noch folgende Veranstaltungen besucht: 24.03.23 Hauptversammlung im Ger\u00e4tehaus 13.05.23 Besichtigung Feuerwehrmuseum Feuerwehr Lorsch 11.07.23 Fr\u00fchschoppen der E&amp;A des Kreises DA-DI in M\u00fcnster 14.08.23 Grillen am Ger\u00e4tehaus 30.08.23 Treffen zum Fr\u00fchschoppen mit den Kameraden [...]<\/p><\/div><\/div><div class=\"fusion-clearfix\"><\/div><div class=\"fusion-meta-info\"><div class=\"fusion-alignleft\"><span class=\"vcard\" style=\"display: none;\"><span class=\"fn\"><a href=\"https:\/\/www.feuerwehr-alsbach.de\/?author=1\" title=\"Beitr\u00e4ge von doerr_c\" rel=\"author\">doerr_c<\/a><\/span><\/span><span class=\"updated\" style=\"display:none;\">2024-02-11T18:59:33+01:00<\/span><span>Sonntag, 11. Februar 2024<\/span><span class=\"fusion-inline-sep\">|<\/span><\/div><div class=\"fusion-alignright\"><a class=\"fusion-read-more\" href=\"https:\/\/www.feuerwehr-alsbach.de\/?p=4026\" aria-label=\"More on Jahresbericht der Ehren- und Altersabteilung f\u00fcr das Jahr 2023\">Weiterlesen<\/a><\/div><\/div><\/article>\n<\/div><div class=\"pagination clearfix\"><span class=\"current\">1<\/span><a href=\"https:\/\/www.feuerwehr-alsbach.de\/index.php?rest_route=%2Fwp%2Fv2%2Fpages%2F1001&#038;paged=2\" class=\"inactive\">2<\/a><a class=\"pagination-next\" rel=\"next\" href=\"https:\/\/www.feuerwehr-alsbach.de\/index.php?rest_route=%2Fwp%2Fv2%2Fpages%2F1001&#038;paged=2\"><span class=\"page-text\">Vor<\/span><span class=\"page-next\"><\/span><\/a><\/div><div class=\"fusion-clearfix\"><\/div><\/div><div class=\"fusion-clearfix\"><\/div><\/div><\/div><\/div><\/div>\n","protected":false},"excerpt":{"rendered":"","protected":false},"author":1,"featured_media":0,"parent":465,"menu_order":0,"comment_status":"closed","ping_status":"closed","template":"","meta":{"footnotes":""},"class_list":["post-1001","page","type-page","status-publish","hentry"],"_links":{"self":[{"href":"https:\/\/www.feuerwehr-alsbach.de\/index.php?rest_route=\/wp\/v2\/pages\/1001","targetHints":{"allow":["GET"]}}],"collection":[{"href":"https:\/\/www.feuerwehr-alsbach.de\/index.php?rest_route=\/wp\/v2\/pages"}],"about":[{"href":"https:\/\/www.feuerwehr-alsbach.de\/index.php?rest_route=\/wp\/v2\/types\/page"}],"author":[{"embeddable":true,"href":"https:\/\/www.feuerwehr-alsbach.de\/index.php?rest_route=\/wp\/v2\/users\/1"}],"replies":[{"embeddable":true,"href":"https:\/\/www.feuerwehr-alsbach.de\/index.php?rest_route=%2Fwp%2Fv2%2Fcomments&post=1001"}],"version-history":[{"count":6,"href":"https:\/\/www.feuerwehr-alsbach.de\/index.php?rest_route=\/wp\/v2\/pages\/1001\/revisions"}],"predecessor-version":[{"id":1533,"href":"https:\/\/www.feuerwehr-alsbach.de\/index.php?rest_route=\/wp\/v2\/pages\/1001\/revisions\/1533"}],"up":[{"embeddable":true,"href":"https:\/\/www.feuerwehr-alsbach.de\/index.php?rest_route=\/wp\/v2\/pages\/465"}],"wp:attachment":[{"href":"https:\/\/www.feuerwehr-alsbach.de\/index.php?rest_route=%2Fwp%2Fv2%2Fmedia&parent=1001"}],"curies":[{"name":"wp","href":"https:\/\/api.w.org\/{rel}","templated":true}]}}